{"id":3030,"date":"2024-08-02T19:48:23","date_gmt":"2024-08-02T17:48:23","guid":{"rendered":"https:\/\/art-bijoux.com\/?post_type=product&#038;p=3030"},"modified":"2024-12-31T13:04:12","modified_gmt":"2024-12-31T12:04:12","slug":"pendentif-verre-metallise-rose-dore-papillon","status":"publish","type":"product","link":"https:\/\/art-bijoux.com\/en\/boutique\/pendentif-verre-metallise-rose-dore-papillon\/","title":{"rendered":"Pendentif en Verre M\u00e9tallis\u00e9 Rose et Dor\u00e9 avec un Papillon en Pierre"},"content":{"rendered":"<figure id=\"attachment_3018\" aria-describedby=\"caption-attachment-3018\" style=\"width: 300px\" class=\"wp-caption alignleft\"><img fetchpriority=\"high\" decoding=\"async\" class=\"size-medium wp-image-3018\" src=\"https:\/\/art-bijoux.com\/wp-content\/uploads\/2024\/08\/Pendentif-carre-dichroique-papillon-vert-clair-300x300.webp\" alt=\"Pendentif carr\u00e9 en verre dichro\u00efque argent\u00e9 et rose, sur verre orange semi-transparent. Une breloque repr\u00e9sentant un papillon en aventurine\" width=\"300\" height=\"300\" srcset=\"https:\/\/art-bijoux.com\/wp-content\/uploads\/2024\/08\/Pendentif-carre-dichroique-papillon-vert-clair-300x300.webp 300w, https:\/\/art-bijoux.com\/wp-content\/uploads\/2024\/08\/Pendentif-carre-dichroique-papillon-vert-clair-150x150.webp 150w, https:\/\/art-bijoux.com\/wp-content\/uploads\/2024\/08\/Pendentif-carre-dichroique-papillon-vert-clair-768x768.webp 768w, https:\/\/art-bijoux.com\/wp-content\/uploads\/2024\/08\/Pendentif-carre-dichroique-papillon-vert-clair-600x600.webp 600w, https:\/\/art-bijoux.com\/wp-content\/uploads\/2024\/08\/Pendentif-carre-dichroique-papillon-vert-clair-100x100.webp 100w, https:\/\/art-bijoux.com\/wp-content\/uploads\/2024\/08\/Pendentif-carre-dichroique-papillon-vert-clair.webp 800w\" sizes=\"(max-width: 300px) 100vw, 300px\" \/><figcaption id=\"caption-attachment-3018\" class=\"wp-caption-text\">Pendentif carr\u00e9 en verre dichro\u00efque argent\u00e9 et rose, sur verre orange semi-transparent. Une breloque repr\u00e9sentant un papillon en aventurine<\/figcaption><\/figure>\n<p>Ce pendentif est un rectangle en verre dichro\u00efque aux reflets m\u00e9talliques rose et dor\u00e9, fondu sur un rectangle l\u00e9g\u00e8rement plus grand de verre orange semi-transparent. La surface est brillante, change de reflets selon l&#8217;\u00e9clairage et est pliss\u00e9e, ajoutant de la texture et un int\u00e9r\u00eat visuel captivant.<\/p>\n<p>Un anneau en U a \u00e9t\u00e9 fondu entre les deux couches de verre et y est solidement maintenu, permettant de passer une cha\u00eene ou un lacet pour porter le pendentif.<\/p>\n<p>Pour une touche de d\u00e9licatesse et de nature, une breloque repr\u00e9sentant un papillon \u00e0 quatre ailes en aventurine, dont la symbolique est <span class=\"BxUVEf ILfuVd\" lang=\"fr\"><span class=\"hgKElc\">la paix et l&#8217;\u00e9quilibre, <\/span><\/span>a \u00e9t\u00e9 solidement fix\u00e9e \u00e0 un anneau soud\u00e9, ajoutant une dimension \u00e9l\u00e9gante et po\u00e9tique \u00e0 ce bijou unique.<\/p>\n<p>Caract\u00e9ristiques :<\/p>\n<ul>\n<li>Dimensions : largeur: 3,1cmx hauteur: 3,9cm<\/li>\n<li>Verre dichro\u00efque rose et dor\u00e9 m\u00e9tallique, brillant et pliss\u00e9<\/li>\n<li>Anneau en U fondu entre les couches de verre pour la suspension<\/li>\n<li>Breloque en pierre repr\u00e9sentant un papillon \u00e0 quatre ailes en m\u00e9tal, fix\u00e9e \u00e0 un anneau soud\u00e9<\/li>\n<li>Surface changeante avec des reflets m\u00e9talliques en fonction de l&#8217;\u00e9clairage<\/li>\n<\/ul>\n<p>Ce pendentif unique marie l&#8217;\u00e9l\u00e9gance du verre dichro\u00efque et la l\u00e9g\u00e8ret\u00e9 d&#8217;un motif naturel, offrant un bijou qui est \u00e0 la fois sophistiqu\u00e9 et enchanteur, parfait pour ceux qui aiment les pi\u00e8ces originales et raffin\u00e9es.<\/p>\n","protected":false},"excerpt":{"rendered":"<p>Pendentif rectangulaire en verre dichro\u00efque rose et dor\u00e9 m\u00e9tallique, sur un carr\u00e9 orange semi transparent. Une breloque papillon \u00e0 4 ailes.<\/p>\n","protected":false},"featured_media":3018,"comment_status":"open","ping_status":"closed","template":"","meta":[],"product_brand":[],"product_cat":[176,182],"product_tag":[29,49,26],"class_list":{"0":"post-3030","1":"product","2":"type-product","3":"status-publish","4":"has-post-thumbnail","6":"product_cat-breloque-bijou-verre","7":"product_cat-pendentif-fusing","8":"product_tag-breloque-metal-pierre","9":"product_tag-fusing-verre","10":"product_tag-pendentif-verre","11":"pa_bijou-pendentif","12":"pa_breloque-papillon-en-pierre","14":"first","15":"outofstock","16":"purchasable","17":"product-type-simple"},"yoast_head":"<!-- This site is optimized with the Yoast SEO plugin v27.4 - https:\/\/yoast.com\/product\/yoast-seo-wordpress\/ -->\n<title>Pendentif en Verre M\u00e9tallis\u00e9 Rose et Dor\u00e9 avec un Papillon en Pierre - art-bijoux<\/title>\n<meta name=\"description\" content=\"Pendentif rectangulaire en verre dichro\u00efque rose et dor\u00e9 m\u00e9tallique, sur un carr\u00e9 orange semi transparent. Une breloque papillon \u00e0 4 ailes.\" \/>\n<meta name=\"robots\" content=\"index, follow, max-snippet:-1, max-image-preview:large, max-video-preview:-1\" \/>\n<link rel=\"canonical\" href=\"https:\/\/art-bijoux.com\/en\/boutique\/pendentif-verre-metallise-rose-dore-papillon\/\" \/>\n<meta property=\"og:locale\" content=\"en_US\" \/>\n<meta property=\"og:type\" content=\"article\" \/>\n<meta property=\"og:title\" content=\"Pendentif en Verre M\u00e9tallis\u00e9 Rose et Dor\u00e9 avec un Papillon en Pierre - art-bijoux\" \/>\n<meta property=\"og:description\" content=\"Pendentif rectangulaire en verre dichro\u00efque rose et dor\u00e9 m\u00e9tallique, sur un carr\u00e9 orange semi transparent. Une breloque papillon \u00e0 4 ailes.\" \/>\n<meta property=\"og:url\" content=\"https:\/\/art-bijoux.com\/en\/boutique\/pendentif-verre-metallise-rose-dore-papillon\/\" \/>\n<meta property=\"og:site_name\" content=\"art-bijoux\" \/>\n<meta property=\"article:modified_time\" content=\"2024-12-31T12:04:12+00:00\" \/>\n<meta property=\"og:image\" content=\"https:\/\/art-bijoux.com\/wp-content\/uploads\/2024\/08\/Pendentif-carre-dichroique-papillon-vert-clair.webp\" \/>\n\t<meta property=\"og:image:width\" content=\"800\" \/>\n\t<meta property=\"og:image:height\" content=\"800\" \/>\n\t<meta property=\"og:image:type\" content=\"image\/webp\" \/>\n<meta name=\"twitter:card\" content=\"summary_large_image\" \/>\n<meta name=\"twitter:label1\" content=\"Est. reading time\" \/>\n\t<meta name=\"twitter:data1\" content=\"2 minutes\" \/>\n<script type=\"application\/ld+json\" class=\"yoast-schema-graph\">{\"@context\":\"https:\\\/\\\/schema.org\",\"@graph\":[{\"@type\":\"WebPage\",\"@id\":\"https:\\\/\\\/art-bijoux.com\\\/en\\\/boutique\\\/pendentif-verre-metallise-rose-dore-papillon\\\/\",\"url\":\"https:\\\/\\\/art-bijoux.com\\\/en\\\/boutique\\\/pendentif-verre-metallise-rose-dore-papillon\\\/\",\"name\":\"Pendentif en Verre M\u00e9tallis\u00e9 Rose et Dor\u00e9 avec un Papillon en Pierre - art-bijoux\",\"isPartOf\":{\"@id\":\"https:\\\/\\\/art-bijoux.com\\\/en\\\/#website\"},\"primaryImageOfPage\":{\"@id\":\"https:\\\/\\\/art-bijoux.com\\\/en\\\/boutique\\\/pendentif-verre-metallise-rose-dore-papillon\\\/#primaryimage\"},\"image\":{\"@id\":\"https:\\\/\\\/art-bijoux.com\\\/en\\\/boutique\\\/pendentif-verre-metallise-rose-dore-papillon\\\/#primaryimage\"},\"thumbnailUrl\":\"https:\\\/\\\/art-bijoux.com\\\/wp-content\\\/uploads\\\/2024\\\/08\\\/Pendentif-carre-dichroique-papillon-vert-clair.webp\",\"datePublished\":\"2024-08-02T17:48:23+00:00\",\"dateModified\":\"2024-12-31T12:04:12+00:00\",\"description\":\"Pendentif rectangulaire en verre dichro\u00efque rose et dor\u00e9 m\u00e9tallique, sur un carr\u00e9 orange semi transparent. Une breloque papillon \u00e0 4 ailes.\",\"breadcrumb\":{\"@id\":\"https:\\\/\\\/art-bijoux.com\\\/en\\\/boutique\\\/pendentif-verre-metallise-rose-dore-papillon\\\/#breadcrumb\"},\"inLanguage\":\"en-US\",\"potentialAction\":[{\"@type\":\"ReadAction\",\"target\":[\"https:\\\/\\\/art-bijoux.com\\\/en\\\/boutique\\\/pendentif-verre-metallise-rose-dore-papillon\\\/\"]}]},{\"@type\":\"ImageObject\",\"inLanguage\":\"en-US\",\"@id\":\"https:\\\/\\\/art-bijoux.com\\\/en\\\/boutique\\\/pendentif-verre-metallise-rose-dore-papillon\\\/#primaryimage\",\"url\":\"https:\\\/\\\/art-bijoux.com\\\/wp-content\\\/uploads\\\/2024\\\/08\\\/Pendentif-carre-dichroique-papillon-vert-clair.webp\",\"contentUrl\":\"https:\\\/\\\/art-bijoux.com\\\/wp-content\\\/uploads\\\/2024\\\/08\\\/Pendentif-carre-dichroique-papillon-vert-clair.webp\",\"width\":800,\"height\":800,\"caption\":\"Pendentif carr\u00e9 en verre dichro\u00efque argent\u00e9 et rose, sur verre orange semi-transparent. Une breloque repr\u00e9sentant un papillon en aventurine\"},{\"@type\":\"BreadcrumbList\",\"@id\":\"https:\\\/\\\/art-bijoux.com\\\/en\\\/boutique\\\/pendentif-verre-metallise-rose-dore-papillon\\\/#breadcrumb\",\"itemListElement\":[{\"@type\":\"ListItem\",\"position\":1,\"name\":\"Accueil\",\"item\":\"https:\\\/\\\/art-bijoux.com\\\/en\\\/home\\\/\"},{\"@type\":\"ListItem\",\"position\":2,\"name\":\"Shop\",\"item\":\"https:\\\/\\\/art-bijoux.com\\\/en\\\/shop\\\/\"},{\"@type\":\"ListItem\",\"position\":3,\"name\":\"Pendentif en Verre M\u00e9tallis\u00e9 Rose et Dor\u00e9 avec un Papillon en Pierre\"}]},{\"@type\":\"WebSite\",\"@id\":\"https:\\\/\\\/art-bijoux.com\\\/en\\\/#website\",\"url\":\"https:\\\/\\\/art-bijoux.com\\\/en\\\/\",\"name\":\"art-bijoux\",\"description\":\"Osez porter \\\/ offrir un vitrail unique \u00e0 prix abordable\",\"publisher\":{\"@id\":\"https:\\\/\\\/art-bijoux.com\\\/en\\\/#organization\"},\"potentialAction\":[{\"@type\":\"SearchAction\",\"target\":{\"@type\":\"EntryPoint\",\"urlTemplate\":\"https:\\\/\\\/art-bijoux.com\\\/en\\\/?s={search_term_string}\"},\"query-input\":{\"@type\":\"PropertyValueSpecification\",\"valueRequired\":true,\"valueName\":\"search_term_string\"}}],\"inLanguage\":\"en-US\"},{\"@type\":\"Organization\",\"@id\":\"https:\\\/\\\/art-bijoux.com\\\/en\\\/#organization\",\"name\":\"art-bijoux\",\"url\":\"https:\\\/\\\/art-bijoux.com\\\/en\\\/\",\"logo\":{\"@type\":\"ImageObject\",\"inLanguage\":\"en-US\",\"@id\":\"https:\\\/\\\/art-bijoux.com\\\/en\\\/#\\\/schema\\\/logo\\\/image\\\/\",\"url\":\"https:\\\/\\\/art-bijoux.com\\\/wp-content\\\/uploads\\\/2024\\\/06\\\/Art-Bijoux-Logo-Small.png\",\"contentUrl\":\"https:\\\/\\\/art-bijoux.com\\\/wp-content\\\/uploads\\\/2024\\\/06\\\/Art-Bijoux-Logo-Small.png\",\"width\":722,\"height\":137,\"caption\":\"art-bijoux\"},\"image\":{\"@id\":\"https:\\\/\\\/art-bijoux.com\\\/en\\\/#\\\/schema\\\/logo\\\/image\\\/\"}}]}<\/script>\n<!-- \/ Yoast SEO plugin. -->","yoast_head_json":{"title":"Pendentif en Verre M\u00e9tallis\u00e9 Rose et Dor\u00e9 avec un Papillon en Pierre - art-bijoux","description":"Pendentif rectangulaire en verre dichro\u00efque rose et dor\u00e9 m\u00e9tallique, sur un carr\u00e9 orange semi transparent. Une breloque papillon \u00e0 4 ailes.","robots":{"index":"index","follow":"follow","max-snippet":"max-snippet:-1","max-image-preview":"max-image-preview:large","max-video-preview":"max-video-preview:-1"},"canonical":"https:\/\/art-bijoux.com\/en\/boutique\/pendentif-verre-metallise-rose-dore-papillon\/","og_locale":"en_US","og_type":"article","og_title":"Pendentif en Verre M\u00e9tallis\u00e9 Rose et Dor\u00e9 avec un Papillon en Pierre - art-bijoux","og_description":"Pendentif rectangulaire en verre dichro\u00efque rose et dor\u00e9 m\u00e9tallique, sur un carr\u00e9 orange semi transparent. Une breloque papillon \u00e0 4 ailes.","og_url":"https:\/\/art-bijoux.com\/en\/boutique\/pendentif-verre-metallise-rose-dore-papillon\/","og_site_name":"art-bijoux","article_modified_time":"2024-12-31T12:04:12+00:00","og_image":[{"width":800,"height":800,"url":"https:\/\/art-bijoux.com\/wp-content\/uploads\/2024\/08\/Pendentif-carre-dichroique-papillon-vert-clair.webp","type":"image\/webp"}],"twitter_card":"summary_large_image","twitter_misc":{"Est. reading time":"2 minutes"},"schema":{"@context":"https:\/\/schema.org","@graph":[{"@type":"WebPage","@id":"https:\/\/art-bijoux.com\/en\/boutique\/pendentif-verre-metallise-rose-dore-papillon\/","url":"https:\/\/art-bijoux.com\/en\/boutique\/pendentif-verre-metallise-rose-dore-papillon\/","name":"Pendentif en Verre M\u00e9tallis\u00e9 Rose et Dor\u00e9 avec un Papillon en Pierre - art-bijoux","isPartOf":{"@id":"https:\/\/art-bijoux.com\/en\/#website"},"primaryImageOfPage":{"@id":"https:\/\/art-bijoux.com\/en\/boutique\/pendentif-verre-metallise-rose-dore-papillon\/#primaryimage"},"image":{"@id":"https:\/\/art-bijoux.com\/en\/boutique\/pendentif-verre-metallise-rose-dore-papillon\/#primaryimage"},"thumbnailUrl":"https:\/\/art-bijoux.com\/wp-content\/uploads\/2024\/08\/Pendentif-carre-dichroique-papillon-vert-clair.webp","datePublished":"2024-08-02T17:48:23+00:00","dateModified":"2024-12-31T12:04:12+00:00","description":"Pendentif rectangulaire en verre dichro\u00efque rose et dor\u00e9 m\u00e9tallique, sur un carr\u00e9 orange semi transparent. Une breloque papillon \u00e0 4 ailes.","breadcrumb":{"@id":"https:\/\/art-bijoux.com\/en\/boutique\/pendentif-verre-metallise-rose-dore-papillon\/#breadcrumb"},"inLanguage":"en-US","potentialAction":[{"@type":"ReadAction","target":["https:\/\/art-bijoux.com\/en\/boutique\/pendentif-verre-metallise-rose-dore-papillon\/"]}]},{"@type":"ImageObject","inLanguage":"en-US","@id":"https:\/\/art-bijoux.com\/en\/boutique\/pendentif-verre-metallise-rose-dore-papillon\/#primaryimage","url":"https:\/\/art-bijoux.com\/wp-content\/uploads\/2024\/08\/Pendentif-carre-dichroique-papillon-vert-clair.webp","contentUrl":"https:\/\/art-bijoux.com\/wp-content\/uploads\/2024\/08\/Pendentif-carre-dichroique-papillon-vert-clair.webp","width":800,"height":800,"caption":"Pendentif carr\u00e9 en verre dichro\u00efque argent\u00e9 et rose, sur verre orange semi-transparent. Une breloque repr\u00e9sentant un papillon en aventurine"},{"@type":"BreadcrumbList","@id":"https:\/\/art-bijoux.com\/en\/boutique\/pendentif-verre-metallise-rose-dore-papillon\/#breadcrumb","itemListElement":[{"@type":"ListItem","position":1,"name":"Accueil","item":"https:\/\/art-bijoux.com\/en\/home\/"},{"@type":"ListItem","position":2,"name":"Shop","item":"https:\/\/art-bijoux.com\/en\/shop\/"},{"@type":"ListItem","position":3,"name":"Pendentif en Verre M\u00e9tallis\u00e9 Rose et Dor\u00e9 avec un Papillon en Pierre"}]},{"@type":"WebSite","@id":"https:\/\/art-bijoux.com\/en\/#website","url":"https:\/\/art-bijoux.com\/en\/","name":"art-bijoux","description":"Osez porter \/ offrir un vitrail unique \u00e0 prix abordable","publisher":{"@id":"https:\/\/art-bijoux.com\/en\/#organization"},"potentialAction":[{"@type":"SearchAction","target":{"@type":"EntryPoint","urlTemplate":"https:\/\/art-bijoux.com\/en\/?s={search_term_string}"},"query-input":{"@type":"PropertyValueSpecification","valueRequired":true,"valueName":"search_term_string"}}],"inLanguage":"en-US"},{"@type":"Organization","@id":"https:\/\/art-bijoux.com\/en\/#organization","name":"art-bijoux","url":"https:\/\/art-bijoux.com\/en\/","logo":{"@type":"ImageObject","inLanguage":"en-US","@id":"https:\/\/art-bijoux.com\/en\/#\/schema\/logo\/image\/","url":"https:\/\/art-bijoux.com\/wp-content\/uploads\/2024\/06\/Art-Bijoux-Logo-Small.png","contentUrl":"https:\/\/art-bijoux.com\/wp-content\/uploads\/2024\/06\/Art-Bijoux-Logo-Small.png","width":722,"height":137,"caption":"art-bijoux"},"image":{"@id":"https:\/\/art-bijoux.com\/en\/#\/schema\/logo\/image\/"}}]}},"_links":{"self":[{"href":"https:\/\/art-bijoux.com\/en\/wp-json\/wp\/v2\/product\/3030","targetHints":{"allow":["GET"]}}],"collection":[{"href":"https:\/\/art-bijoux.com\/en\/wp-json\/wp\/v2\/product"}],"about":[{"href":"https:\/\/art-bijoux.com\/en\/wp-json\/wp\/v2\/types\/product"}],"replies":[{"embeddable":true,"href":"https:\/\/art-bijoux.com\/en\/wp-json\/wp\/v2\/comments?post=3030"}],"version-history":[{"count":0,"href":"https:\/\/art-bijoux.com\/en\/wp-json\/wp\/v2\/product\/3030\/revisions"}],"wp:featuredmedia":[{"embeddable":true,"href":"https:\/\/art-bijoux.com\/en\/wp-json\/wp\/v2\/media\/3018"}],"wp:attachment":[{"href":"https:\/\/art-bijoux.com\/en\/wp-json\/wp\/v2\/media?parent=3030"}],"wp:term":[{"taxonomy":"product_brand","embeddable":true,"href":"https:\/\/art-bijoux.com\/en\/wp-json\/wp\/v2\/product_brand?post=3030"},{"taxonomy":"product_cat","embeddable":true,"href":"https:\/\/art-bijoux.com\/en\/wp-json\/wp\/v2\/product_cat?post=3030"},{"taxonomy":"product_tag","embeddable":true,"href":"https:\/\/art-bijoux.com\/en\/wp-json\/wp\/v2\/product_tag?post=3030"}],"curies":[{"name":"wp","href":"https:\/\/api.w.org\/{rel}","templated":true}]}}