{"id":3031,"date":"2024-08-02T19:53:44","date_gmt":"2024-08-02T17:53:44","guid":{"rendered":"https:\/\/art-bijoux.com\/?post_type=product&#038;p=3031"},"modified":"2024-12-31T11:30:31","modified_gmt":"2024-12-31T10:30:31","slug":"pendentif-verre-rose-breloque-chat","status":"publish","type":"product","link":"https:\/\/art-bijoux.com\/en\/boutique\/pendentif-verre-rose-breloque-chat\/","title":{"rendered":"Pendentif Rectangulaire en Verre Dichro\u00efque  rose avec breloque chat ail\u00e9"},"content":{"rendered":"<figure id=\"attachment_3014\" aria-describedby=\"caption-attachment-3014\" style=\"width: 300px\" class=\"wp-caption alignleft\"><img fetchpriority=\"high\" decoding=\"async\" class=\"size-medium wp-image-3014\" src=\"https:\/\/art-bijoux.com\/wp-content\/uploads\/2024\/08\/Pendentif-carre-dichroique-chat-aile-300x300.webp\" alt=\"Pendentif carr\u00e9 en verre dichro\u00efque dor\u00e9 \/ rose sur verre orange semi-transparent. Une breloque avec 2 chats amoureux sur \u0153il de tigre\" width=\"300\" height=\"300\" srcset=\"https:\/\/art-bijoux.com\/wp-content\/uploads\/2024\/08\/Pendentif-carre-dichroique-chat-aile-300x300.webp 300w, https:\/\/art-bijoux.com\/wp-content\/uploads\/2024\/08\/Pendentif-carre-dichroique-chat-aile-150x150.webp 150w, https:\/\/art-bijoux.com\/wp-content\/uploads\/2024\/08\/Pendentif-carre-dichroique-chat-aile-768x768.webp 768w, https:\/\/art-bijoux.com\/wp-content\/uploads\/2024\/08\/Pendentif-carre-dichroique-chat-aile-600x600.webp 600w, https:\/\/art-bijoux.com\/wp-content\/uploads\/2024\/08\/Pendentif-carre-dichroique-chat-aile-100x100.webp 100w, https:\/\/art-bijoux.com\/wp-content\/uploads\/2024\/08\/Pendentif-carre-dichroique-chat-aile.webp 800w\" sizes=\"(max-width: 300px) 100vw, 300px\" \/><figcaption id=\"caption-attachment-3014\" class=\"wp-caption-text\">Pendentif carr\u00e9 en verre dichro\u00efque rose sur verre orange semi-transparent. Une breloque avec un chat ail\u00e9 avec un c\u0153ur bleu.<\/figcaption><\/figure>\n<p>Ce bijou est un pendentif unique et captivant. Il est constitu\u00e9 de deux couches de verre. La couche sup\u00e9rieure est un rectangle en verre dichro\u00efque rose m\u00e9tallique, fondu sur un carr\u00e9 l\u00e9g\u00e8rement plus grand de verre orange semi-transparent. Sa surface est brillante et change de reflets selon l&#8217;\u00e9clairage, avec un aspect pliss\u00e9 qui ajoute de la texture et de l&#8217;int\u00e9r\u00eat visuel.<\/p>\n<p>Un anneau en U a \u00e9t\u00e9 fondu entre les deux couches de verre et y est fortement maintenu. Cet anneau permet de passer une cha\u00eene ou un lacet pour porter le pendentif.<\/p>\n<p>Pour ajouter une touche myst\u00e9rieuse, une breloque repr\u00e9sentant un chat ail\u00e9 en m\u00e9tal argent\u00e9, avec un brillant en forme de c\u0153ur, a \u00e9t\u00e9 solidement fix\u00e9e \u00e0 un anneau soud\u00e9.<\/p>\n<p>Caract\u00e9ristiques :<\/p>\n<ul>\n<li>Dimensions : largeur : 3,6cm, hauteur : 4,3cm<\/li>\n<li>Verre dichro\u00efque rose m\u00e9tallique, brillant et pliss\u00e9<\/li>\n<li>Anneau en U fondu entre les couches de verre pour la suspension<\/li>\n<li>Breloque en m\u00e9tal argent\u00e9 repr\u00e9sentant un chat ail\u00e9 avec une pierre en brillant en forme de c\u0153ur, fix\u00e9e \u00e0 un anneau soud\u00e9<\/li>\n<li>Surface changeante avec des reflets m\u00e9talliques en fonction de l&#8217;\u00e9clairage<\/li>\n<\/ul>\n<p>Ce pendentif unique allie l&#8217;\u00e9l\u00e9gance du verre dichro\u00efque et le myst\u00e8re des animaux l\u00e9gendaires, faisant de lui un bijou \u00e0 la fois moderne et intemporel, parfait pour les amoureux de l&#8217;originalit\u00e9 et de la sophistication.<\/p>\n","protected":false},"excerpt":{"rendered":"<p>Pendentif carr\u00e9 en verre dichro\u00efque rose sur verre orange semi-transparent. Une breloque avec un chat ail\u00e9.<\/p>\n","protected":false},"featured_media":3014,"comment_status":"open","ping_status":"closed","template":"","meta":[],"product_brand":[],"product_cat":[176,182],"product_tag":[29,49],"class_list":{"0":"post-3031","1":"product","2":"type-product","3":"status-publish","4":"has-post-thumbnail","6":"product_cat-breloque-bijou-verre","7":"product_cat-pendentif-fusing","8":"product_tag-breloque-metal-pierre","9":"product_tag-fusing-verre","10":"pa_bijou-pendentif","11":"pa_breloque-chat","13":"first","14":"outofstock","15":"purchasable","16":"product-type-simple"},"_links":{"self":[{"href":"https:\/\/art-bijoux.com\/en\/wp-json\/wp\/v2\/product\/3031","targetHints":{"allow":["GET"]}}],"collection":[{"href":"https:\/\/art-bijoux.com\/en\/wp-json\/wp\/v2\/product"}],"about":[{"href":"https:\/\/art-bijoux.com\/en\/wp-json\/wp\/v2\/types\/product"}],"replies":[{"embeddable":true,"href":"https:\/\/art-bijoux.com\/en\/wp-json\/wp\/v2\/comments?post=3031"}],"version-history":[{"count":1,"href":"https:\/\/art-bijoux.com\/en\/wp-json\/wp\/v2\/product\/3031\/revisions"}],"predecessor-version":[{"id":3032,"href":"https:\/\/art-bijoux.com\/en\/wp-json\/wp\/v2\/product\/3031\/revisions\/3032"}],"wp:featuredmedia":[{"embeddable":true,"href":"https:\/\/art-bijoux.com\/en\/wp-json\/wp\/v2\/media\/3014"}],"wp:attachment":[{"href":"https:\/\/art-bijoux.com\/en\/wp-json\/wp\/v2\/media?parent=3031"}],"wp:term":[{"taxonomy":"product_brand","embeddable":true,"href":"https:\/\/art-bijoux.com\/en\/wp-json\/wp\/v2\/product_brand?post=3031"},{"taxonomy":"product_cat","embeddable":true,"href":"https:\/\/art-bijoux.com\/en\/wp-json\/wp\/v2\/product_cat?post=3031"},{"taxonomy":"product_tag","embeddable":true,"href":"https:\/\/art-bijoux.com\/en\/wp-json\/wp\/v2\/product_tag?post=3031"}],"curies":[{"name":"wp","href":"https:\/\/api.w.org\/{rel}","templated":true}]}}