{"id":3086,"date":"2024-08-11T19:21:11","date_gmt":"2024-08-11T17:21:11","guid":{"rendered":"https:\/\/art-bijoux.com\/?post_type=product&#038;p=3086"},"modified":"2025-11-21T10:19:26","modified_gmt":"2025-11-21T09:19:26","slug":"tableau-miniature-a-la-tempera-usine-au-soleil-couchant","status":"publish","type":"product","link":"https:\/\/art-bijoux.com\/en\/boutique\/tableau-miniature-a-la-tempera-usine-au-soleil-couchant\/","title":{"rendered":"Tableau miniature \u00e0 la temp\u00e9ra. Usine au soleil couchant"},"content":{"rendered":"<figure id=\"attachment_3079\" aria-describedby=\"caption-attachment-3079\" style=\"width: 244px\" class=\"wp-caption alignleft\"><img fetchpriority=\"high\" decoding=\"async\" class=\"size-medium wp-image-3079\" src=\"https:\/\/art-bijoux.com\/wp-content\/uploads\/2024\/08\/Usine-soleil-couchant-Cadre-244x300.webp\" alt=\"Machine et soleil couchant\" width=\"244\" height=\"300\" srcset=\"https:\/\/art-bijoux.com\/wp-content\/uploads\/2024\/08\/Usine-soleil-couchant-Cadre-244x300.webp 244w, https:\/\/art-bijoux.com\/wp-content\/uploads\/2024\/08\/Usine-soleil-couchant-Cadre-768x944.webp 768w, https:\/\/art-bijoux.com\/wp-content\/uploads\/2024\/08\/Usine-soleil-couchant-Cadre-600x737.webp 600w, https:\/\/art-bijoux.com\/wp-content\/uploads\/2024\/08\/Usine-soleil-couchant-Cadre.webp 800w\" sizes=\"(max-width: 244px) 100vw, 244px\" \/><figcaption id=\"caption-attachment-3079\" class=\"wp-caption-text\">Usine et soleil couchant<\/figcaption><\/figure>\n<p>Ce mini tableau de 5 cm x 5 cm est une \u0153uvre d&#8217;art saisissante, offrant un contraste frappant entre l&#8217;imposante silhouette d&#8217;une usine industrielle et la beaut\u00e9 enflamm\u00e9e d&#8217;un coucher de soleil. Les d\u00e9tails r\u00e9alistes et d&#8217;une pr\u00e9cision minutieuse rendent cette sc\u00e8ne \u00e0 la fois captivante et poignante. L&#8217;usine, avec sa chemin\u00e9e en brique massive, se dresse fi\u00e8rement contre le ciel cr\u00e9pusculaire, les tons sombres de gris de la structure industrielle se d\u00e9tachant vivement contre un ciel en feu. Le ciel, vibrant de nuances d&#8217;orange, de rouge, et de jaune, cr\u00e9e une atmosph\u00e8re dramatique, soulignant la force brute de l&#8217;industrie contre la splendeur naturelle du coucher de soleil.<\/p>\n<p>Ce tableau est r\u00e9alis\u00e9 \u00e0 la tempera, une technique ancienne utilisant un liant \u00e0 base d&#8217;\u0153uf, connue pour sa capacit\u00e9 \u00e0 produire des couleurs \u00e9clatantes et durables. Utilis\u00e9e depuis l&#8217;Antiquit\u00e9 \u00e9gyptienne et pris\u00e9e pour les ic\u00f4nes byzantines et les \u0153uvres du Moyen \u00c2ge, la tempera a pr\u00e9c\u00e9d\u00e9 la peinture \u00e0 l&#8217;huile, apportant \u00e0 ce tableau une qualit\u00e9 lumineuse et une richesse de d\u00e9tails qui \u00e9voquent des si\u00e8cles de tradition artistique.<\/p>\n<p>La toile est mont\u00e9e sur un ch\u00e2ssis de bois et encadr\u00e9e sur mesure dans un cadre en bois dor\u00e9 \u00e0 la cire, qui compl\u00e8te \u00e9l\u00e9gamment cette petite \u0153uvre. Le cadre dor\u00e9 met en valeur la juxtaposition de l&#8217;industrie et de la nature, soulignant l&#8217;intensit\u00e9 du sujet tout en ajoutant une touche de sophistication classique.<\/p>\n<p>Caract\u00e9ristiques :<\/p>\n<ul>\n<li>Dimensions : 5 cm x 5 cm<\/li>\n<li>Technique : tempera sur toile, cadre en bois dor\u00e9 \u00e0 la cire<\/li>\n<li>Sujet : usine avec chemin\u00e9e en brique, coucher de soleil avec ciel de feu<\/li>\n<li>Style : ultra r\u00e9aliste avec des d\u00e9tails d&#8217;une grande pr\u00e9cision<\/li>\n<\/ul>\n<p>Ce tableau est une pi\u00e8ce unique, capturant un moment d&#8217;une beaut\u00e9 saisissante dans un format miniature. Parfait pour les collectionneurs d&#8217;art ou les amateurs de sc\u00e8nes industrielles charg\u00e9es d&#8217;\u00e9motion, il combine la tradition artistique ancienne avec une repr\u00e9sentation moderne et puissante.<\/p>\n","protected":false},"excerpt":{"rendered":"<p>Tableau miniature repr\u00e9sentant une usine au soleil couchant.<\/p>\n","protected":false},"featured_media":3079,"comment_status":"open","ping_status":"closed","template":"","meta":[],"product_brand":[],"product_cat":[174,220,24],"product_tag":[222,221],"class_list":{"0":"post-3086","1":"product","2":"type-product","3":"status-publish","4":"has-post-thumbnail","6":"product_cat-tableau-miniature","7":"product_cat-tempera","8":"product_cat-diversite-oeuvres-art","9":"product_tag-miniature","10":"product_tag-tableau","11":"pa_tableau-miniature","13":"first","14":"instock","15":"sale","16":"purchasable","17":"product-type-simple"},"_links":{"self":[{"href":"https:\/\/art-bijoux.com\/en\/wp-json\/wp\/v2\/product\/3086","targetHints":{"allow":["GET"]}}],"collection":[{"href":"https:\/\/art-bijoux.com\/en\/wp-json\/wp\/v2\/product"}],"about":[{"href":"https:\/\/art-bijoux.com\/en\/wp-json\/wp\/v2\/types\/product"}],"replies":[{"embeddable":true,"href":"https:\/\/art-bijoux.com\/en\/wp-json\/wp\/v2\/comments?post=3086"}],"version-history":[{"count":1,"href":"https:\/\/art-bijoux.com\/en\/wp-json\/wp\/v2\/product\/3086\/revisions"}],"predecessor-version":[{"id":6014,"href":"https:\/\/art-bijoux.com\/en\/wp-json\/wp\/v2\/product\/3086\/revisions\/6014"}],"wp:featuredmedia":[{"embeddable":true,"href":"https:\/\/art-bijoux.com\/en\/wp-json\/wp\/v2\/media\/3079"}],"wp:attachment":[{"href":"https:\/\/art-bijoux.com\/en\/wp-json\/wp\/v2\/media?parent=3086"}],"wp:term":[{"taxonomy":"product_brand","embeddable":true,"href":"https:\/\/art-bijoux.com\/en\/wp-json\/wp\/v2\/product_brand?post=3086"},{"taxonomy":"product_cat","embeddable":true,"href":"https:\/\/art-bijoux.com\/en\/wp-json\/wp\/v2\/product_cat?post=3086"},{"taxonomy":"product_tag","embeddable":true,"href":"https:\/\/art-bijoux.com\/en\/wp-json\/wp\/v2\/product_tag?post=3086"}],"curies":[{"name":"wp","href":"https:\/\/api.w.org\/{rel}","templated":true}]}}