{"id":309,"date":"2024-04-28T15:37:30","date_gmt":"2024-04-28T13:37:30","guid":{"rendered":"https:\/\/art-bijoux.com\/?post_type=product&#038;p=309"},"modified":"2024-12-31T11:49:04","modified_gmt":"2024-12-31T10:49:04","slug":"pendentif-coeur-en-verre-rouge-colorescent-oeuvre-dart-mecanique-unique","status":"publish","type":"product","link":"https:\/\/art-bijoux.com\/en\/boutique\/pendentif-coeur-en-verre-rouge-colorescent-oeuvre-dart-mecanique-unique\/","title":{"rendered":"M\u00e9canique du C\u0153ur &#8211; Pendentif C\u0153ur en Verre Rouge Colorescent &#8211; \u0152uvre d&#8217;Art M\u00e9canique Unique"},"content":{"rendered":"<p>Plongez dans l&#8217;oxymore compos\u00e9 par l&#8217;association du romantisme et de son cort\u00e8ge d&#8217;imaginaire, associ\u00e9 \u00e0 la m\u00e9canique et \u00e0 son indispensab<\/p>\n<p><img fetchpriority=\"high\" decoding=\"async\" class=\"wp-image-190 alignnone\" src=\"https:\/\/art-bijoux.com\/wp-content\/uploads\/2024\/04\/mecanique-du-coeur-1-300x270.webp\" alt=\"\" width=\"261\" height=\"235\" srcset=\"https:\/\/art-bijoux.com\/wp-content\/uploads\/2024\/04\/mecanique-du-coeur-1-300x270.webp 300w, https:\/\/art-bijoux.com\/wp-content\/uploads\/2024\/04\/mecanique-du-coeur-1-600x539.webp 600w, https:\/\/art-bijoux.com\/wp-content\/uploads\/2024\/04\/mecanique-du-coeur-1-1024x920.webp 1024w, https:\/\/art-bijoux.com\/wp-content\/uploads\/2024\/04\/mecanique-du-coeur-1-768x690.webp 768w, https:\/\/art-bijoux.com\/wp-content\/uploads\/2024\/04\/mecanique-du-coeur-1-1536x1380.webp 1536w, https:\/\/art-bijoux.com\/wp-content\/uploads\/2024\/04\/mecanique-du-coeur-1.webp 1920w\" sizes=\"(max-width: 261px) 100vw, 261px\" \/><\/p>\n<p>le pr\u00e9cision, avec notre pendentif en forme de c\u0153ur, une \u0153uvre d&#8217;art novatrice qui capture l&#8217;essence m\u00eame de l&#8217;amour et de l&#8217;ing\u00e9niosit\u00e9. Chaque bijou est une pi\u00e8ce unique, con\u00e7ue et fabriqu\u00e9e avec passion \u00e0 partir de verre rouge colorescent, \u00e9voquant la chaleur et la passion.<\/p>\n<p>Ce pendentif se compose de deux pi\u00e8ces meul\u00e9es, chacune sertie de cuivre, puis habilement soud\u00e9es \u00e0 l&#8217;\u00e9tain et patin\u00e9es en discr\u00e8tes nuances de cuivre antique afin de cr\u00e9er un effet vintage et \u00e9l\u00e9gant. Chaque d\u00e9tail est soigneusement travaill\u00e9, refl\u00e9tant l&#8217;expertise et le d\u00e9vouement de l&#8217;artisan.<\/p>\n<p>Au milieu du c\u0153ur, un engrenage m\u00e9tallique est fix\u00e9 avec des soudures apparentes, symbolisant la &#8220;m\u00e9canique&#8221; si complexe des sentiments et ajoutant une dimension intrigante \u00e0 cette pi\u00e8ce d\u00e9j\u00e0 palpitante. Cette fusion de l&#8217;esth\u00e9tique romantique et de l&#8217;\u00e9l\u00e9ment m\u00e9canique cr\u00e9e une harmonie visuelle unique qui ne manquera pas de susciter questionnement et l&#8217;admiration.<\/p>\n<p>Hauteur : 3,2cm, Largeur : 2,8 cm, verre opaque tr\u00e8s l\u00e9g\u00e8rement transparent \u00e0 la lumi\u00e8re<\/p>\n<p>Il existe deux autres variations de cet &#8220;Engrenage du c\u0153ur&#8221; :<\/p>\n<p>&nbsp;<\/p>\n<p><img decoding=\"async\" class=\"wp-image-330 alignnone\" src=\"https:\/\/art-bijoux.com\/wp-content\/uploads\/2024\/04\/mecanique-du-coeur-2-1-277x300.webp\" alt=\"\" width=\"269\" height=\"291\" srcset=\"https:\/\/art-bijoux.com\/wp-content\/uploads\/2024\/04\/mecanique-du-coeur-2-1-277x300.webp 277w, https:\/\/art-bijoux.com\/wp-content\/uploads\/2024\/04\/mecanique-du-coeur-2-1-600x651.webp 600w, https:\/\/art-bijoux.com\/wp-content\/uploads\/2024\/04\/mecanique-du-coeur-2-1-944x1024.webp 944w, https:\/\/art-bijoux.com\/wp-content\/uploads\/2024\/04\/mecanique-du-coeur-2-1-768x833.webp 768w, https:\/\/art-bijoux.com\/wp-content\/uploads\/2024\/04\/mecanique-du-coeur-2-1-1416x1536.webp 1416w, https:\/\/art-bijoux.com\/wp-content\/uploads\/2024\/04\/mecanique-du-coeur-2-1.webp 1770w\" sizes=\"(max-width: 269px) 100vw, 269px\" \/><\/p>\n<p><img decoding=\"async\" class=\" wp-image-332 alignnone\" src=\"https:\/\/art-bijoux.com\/wp-content\/uploads\/2024\/04\/mecanique-du-coeur-3-1-300x293.webp\" alt=\"\" width=\"264\" height=\"258\" srcset=\"https:\/\/art-bijoux.com\/wp-content\/uploads\/2024\/04\/mecanique-du-coeur-3-1-300x293.webp 300w, https:\/\/art-bijoux.com\/wp-content\/uploads\/2024\/04\/mecanique-du-coeur-3-1-600x587.webp 600w, https:\/\/art-bijoux.com\/wp-content\/uploads\/2024\/04\/mecanique-du-coeur-3-1-1024x1002.webp 1024w, https:\/\/art-bijoux.com\/wp-content\/uploads\/2024\/04\/mecanique-du-coeur-3-1-768x751.webp 768w, https:\/\/art-bijoux.com\/wp-content\/uploads\/2024\/04\/mecanique-du-coeur-3-1-1536x1502.webp 1536w, https:\/\/art-bijoux.com\/wp-content\/uploads\/2024\/04\/mecanique-du-coeur-3-1.webp 1920w\" sizes=\"(max-width: 264px) 100vw, 264px\" \/><\/p>\n<p>&nbsp;<\/p>\n","protected":false},"excerpt":{"rendered":"<p>Un c\u0153ur rouge en deux parties, un engrenage soud\u00e9 dessus.<\/p>\n","protected":false},"featured_media":192,"comment_status":"open","ping_status":"closed","template":"","meta":[],"product_brand":[],"product_cat":[28],"product_tag":[29,30,26,27],"class_list":{"0":"post-309","1":"product","2":"type-product","3":"status-publish","4":"has-post-thumbnail","6":"product_cat-pendentif-tiffany","7":"product_tag-breloque-metal-pierre","8":"product_tag-engrenage-metal","9":"product_tag-pendentif-verre","10":"product_tag-tiffany-verre","11":"pa_bijou-pendentif","12":"pa_breloque-engrenage","14":"first","15":"instock","16":"purchasable","17":"product-type-simple"},"_links":{"self":[{"href":"https:\/\/art-bijoux.com\/en\/wp-json\/wp\/v2\/product\/309","targetHints":{"allow":["GET"]}}],"collection":[{"href":"https:\/\/art-bijoux.com\/en\/wp-json\/wp\/v2\/product"}],"about":[{"href":"https:\/\/art-bijoux.com\/en\/wp-json\/wp\/v2\/types\/product"}],"replies":[{"embeddable":true,"href":"https:\/\/art-bijoux.com\/en\/wp-json\/wp\/v2\/comments?post=309"}],"version-history":[{"count":1,"href":"https:\/\/art-bijoux.com\/en\/wp-json\/wp\/v2\/product\/309\/revisions"}],"predecessor-version":[{"id":310,"href":"https:\/\/art-bijoux.com\/en\/wp-json\/wp\/v2\/product\/309\/revisions\/310"}],"wp:featuredmedia":[{"embeddable":true,"href":"https:\/\/art-bijoux.com\/en\/wp-json\/wp\/v2\/media\/192"}],"wp:attachment":[{"href":"https:\/\/art-bijoux.com\/en\/wp-json\/wp\/v2\/media?parent=309"}],"wp:term":[{"taxonomy":"product_brand","embeddable":true,"href":"https:\/\/art-bijoux.com\/en\/wp-json\/wp\/v2\/product_brand?post=309"},{"taxonomy":"product_cat","embeddable":true,"href":"https:\/\/art-bijoux.com\/en\/wp-json\/wp\/v2\/product_cat?post=309"},{"taxonomy":"product_tag","embeddable":true,"href":"https:\/\/art-bijoux.com\/en\/wp-json\/wp\/v2\/product_tag?post=309"}],"curies":[{"name":"wp","href":"https:\/\/api.w.org\/{rel}","templated":true}]}}