{"id":3091,"date":"2024-08-11T19:51:53","date_gmt":"2024-08-11T17:51:53","guid":{"rendered":"https:\/\/art-bijoux.com\/?post_type=product&#038;p=3091"},"modified":"2025-11-21T10:20:38","modified_gmt":"2025-11-21T09:20:38","slug":"tableau-miniature-belles-demeures-au-bord-de-leau","status":"publish","type":"product","link":"https:\/\/art-bijoux.com\/en\/boutique\/tableau-miniature-belles-demeures-au-bord-de-leau\/","title":{"rendered":"Tableau miniature &#8211; Belles demeures au bord de l&#8217;eau"},"content":{"rendered":"<figure id=\"attachment_3076\" aria-describedby=\"caption-attachment-3076\" style=\"width: 300px\" class=\"wp-caption alignleft\"><img fetchpriority=\"high\" decoding=\"async\" class=\"size-medium wp-image-3076\" src=\"https:\/\/art-bijoux.com\/wp-content\/uploads\/2024\/08\/Pont-arches-maison-Cadre-300x300.webp\" alt=\"Belles demeures avec un pont et des arches\" width=\"300\" height=\"300\" srcset=\"https:\/\/art-bijoux.com\/wp-content\/uploads\/2024\/08\/Pont-arches-maison-Cadre-300x300.webp 300w, https:\/\/art-bijoux.com\/wp-content\/uploads\/2024\/08\/Pont-arches-maison-Cadre-150x150.webp 150w, https:\/\/art-bijoux.com\/wp-content\/uploads\/2024\/08\/Pont-arches-maison-Cadre-768x768.webp 768w, https:\/\/art-bijoux.com\/wp-content\/uploads\/2024\/08\/Pont-arches-maison-Cadre-600x600.webp 600w, https:\/\/art-bijoux.com\/wp-content\/uploads\/2024\/08\/Pont-arches-maison-Cadre-100x100.webp 100w, https:\/\/art-bijoux.com\/wp-content\/uploads\/2024\/08\/Pont-arches-maison-Cadre.webp 800w\" sizes=\"(max-width: 300px) 100vw, 300px\" \/><figcaption id=\"caption-attachment-3076\" class=\"wp-caption-text\">Belles demeures avec un pont et des arches<\/figcaption><\/figure>\n<p>Ce mini tableau de 5 cm x 5 cm est une merveille de pr\u00e9cision et de r\u00e9alisme, repr\u00e9sentant un paysage rural avec une minutie exceptionnelle. De belles demeures se refl\u00e8tent \u00e0 angle droit dans un plan d&#8217;eau. Le ciel bleu, parsem\u00e9 de nuages, ajoute une touche de profondeur et de dynamisme \u00e0 l&#8217;ensemble. Les reflets dans l&#8217;eau, les jeux d&#8217;ombres, et le feuillage nuanc\u00e9 aux dessus des maisons, contribuent \u00e0 l&#8217;atmosph\u00e8re sereine et bucolique du tableau.<\/p>\n<p>Peint \u00e0 la tempera, une technique ancienne utilisant un liant \u00e0 base d&#8217;\u0153uf, ce tableau s&#8217;inscrit dans une tradition artistique remontant \u00e0 l&#8217;Antiquit\u00e9 \u00e9gyptienne. La tempera a \u00e9t\u00e9 largement utilis\u00e9e pour les ic\u00f4nes byzantines et a \u00e9t\u00e9 la technique privil\u00e9gi\u00e9e par les peintres du Moyen \u00c2ge jusqu&#8217;au XVe si\u00e8cle, avant d&#8217;\u00eatre supplant\u00e9e par la peinture \u00e0 l&#8217;huile. Cette m\u00e9thode conf\u00e8re au tableau une luminosit\u00e9 et une vivacit\u00e9 de couleurs qui traversent le temps.<\/p>\n<p>Mont\u00e9e sur un ch\u00e2ssis de bois, la toile est encadr\u00e9e sur mesure dans un cadre en bois dor\u00e9 \u00e0 la cire, qui accentue le caract\u00e8re classique et \u00e9l\u00e9gant de cette petite \u0153uvre d&#8217;art. Ce cadre met en valeur les d\u00e9tails d\u00e9licats et la palette de couleurs subtiles, transformant ce tableau en une pi\u00e8ce unique et intemporelle.<\/p>\n<p>Caract\u00e9ristiques :<\/p>\n<ul>\n<li>Dimensions : 5 cm x 5 cm<\/li>\n<li>Technique : tempera sur toile, cadre en bois dor\u00e9 \u00e0 la cire<\/li>\n<li>Sujet : paysage rural avec de belles demeures, rivi\u00e8re, reflets, ciel bleu nuageux<\/li>\n<li>Style : r\u00e9aliste avec des d\u00e9tails d&#8217;une grande pr\u00e9cision<\/li>\n<\/ul>\n<p>Ce mini tableau est une v\u00e9ritable petite merveille, combinant une technique historique avec une ex\u00e9cution d&#8217;une pr\u00e9cision extraordinaire. Id\u00e9al pour les collectionneurs d&#8217;art ou ceux qui appr\u00e9cient la beaut\u00e9 dans les moindres d\u00e9tails, il capture un moment enchanteur avec une finesse in\u00e9gal\u00e9e.<\/p>\n","protected":false},"excerpt":{"rendered":"<p>De belles demeures se refl\u00e8tent \u00e0 angle droit dans un plan d&#8217;eau. Le ciel bleu, parsem\u00e9 de nuages, se dresse au dessus des maisons.<\/p>\n","protected":false},"featured_media":3076,"comment_status":"open","ping_status":"closed","template":"","meta":[],"product_brand":[],"product_cat":[24],"product_tag":[],"class_list":{"0":"post-3091","1":"product","2":"type-product","3":"status-publish","4":"has-post-thumbnail","6":"product_cat-diversite-oeuvres-art","7":"pa_tableau-miniature","9":"first","10":"instock","11":"sale","12":"featured","13":"purchasable","14":"product-type-simple"},"_links":{"self":[{"href":"https:\/\/art-bijoux.com\/en\/wp-json\/wp\/v2\/product\/3091","targetHints":{"allow":["GET"]}}],"collection":[{"href":"https:\/\/art-bijoux.com\/en\/wp-json\/wp\/v2\/product"}],"about":[{"href":"https:\/\/art-bijoux.com\/en\/wp-json\/wp\/v2\/types\/product"}],"replies":[{"embeddable":true,"href":"https:\/\/art-bijoux.com\/en\/wp-json\/wp\/v2\/comments?post=3091"}],"version-history":[{"count":1,"href":"https:\/\/art-bijoux.com\/en\/wp-json\/wp\/v2\/product\/3091\/revisions"}],"predecessor-version":[{"id":6011,"href":"https:\/\/art-bijoux.com\/en\/wp-json\/wp\/v2\/product\/3091\/revisions\/6011"}],"wp:featuredmedia":[{"embeddable":true,"href":"https:\/\/art-bijoux.com\/en\/wp-json\/wp\/v2\/media\/3076"}],"wp:attachment":[{"href":"https:\/\/art-bijoux.com\/en\/wp-json\/wp\/v2\/media?parent=3091"}],"wp:term":[{"taxonomy":"product_brand","embeddable":true,"href":"https:\/\/art-bijoux.com\/en\/wp-json\/wp\/v2\/product_brand?post=3091"},{"taxonomy":"product_cat","embeddable":true,"href":"https:\/\/art-bijoux.com\/en\/wp-json\/wp\/v2\/product_cat?post=3091"},{"taxonomy":"product_tag","embeddable":true,"href":"https:\/\/art-bijoux.com\/en\/wp-json\/wp\/v2\/product_tag?post=3091"}],"curies":[{"name":"wp","href":"https:\/\/api.w.org\/{rel}","templated":true}]}}