{"id":3099,"date":"2024-08-13T17:20:11","date_gmt":"2024-08-13T15:20:11","guid":{"rendered":"https:\/\/art-bijoux.com\/?post_type=product&#038;p=3099"},"modified":"2024-08-28T12:34:37","modified_gmt":"2024-08-28T10:34:37","slug":"portrait-dun-chat-ironique-en-vitrail","status":"publish","type":"product","link":"https:\/\/art-bijoux.com\/en\/boutique\/portrait-dun-chat-ironique-en-vitrail\/","title":{"rendered":"Portrait d&#8217;un chat ironique en vitrail"},"content":{"rendered":"<figure id=\"attachment_1505\" aria-describedby=\"caption-attachment-1505\" style=\"width: 300px\" class=\"wp-caption alignleft\"><img fetchpriority=\"high\" decoding=\"async\" class=\"size-medium wp-image-1505\" src=\"https:\/\/art-bijoux.com\/wp-content\/uploads\/2024\/05\/Chat-ironique-300x274.webp\" alt=\"\" width=\"300\" height=\"274\" srcset=\"https:\/\/art-bijoux.com\/wp-content\/uploads\/2024\/05\/Chat-ironique-300x274.webp 300w, https:\/\/art-bijoux.com\/wp-content\/uploads\/2024\/05\/Chat-ironique-768x702.webp 768w, https:\/\/art-bijoux.com\/wp-content\/uploads\/2024\/05\/Chat-ironique-600x548.webp 600w, https:\/\/art-bijoux.com\/wp-content\/uploads\/2024\/05\/Chat-ironique.webp 800w\" sizes=\"(max-width: 300px) 100vw, 300px\" \/><figcaption id=\"caption-attachment-1505\" class=\"wp-caption-text\">Un portrait de chat \u00e0 l&#8217;air ironique en Tiffany<\/figcaption><\/figure>\n<div class=\"flex-shrink-0 flex flex-col relative items-end\">\n<div>\n<div class=\"pt-0\">\n<div class=\"gizmo-bot-avatar flex h-8 w-8 items-center justify-center overflow-hidden rounded-full\">\n<div class=\"relative p-1 rounded-sm flex items-center justify-center bg-token-main-surface-primary text-token-text-primary h-8 w-8\">Retrouvez le portrait de votre chat pr\u00e9f\u00e9r\u00e9 dans ce vitrail unique, capturant l&#8217;expression ironique de votre f\u00e9lin \u00e0 travers un travail minutieux d&#8217;artisanat verrier. Ce portrait est r\u00e9alis\u00e9 \u00e0 partir d&#8217;une photo, avec une trentaine de pi\u00e8ces de verre soigneusement s\u00e9lectionn\u00e9es pour donner vie \u00e0 ce personnage. Chaque pi\u00e8ce de verre a \u00e9t\u00e9 d\u00e9coup\u00e9e avec pr\u00e9cision, puis meul\u00e9e, sertie de cuivre, soud\u00e9e \u00e0 l&#8217;\u00e9tain, et enfin patin\u00e9e pour un effet raffin\u00e9 et durable.<\/div>\n<\/div>\n<\/div>\n<\/div>\n<\/div>\n<div class=\"group\/conversation-turn relative flex w-full min-w-0 flex-col agent-turn\">\n<div class=\"flex-col gap-1 md:gap-3\">\n<div class=\"flex max-w-full flex-col flex-grow\">\n<div class=\"min-h-[20px] text-message flex w-full flex-col items-end gap-2 whitespace-pre-wrap break-words [.text-message+&amp;]:mt-5 overflow-x-auto\" dir=\"auto\" data-message-author-role=\"assistant\" data-message-id=\"cf985aae-f541-46c2-9435-c81c12baf013\">\n<div class=\"flex w-full flex-col gap-1 empty:hidden first:pt-[3px]\">\n<div class=\"markdown prose w-full break-words dark:prose-invert light\">\n<p>Le fond orang\u00e9 de ce vitrail est con\u00e7u \u00e0 partir de verre r\u00e9cup\u00e9r\u00e9 d&#8217;une fen\u00eatre, un choix qui refl\u00e8te un engagement pour le d\u00e9veloppement durable tout en ajoutant une touche de chaleur \u00e0 la composition. Une moustache en fil de fer, solidement soud\u00e9e sous le museau, apporte une touche suppl\u00e9mentaire de r\u00e9alisme et de caract\u00e8re au portrait.<\/p>\n<p>Ce vitrail peut \u00eatre encadr\u00e9 dans du bois pour un aspect classique et \u00e9l\u00e9gant, ou serti dans un pied en fer forg\u00e9 pour une pr\u00e9sentation plus contemporaine et audacieuse. Quel que soit votre choix, ce vitrail sera une pi\u00e8ce ma\u00eetresse qui capturera l&#8217;essence unique de votre chat et apportera une touche d&#8217;originalit\u00e9 \u00e0 votre d\u00e9coration int\u00e9rieure.<\/p>\n<p><strong>Caract\u00e9ristiques :<\/strong><\/p>\n<ul>\n<li><strong>Technique :<\/strong> vitrail r\u00e9alis\u00e9 selon la technique Tiffany<\/li>\n<li><strong>Composition :<\/strong> environ 30 pi\u00e8ces de verre, fond orang\u00e9 en verre r\u00e9cup\u00e9r\u00e9<\/li>\n<li><strong>D\u00e9tails :<\/strong> moustache en fil de fer soud\u00e9e<\/li>\n<li><strong>Encadrement :<\/strong> possibilit\u00e9 de l&#8217;encadrer en bois ou de le sertir dans un pied en fer forg\u00e9<\/li>\n<li><strong>Dimensions :<\/strong> 30 centim\u00e8tres de diam\u00e8tre<\/li>\n<\/ul>\n<p>Ce vitrail est plus qu&#8217;une simple \u0153uvre d&#8217;art, c&#8217;est un hommage \u00e0 votre compagnon \u00e0 quatre pattes, r\u00e9alis\u00e9 avec un soin exceptionnel pour immortaliser son regard et sa personnalit\u00e9 unique.<\/p>\n<\/div>\n<\/div>\n<\/div>\n<\/div>\n<\/div>\n<\/div>\n","protected":false},"excerpt":{"rendered":"<p>Le portrait d&#8217;un chat r\u00e9alis\u00e9 en vitrail selon la technique Tiffany.<\/p>\n","protected":false},"featured_media":1505,"comment_status":"open","ping_status":"closed","template":"","meta":[],"product_brand":[],"product_cat":[24],"product_tag":[52,47,224,27],"class_list":{"0":"post-3099","1":"product","2":"type-product","3":"status-publish","4":"has-post-thumbnail","6":"product_cat-diversite-oeuvres-art","7":"product_tag-portrait-animal","8":"product_tag-chat","9":"product_tag-portrait-animalier","10":"product_tag-tiffany-verre","11":"pa_vitrail-animal","13":"first","14":"instock","15":"featured","16":"taxable","17":"shipping-taxable","18":"purchasable","19":"product-type-simple"},"_links":{"self":[{"href":"https:\/\/art-bijoux.com\/en\/wp-json\/wp\/v2\/product\/3099","targetHints":{"allow":["GET"]}}],"collection":[{"href":"https:\/\/art-bijoux.com\/en\/wp-json\/wp\/v2\/product"}],"about":[{"href":"https:\/\/art-bijoux.com\/en\/wp-json\/wp\/v2\/types\/product"}],"replies":[{"embeddable":true,"href":"https:\/\/art-bijoux.com\/en\/wp-json\/wp\/v2\/comments?post=3099"}],"version-history":[{"count":0,"href":"https:\/\/art-bijoux.com\/en\/wp-json\/wp\/v2\/product\/3099\/revisions"}],"wp:featuredmedia":[{"embeddable":true,"href":"https:\/\/art-bijoux.com\/en\/wp-json\/wp\/v2\/media\/1505"}],"wp:attachment":[{"href":"https:\/\/art-bijoux.com\/en\/wp-json\/wp\/v2\/media?parent=3099"}],"wp:term":[{"taxonomy":"product_brand","embeddable":true,"href":"https:\/\/art-bijoux.com\/en\/wp-json\/wp\/v2\/product_brand?post=3099"},{"taxonomy":"product_cat","embeddable":true,"href":"https:\/\/art-bijoux.com\/en\/wp-json\/wp\/v2\/product_cat?post=3099"},{"taxonomy":"product_tag","embeddable":true,"href":"https:\/\/art-bijoux.com\/en\/wp-json\/wp\/v2\/product_tag?post=3099"}],"curies":[{"name":"wp","href":"https:\/\/api.w.org\/{rel}","templated":true}]}}