{"id":311,"date":"2024-04-28T16:17:13","date_gmt":"2024-04-28T14:17:13","guid":{"rendered":"https:\/\/art-bijoux.com\/?post_type=product&#038;p=311"},"modified":"2024-05-28T17:54:12","modified_gmt":"2024-05-28T15:54:12","slug":"pendentif-coeur-givre-verre-carre-rouge-elegance-artisanale-unique","status":"publish","type":"product","link":"https:\/\/art-bijoux.com\/en\/boutique\/pendentif-coeur-givre-verre-carre-rouge-elegance-artisanale-unique\/","title":{"rendered":"Un Grand C\u0153ur &#8211; Pendentif en Verre Givr\u00e9 avec Carr\u00e9 Rouge Colorescent &#8211; \u00c9l\u00e9gance Artisanale Unique"},"content":{"rendered":"<p><img fetchpriority=\"high\" decoding=\"async\" class=\"alignnone size-medium wp-image-312\" src=\"https:\/\/art-bijoux.com\/wp-content\/uploads\/2024\/04\/Coeur-givre_transparent-300x258.webp\" alt=\"\" width=\"300\" height=\"258\" srcset=\"https:\/\/art-bijoux.com\/wp-content\/uploads\/2024\/04\/Coeur-givre_transparent-300x258.webp 300w, https:\/\/art-bijoux.com\/wp-content\/uploads\/2024\/04\/Coeur-givre_transparent-600x517.webp 600w, https:\/\/art-bijoux.com\/wp-content\/uploads\/2024\/04\/Coeur-givre_transparent-768x661.webp 768w, https:\/\/art-bijoux.com\/wp-content\/uploads\/2024\/04\/Coeur-givre_transparent.webp 800w\" sizes=\"(max-width: 300px) 100vw, 300px\" \/> <img decoding=\"async\" class=\"alignnone  wp-image-313\" src=\"https:\/\/art-bijoux.com\/wp-content\/uploads\/2024\/04\/Coeur-givre-fond-2-tons-300x291.webp\" alt=\"\" width=\"264\" height=\"256\" srcset=\"https:\/\/art-bijoux.com\/wp-content\/uploads\/2024\/04\/Coeur-givre-fond-2-tons-300x291.webp 300w, https:\/\/art-bijoux.com\/wp-content\/uploads\/2024\/04\/Coeur-givre-fond-2-tons-600x583.webp 600w, https:\/\/art-bijoux.com\/wp-content\/uploads\/2024\/04\/Coeur-givre-fond-2-tons-768x746.webp 768w, https:\/\/art-bijoux.com\/wp-content\/uploads\/2024\/04\/Coeur-givre-fond-2-tons.webp 800w\" sizes=\"(max-width: 264px) 100vw, 264px\" \/><\/p>\n<p>R\u00e9veiller un c\u0153ur transi par les rigueurs de l&#8217;hiver ou de la solitude avec notre pendentif en forme de c\u0153ur de grande taille, une pi\u00e8ce d&#8217;artisanat qui allie la beaut\u00e9 de l&#8217;esth\u00e9tique des \u00e9l\u00e9ments du froid,\u00a0 r\u00e9chauff\u00e9s d&#8217;un ton rouge intense.<\/p>\n<p>Cette pi\u00e8ce d&#8217;artisanat d&#8217;art allie la beaut\u00e9 de la nature \u00e0 la cr\u00e9ativit\u00e9 de son design. Chaque bijou est une \u0153uvre d&#8217;art unique, m\u00e9ticuleusement con\u00e7ue et fabriqu\u00e9e \u00e0 la main avec des restants de l&#8217;atelier, affirmant notre engagement envers la cr\u00e9ativit\u00e9, la qualit\u00e9 artisanale et le d\u00e9veloppement durable.<\/p>\n<p>Ce pendentif saisissant se compose de quatre pi\u00e8ces en verre, chacune orn\u00e9e d&#8217;un effet de givre subtil qui \u00e9voque la magie de l&#8217;hiver. Ce verre transparent, r\u00e9cup\u00e9r\u00e9 sur une fen\u00eatre cass\u00e9e,\u00a0 laissera voir la (les) couleur(s) de votre v\u00eatement. Au centre, un carr\u00e9 rouge en verre colorescent, stri\u00e9 de nuances de vermillon, apporte une touche de chaleur et de couleur \u00e0 l&#8217;ensemble, cr\u00e9ant ainsi un contraste saisissant.<\/p>\n<p>Chaque pi\u00e8ce est d\u00e9licatement meul\u00e9e, puis sertie de cuivre sur ses bords, soud\u00e9e \u00e0 l&#8217;\u00e9tain et patin\u00e9e en cuivre antique, ajoutant une dimension vintage et \u00e9l\u00e9gante \u00e0 ce bijou remarquable. Chaque d\u00e9tail est soigneusement travaill\u00e9, refl\u00e9tant l&#8217;expertise et la passion de l&#8217;artisan.<\/p>\n<p>Hauteur : 8 cm, largeur : 7,8 cm, verre transparent et semi-opaque<\/p>\n<p>&nbsp;<\/p>\n","protected":false},"excerpt":{"rendered":"<p>Un c\u0153ur en verre d&#8217;aspect givre avec un carr\u00e9 rouge<\/p>\n","protected":false},"featured_media":312,"comment_status":"open","ping_status":"closed","template":"","meta":[],"product_brand":[],"product_cat":[28],"product_tag":[26,27],"class_list":{"0":"post-311","1":"product","2":"type-product","3":"status-publish","4":"has-post-thumbnail","6":"product_cat-pendentif-tiffany","7":"product_tag-pendentif-verre","8":"product_tag-tiffany-verre","9":"pa_bijou-pendentif","11":"first","12":"instock","13":"purchasable","14":"product-type-simple"},"_links":{"self":[{"href":"https:\/\/art-bijoux.com\/en\/wp-json\/wp\/v2\/product\/311","targetHints":{"allow":["GET"]}}],"collection":[{"href":"https:\/\/art-bijoux.com\/en\/wp-json\/wp\/v2\/product"}],"about":[{"href":"https:\/\/art-bijoux.com\/en\/wp-json\/wp\/v2\/types\/product"}],"replies":[{"embeddable":true,"href":"https:\/\/art-bijoux.com\/en\/wp-json\/wp\/v2\/comments?post=311"}],"version-history":[{"count":1,"href":"https:\/\/art-bijoux.com\/en\/wp-json\/wp\/v2\/product\/311\/revisions"}],"predecessor-version":[{"id":339,"href":"https:\/\/art-bijoux.com\/en\/wp-json\/wp\/v2\/product\/311\/revisions\/339"}],"wp:featuredmedia":[{"embeddable":true,"href":"https:\/\/art-bijoux.com\/en\/wp-json\/wp\/v2\/media\/312"}],"wp:attachment":[{"href":"https:\/\/art-bijoux.com\/en\/wp-json\/wp\/v2\/media?parent=311"}],"wp:term":[{"taxonomy":"product_brand","embeddable":true,"href":"https:\/\/art-bijoux.com\/en\/wp-json\/wp\/v2\/product_brand?post=311"},{"taxonomy":"product_cat","embeddable":true,"href":"https:\/\/art-bijoux.com\/en\/wp-json\/wp\/v2\/product_cat?post=311"},{"taxonomy":"product_tag","embeddable":true,"href":"https:\/\/art-bijoux.com\/en\/wp-json\/wp\/v2\/product_tag?post=311"}],"curies":[{"name":"wp","href":"https:\/\/api.w.org\/{rel}","templated":true}]}}