{"id":315,"date":"2024-04-28T17:04:33","date_gmt":"2024-04-28T15:04:33","guid":{"rendered":"https:\/\/art-bijoux.com\/?post_type=product&#038;p=315"},"modified":"2024-05-28T18:05:06","modified_gmt":"2024-05-28T16:05:06","slug":"collier-geometrique-verre-rose-blanc","status":"publish","type":"product","link":"https:\/\/art-bijoux.com\/en\/boutique\/collier-geometrique-verre-rose-blanc\/","title":{"rendered":"Cama\u00efeu &#8211; Collier G\u00e9om\u00e9trique en Verre Rose et Blanc &#8211; \u00c9l\u00e9gance Artisanale Unique"},"content":{"rendered":"<figure id=\"attachment_171\" aria-describedby=\"caption-attachment-171\" style=\"width: 300px\" class=\"wp-caption alignleft\"><img fetchpriority=\"high\" decoding=\"async\" class=\"size-medium wp-image-171\" src=\"https:\/\/art-bijoux.com\/wp-content\/uploads\/2024\/04\/Collier-carreau-rouge-300x214.webp\" alt=\"Collier de 11 pi\u00e8ces embo\u00eet\u00e9es\" width=\"300\" height=\"214\" srcset=\"https:\/\/art-bijoux.com\/wp-content\/uploads\/2024\/04\/Collier-carreau-rouge-300x214.webp 300w, https:\/\/art-bijoux.com\/wp-content\/uploads\/2024\/04\/Collier-carreau-rouge-600x428.webp 600w, https:\/\/art-bijoux.com\/wp-content\/uploads\/2024\/04\/Collier-carreau-rouge-1024x731.webp 1024w, https:\/\/art-bijoux.com\/wp-content\/uploads\/2024\/04\/Collier-carreau-rouge-768x548.webp 768w, https:\/\/art-bijoux.com\/wp-content\/uploads\/2024\/04\/Collier-carreau-rouge-1536x1097.webp 1536w, https:\/\/art-bijoux.com\/wp-content\/uploads\/2024\/04\/Collier-carreau-rouge.webp 1920w\" sizes=\"(max-width: 300px) 100vw, 300px\" \/><figcaption id=\"caption-attachment-171\" class=\"wp-caption-text\">Un collier de 11 pi\u00e8ces aux formes g\u00e9om\u00e9triques dans les tons roses<\/figcaption><\/figure>\n<p>Laissez-vous envo\u00fbter par la d\u00e9licatesse de notre collier compos\u00e9 de onze pi\u00e8ces en verre dans des tons roses et blancs, une pi\u00e8ce d&#8217;artisanat inimitable qui marie l&#8217;esth\u00e9tique g\u00e9om\u00e9trique \u00e0 la beaut\u00e9 naturelle du verre. Chaque bijou est une \u0153uvre d&#8217;art unique, m\u00e9ticuleusement con\u00e7ue et fabriqu\u00e9e \u00e0 la main, affirmant notre engagement envers la cr\u00e9ativit\u00e9 et la qualit\u00e9 artisanale.<\/p>\n<p>Chaque \u00e9clat de verre, provenant de plusieurs vitraux, a \u00e9t\u00e9 choisi parce que sa forme \u00e9tait similaire \u00e0 la suivante, technique appel\u00e9e &#8220;carreau cass\u00e9&#8221; car on r\u00e9cup\u00e8re des fragments qui s&#8217;embo\u00eetent au mieux. Il ont \u00e9t\u00e9 soigneusement ajust\u00e9s tout en pr\u00e9servant leur forme initiale, cr\u00e9ant ainsi un bijou d&#8217;aspect g\u00e9om\u00e9trique impr\u00e9vu au commencement, qui a pris forme au fur et \u00e0 mesure du choix des morceaux. Ce collier \u00e9voque ainsi l&#8217;harmonie des couleurs et l&#8217;\u00e9quilibre des formes. Chaque pi\u00e8ce est finement meul\u00e9e, puis m\u00e9ticuleusement sertie de cuivre et soud\u00e9e \u00e0 l&#8217;\u00e9tain, avant d&#8217;\u00eatre patin\u00e9e en vieux cuivre pour une touche de caract\u00e8re vintage.<\/p>\n<p>L&#8217;ensemble est suspendu par deux anneaux argent\u00e9s \u00e0 une cha\u00eene cuivr\u00e9e aux larges maillons, sans nickel, assurant un port confortable et s\u00e9curis\u00e9 munie d&#8217;un fermoir. Ils ajoutent une touche d&#8217;originalit\u00e9\u00a0 suppl\u00e9mentaire \u00e0 ce collier, parfait pour ceux qui recherchent un style unique et raffin\u00e9.<\/p>\n<p>Hauteur : 8 cm, largeur : 14 cm, verres opaques et semi-transparents<\/p>\n","protected":false},"excerpt":{"rendered":"<p>Un collier de 11 pi\u00e8ces de formes g\u00e9om\u00e9triques dans les tons roses<\/p>\n","protected":false},"featured_media":171,"comment_status":"open","ping_status":"closed","template":"","meta":[],"product_brand":[],"product_cat":[86],"product_tag":[31,27],"class_list":{"0":"post-315","1":"product","2":"type-product","3":"status-publish","4":"has-post-thumbnail","6":"product_cat-collier-tiffany","7":"product_tag-collier-verre-tiffany","8":"product_tag-tiffany-verre","9":"pa_bijou-collier","11":"first","12":"instock","13":"purchasable","14":"product-type-simple"},"_links":{"self":[{"href":"https:\/\/art-bijoux.com\/en\/wp-json\/wp\/v2\/product\/315","targetHints":{"allow":["GET"]}}],"collection":[{"href":"https:\/\/art-bijoux.com\/en\/wp-json\/wp\/v2\/product"}],"about":[{"href":"https:\/\/art-bijoux.com\/en\/wp-json\/wp\/v2\/types\/product"}],"replies":[{"embeddable":true,"href":"https:\/\/art-bijoux.com\/en\/wp-json\/wp\/v2\/comments?post=315"}],"version-history":[{"count":1,"href":"https:\/\/art-bijoux.com\/en\/wp-json\/wp\/v2\/product\/315\/revisions"}],"predecessor-version":[{"id":340,"href":"https:\/\/art-bijoux.com\/en\/wp-json\/wp\/v2\/product\/315\/revisions\/340"}],"wp:featuredmedia":[{"embeddable":true,"href":"https:\/\/art-bijoux.com\/en\/wp-json\/wp\/v2\/media\/171"}],"wp:attachment":[{"href":"https:\/\/art-bijoux.com\/en\/wp-json\/wp\/v2\/media?parent=315"}],"wp:term":[{"taxonomy":"product_brand","embeddable":true,"href":"https:\/\/art-bijoux.com\/en\/wp-json\/wp\/v2\/product_brand?post=315"},{"taxonomy":"product_cat","embeddable":true,"href":"https:\/\/art-bijoux.com\/en\/wp-json\/wp\/v2\/product_cat?post=315"},{"taxonomy":"product_tag","embeddable":true,"href":"https:\/\/art-bijoux.com\/en\/wp-json\/wp\/v2\/product_tag?post=315"}],"curies":[{"name":"wp","href":"https:\/\/api.w.org\/{rel}","templated":true}]}}