{"id":318,"date":"2024-04-28T17:14:51","date_gmt":"2024-04-28T15:14:51","guid":{"rendered":"https:\/\/art-bijoux.com\/?post_type=product&#038;p=318"},"modified":"2024-05-28T18:10:09","modified_gmt":"2024-05-28T16:10:09","slug":"bijou-collier-antiquite-egyptien-verre-colorescent-bleu-tiffany","status":"publish","type":"product","link":"https:\/\/art-bijoux.com\/en\/boutique\/bijou-collier-antiquite-egyptien-verre-colorescent-bleu-tiffany\/","title":{"rendered":"\u00c9gyptienne Bleu Iris\u00e9 &#8211; Collier en Verre Colorescent Bleu et Perle Iris\u00e9e &#8211; \u00c9l\u00e9gance Antique Unique"},"content":{"rendered":"<figure id=\"attachment_177\" aria-describedby=\"caption-attachment-177\" style=\"width: 300px\" class=\"wp-caption alignleft\"><img fetchpriority=\"high\" decoding=\"async\" class=\"size-medium wp-image-177\" src=\"https:\/\/art-bijoux.com\/wp-content\/uploads\/2024\/04\/ethnic-bleu-irise-300x270.webp\" alt=\"Collier de style \u00e9gyptien en verre bleu iris\u00e9\" width=\"300\" height=\"270\" srcset=\"https:\/\/art-bijoux.com\/wp-content\/uploads\/2024\/04\/ethnic-bleu-irise-300x270.webp 300w, https:\/\/art-bijoux.com\/wp-content\/uploads\/2024\/04\/ethnic-bleu-irise-600x539.webp 600w, https:\/\/art-bijoux.com\/wp-content\/uploads\/2024\/04\/ethnic-bleu-irise-1024x921.webp 1024w, https:\/\/art-bijoux.com\/wp-content\/uploads\/2024\/04\/ethnic-bleu-irise-768x690.webp 768w, https:\/\/art-bijoux.com\/wp-content\/uploads\/2024\/04\/ethnic-bleu-irise-1536x1381.webp 1536w, https:\/\/art-bijoux.com\/wp-content\/uploads\/2024\/04\/ethnic-bleu-irise.webp 1920w\" sizes=\"(max-width: 300px) 100vw, 300px\" \/><figcaption id=\"caption-attachment-177\" class=\"wp-caption-text\">Deux rangs de 3 pi\u00e8ces au dessus d&#8217;une perle de verre<\/figcaption><\/figure>\n<p>Plongez dans l&#8217;h\u00e9ritage majestueux de l&#8217;\u00c9gypte ancienne avec notre collier inspir\u00e9 de ses nombreux bijoux, une pi\u00e8ce exquise qui capture l&#8217;essence de la grandeur antique. Chaque bijou est une \u0153uvre d&#8217;art unique, m\u00e9ticuleusement con\u00e7ue et fabriqu\u00e9e \u00e0 la main, affirmant notre engagement envers la cr\u00e9ativit\u00e9 et l&#8217;authenticit\u00e9 artisanale.<\/p>\n<p>Ce collier captivant se compose de six pi\u00e8ces en verre iridescent bleu clair, soud\u00e9es au-dessus d&#8217;une perle de verre iris\u00e9e dans les tons verts (symbole de la v\u00e9g\u00e9tation en \u00c9gypte antique) et bleus (le ciel), \u00e9voquant la richesse des tr\u00e9sors antiques. Deux rang\u00e9es de trois pi\u00e8ces arrondies sont soigneusement embo\u00eet\u00e9es les unes au-dessus des autres, cr\u00e9ant une esth\u00e9tique sym\u00e9trique et harmonieuse qui rappelle les motifs \u00e9gyptiens classiques.<\/p>\n<p>Chaque pi\u00e8ce est minutieusement coup\u00e9e, meul\u00e9e, puis sertie de cuivre et soud\u00e9e \u00e0 l&#8217;\u00e9tain, avant d&#8217;\u00eatre patin\u00e9e en cuivre ancien pour lui donner un aspect antique et raffin\u00e9. Une cha\u00eene gris fonc\u00e9, sans nickel, s&#8217;accroche \u00e0 deux anneaux argent\u00e9s, ajoutant une touche de modernit\u00e9 \u00e0 ce bijou d&#8217;inspiration ancienne.<\/p>\n<p>Hauteur : 8,5 cm, largeur : 8,4 cm, verre colorescent iris\u00e9<\/p>\n<p>Fragments de verre issus du trumeau &#8220;Lagune&#8221; :<\/p>\n<p><img decoding=\"async\" class=\"alignnone size-full wp-image-326\" src=\"https:\/\/art-bijoux.com\/wp-content\/uploads\/2024\/04\/Detail-8-lagune-jpeg_tm.jpg\" alt=\"\" width=\"90\" height=\"120\" \/><\/p>\n","protected":false},"excerpt":{"rendered":"<p>Un collier d&#8217;inspiration \u00e9gyptienne en verre bleu iris\u00e9<\/p>\n","protected":false},"featured_media":177,"comment_status":"open","ping_status":"closed","template":"","meta":[],"product_brand":[],"product_cat":[86],"product_tag":[36,31,34,27],"class_list":{"0":"post-318","1":"product","2":"type-product","3":"status-publish","4":"has-post-thumbnail","6":"product_cat-collier-tiffany","7":"product_tag-verre-abstrait","8":"product_tag-collier-verre-tiffany","9":"product_tag-spiritualite-croix-anges","10":"product_tag-tiffany-verre","11":"pa_bijou-collier","13":"first","14":"instock","15":"purchasable","16":"product-type-simple"},"_links":{"self":[{"href":"https:\/\/art-bijoux.com\/en\/wp-json\/wp\/v2\/product\/318","targetHints":{"allow":["GET"]}}],"collection":[{"href":"https:\/\/art-bijoux.com\/en\/wp-json\/wp\/v2\/product"}],"about":[{"href":"https:\/\/art-bijoux.com\/en\/wp-json\/wp\/v2\/types\/product"}],"replies":[{"embeddable":true,"href":"https:\/\/art-bijoux.com\/en\/wp-json\/wp\/v2\/comments?post=318"}],"version-history":[{"count":1,"href":"https:\/\/art-bijoux.com\/en\/wp-json\/wp\/v2\/product\/318\/revisions"}],"predecessor-version":[{"id":319,"href":"https:\/\/art-bijoux.com\/en\/wp-json\/wp\/v2\/product\/318\/revisions\/319"}],"wp:featuredmedia":[{"embeddable":true,"href":"https:\/\/art-bijoux.com\/en\/wp-json\/wp\/v2\/media\/177"}],"wp:attachment":[{"href":"https:\/\/art-bijoux.com\/en\/wp-json\/wp\/v2\/media?parent=318"}],"wp:term":[{"taxonomy":"product_brand","embeddable":true,"href":"https:\/\/art-bijoux.com\/en\/wp-json\/wp\/v2\/product_brand?post=318"},{"taxonomy":"product_cat","embeddable":true,"href":"https:\/\/art-bijoux.com\/en\/wp-json\/wp\/v2\/product_cat?post=318"},{"taxonomy":"product_tag","embeddable":true,"href":"https:\/\/art-bijoux.com\/en\/wp-json\/wp\/v2\/product_tag?post=318"}],"curies":[{"name":"wp","href":"https:\/\/api.w.org\/{rel}","templated":true}]}}