{"id":3248,"date":"2024-09-18T11:39:56","date_gmt":"2024-09-18T09:39:56","guid":{"rendered":"https:\/\/art-bijoux.com\/?post_type=product&#038;p=3248"},"modified":"2024-09-19T11:12:01","modified_gmt":"2024-09-19T09:12:01","slug":"pendentif-circulaire-avec-un-dragon-et-une-pierre-oeil-de-tigre","status":"publish","type":"product","link":"https:\/\/art-bijoux.com\/en\/boutique\/pendentif-circulaire-avec-un-dragon-et-une-pierre-oeil-de-tigre\/","title":{"rendered":"Pendentif circulaire avec un Dragon et une pierre oeil de tigre"},"content":{"rendered":"<figure id=\"attachment_3240\" aria-describedby=\"caption-attachment-3240\" style=\"width: 300px\" class=\"wp-caption alignleft\"><img fetchpriority=\"high\" decoding=\"async\" class=\"size-medium wp-image-3240\" src=\"https:\/\/art-bijoux.com\/wp-content\/uploads\/2024\/09\/Pendentif-circulaire-casse-dragon-300x300.webp\" alt=\"Pendentif circulaire en verre bleu nuit avec un dragon et un \u0153il de tigre\" width=\"300\" height=\"300\" srcset=\"https:\/\/art-bijoux.com\/wp-content\/uploads\/2024\/09\/Pendentif-circulaire-casse-dragon-300x300.webp 300w, https:\/\/art-bijoux.com\/wp-content\/uploads\/2024\/09\/Pendentif-circulaire-casse-dragon-150x150.webp 150w, https:\/\/art-bijoux.com\/wp-content\/uploads\/2024\/09\/Pendentif-circulaire-casse-dragon-768x768.webp 768w, https:\/\/art-bijoux.com\/wp-content\/uploads\/2024\/09\/Pendentif-circulaire-casse-dragon-600x600.webp 600w, https:\/\/art-bijoux.com\/wp-content\/uploads\/2024\/09\/Pendentif-circulaire-casse-dragon-100x100.webp 100w, https:\/\/art-bijoux.com\/wp-content\/uploads\/2024\/09\/Pendentif-circulaire-casse-dragon.webp 800w\" sizes=\"(max-width: 300px) 100vw, 300px\" \/><figcaption id=\"caption-attachment-3240\" class=\"wp-caption-text\">Pendentif circulaire en verre bleu nuit avec un dragon et un \u0153il de tigre<\/figcaption><\/figure>\n<p>Ce pendentif circulaire, d&#8217;un diam\u00e8tre de 5,8 cm, est une pi\u00e8ce unique r\u00e9alis\u00e9e \u00e0 partir de fragments de verres cass\u00e9s lors de la fusion, dont la beaut\u00e9 et les textures naturelles ont \u00e9t\u00e9 pr\u00e9serv\u00e9es. Chaque morceau a \u00e9t\u00e9 soigneusement meul\u00e9 et assembl\u00e9 selon la technique Tiffany, unissant les pi\u00e8ces par des sertissages en cuivre et des soudures.<\/p>\n<p>Un orifice a \u00e9t\u00e9 perc\u00e9 en haut du pendentif, permettant d&#8217;y fixer un anneau dor\u00e9, id\u00e9al pour l&#8217;accrocher \u00e0 une cha\u00eene ou un lacet. L&#8217;originalit\u00e9 de ce bijou r\u00e9side dans l&#8217;ajout d&#8217;une breloque repr\u00e9sentant un majestueux dragon, enroul\u00e9 autour d&#8217;une pierre \u0153il de tigre, symbole de protection et de force. Ce pendentif, \u00e0 la fois myst\u00e9rieux et \u00e9l\u00e9gant, marie subtilement la tradition verri\u00e8re et les symboles de la mythologie, pour un bijou qui capte l&#8217;attention.<\/p>\n","protected":false},"excerpt":{"rendered":"<p>Pendentif circulaire en verre bleu nuit avec un dragon et un \u0153il de tigre<\/p>\n","protected":false},"featured_media":3240,"comment_status":"open","ping_status":"closed","template":"","meta":[],"product_brand":[],"product_cat":[176,182,186,28],"product_tag":[29,49,26,27],"class_list":{"0":"post-3248","1":"product","2":"type-product","3":"status-publish","4":"has-post-thumbnail","6":"product_cat-breloque-bijou-verre","7":"product_cat-pendentif-fusing","8":"product_cat-bijou-pendentif-fusing-tiffany","9":"product_cat-pendentif-tiffany","10":"product_tag-breloque-metal-pierre","11":"product_tag-fusing-verre","12":"product_tag-pendentif-verre","13":"product_tag-tiffany-verre","14":"pa_bijou-pendentif","15":"pa_breloque-dragon","17":"first","18":"instock","19":"purchasable","20":"product-type-simple"},"_links":{"self":[{"href":"https:\/\/art-bijoux.com\/en\/wp-json\/wp\/v2\/product\/3248","targetHints":{"allow":["GET"]}}],"collection":[{"href":"https:\/\/art-bijoux.com\/en\/wp-json\/wp\/v2\/product"}],"about":[{"href":"https:\/\/art-bijoux.com\/en\/wp-json\/wp\/v2\/types\/product"}],"replies":[{"embeddable":true,"href":"https:\/\/art-bijoux.com\/en\/wp-json\/wp\/v2\/comments?post=3248"}],"version-history":[{"count":0,"href":"https:\/\/art-bijoux.com\/en\/wp-json\/wp\/v2\/product\/3248\/revisions"}],"wp:featuredmedia":[{"embeddable":true,"href":"https:\/\/art-bijoux.com\/en\/wp-json\/wp\/v2\/media\/3240"}],"wp:attachment":[{"href":"https:\/\/art-bijoux.com\/en\/wp-json\/wp\/v2\/media?parent=3248"}],"wp:term":[{"taxonomy":"product_brand","embeddable":true,"href":"https:\/\/art-bijoux.com\/en\/wp-json\/wp\/v2\/product_brand?post=3248"},{"taxonomy":"product_cat","embeddable":true,"href":"https:\/\/art-bijoux.com\/en\/wp-json\/wp\/v2\/product_cat?post=3248"},{"taxonomy":"product_tag","embeddable":true,"href":"https:\/\/art-bijoux.com\/en\/wp-json\/wp\/v2\/product_tag?post=3248"}],"curies":[{"name":"wp","href":"https:\/\/api.w.org\/{rel}","templated":true}]}}