{"id":3249,"date":"2024-09-18T11:47:37","date_gmt":"2024-09-18T09:47:37","guid":{"rendered":"https:\/\/art-bijoux.com\/?post_type=product&#038;p=3249"},"modified":"2024-09-19T11:11:01","modified_gmt":"2024-09-19T09:11:01","slug":"pendentif-dragon-fusing-tiffany","status":"publish","type":"product","link":"https:\/\/art-bijoux.com\/en\/boutique\/pendentif-dragon-fusing-tiffany\/","title":{"rendered":"Pendentif circulaire en verre bleu nuit, avec un filet dor\u00e9 et un dragon avec une aigue-marine"},"content":{"rendered":"<figure id=\"attachment_3241\" aria-describedby=\"caption-attachment-3241\" style=\"width: 300px\" class=\"wp-caption alignleft\"><img fetchpriority=\"high\" decoding=\"async\" class=\"size-medium wp-image-3241\" src=\"https:\/\/art-bijoux.com\/wp-content\/uploads\/2024\/09\/Pendentif-circulaire-dragon-300x300.webp\" alt=\"Pendentif circulaire avec un filet dor\u00e9 et un dragon avec une aigue-marine\" width=\"300\" height=\"300\" srcset=\"https:\/\/art-bijoux.com\/wp-content\/uploads\/2024\/09\/Pendentif-circulaire-dragon-300x300.webp 300w, https:\/\/art-bijoux.com\/wp-content\/uploads\/2024\/09\/Pendentif-circulaire-dragon-150x150.webp 150w, https:\/\/art-bijoux.com\/wp-content\/uploads\/2024\/09\/Pendentif-circulaire-dragon-768x769.webp 768w, https:\/\/art-bijoux.com\/wp-content\/uploads\/2024\/09\/Pendentif-circulaire-dragon-600x601.webp 600w, https:\/\/art-bijoux.com\/wp-content\/uploads\/2024\/09\/Pendentif-circulaire-dragon-100x100.webp 100w, https:\/\/art-bijoux.com\/wp-content\/uploads\/2024\/09\/Pendentif-circulaire-dragon.webp 800w\" sizes=\"(max-width: 300px) 100vw, 300px\" \/><figcaption id=\"caption-attachment-3241\" class=\"wp-caption-text\">Pendentif circulaire avec un filet dor\u00e9 et un dragon avec une aigue-marine<\/figcaption><\/figure>\n<p>Ce pendentif circulaire, d&#8217;un diam\u00e8tre de 6 cm, est une pi\u00e8ce unique r\u00e9alis\u00e9e \u00e0 partir d&#8217;un verre bleu nuit, presque noir, sur la surface duquel des \u00e9clats ont \u00e9t\u00e9 discr\u00e8tement fondus. Chaque morceau a \u00e9t\u00e9 soigneusement meul\u00e9 et assembl\u00e9 selon la technique Tiffany, unissant les pi\u00e8ces par des sertissages en cuivre et des soudures.<\/p>\n<p>Un filet dor\u00e9 a \u00e9t\u00e9 fix\u00e9 sur le pourtour, lui donnant un aspect luxueux et ancien.<\/p>\n<p>Un orifice a \u00e9t\u00e9 perc\u00e9 en haut du pendentif, permettant d&#8217;y fixer un anneau dor\u00e9, id\u00e9al pour l&#8217;accrocher \u00e0 une cha\u00eene ou un lacet. L&#8217;originalit\u00e9 de ce bijou r\u00e9side dans l&#8217;ajout d&#8217;une breloque repr\u00e9sentant un majestueux dragon, enroul\u00e9 autour d&#8217;une pierre aigue-marine, symbole de fid\u00e9lit\u00e9 et d&#8217;amour. Ce pendentif, \u00e0 la fois myst\u00e9rieux et \u00e9l\u00e9gant, marie subtilement la tradition verri\u00e8re et les symboles de la mythologie, pour un bijou qui capte l&#8217;attention.<\/p>\n","protected":false},"excerpt":{"rendered":"<p>Pendentif circulaire avec un filet dor\u00e9 et un dragon avec une aigue-marine<\/p>\n","protected":false},"featured_media":3241,"comment_status":"open","ping_status":"closed","template":"","meta":[],"product_brand":[],"product_cat":[176,182,186,28],"product_tag":[29,49,26,27],"class_list":{"0":"post-3249","1":"product","2":"type-product","3":"status-publish","4":"has-post-thumbnail","6":"product_cat-breloque-bijou-verre","7":"product_cat-pendentif-fusing","8":"product_cat-bijou-pendentif-fusing-tiffany","9":"product_cat-pendentif-tiffany","10":"product_tag-breloque-metal-pierre","11":"product_tag-fusing-verre","12":"product_tag-pendentif-verre","13":"product_tag-tiffany-verre","14":"pa_bijou-pendentif","15":"pa_breloque-dragon","17":"first","18":"instock","19":"purchasable","20":"product-type-simple"},"_links":{"self":[{"href":"https:\/\/art-bijoux.com\/en\/wp-json\/wp\/v2\/product\/3249","targetHints":{"allow":["GET"]}}],"collection":[{"href":"https:\/\/art-bijoux.com\/en\/wp-json\/wp\/v2\/product"}],"about":[{"href":"https:\/\/art-bijoux.com\/en\/wp-json\/wp\/v2\/types\/product"}],"replies":[{"embeddable":true,"href":"https:\/\/art-bijoux.com\/en\/wp-json\/wp\/v2\/comments?post=3249"}],"version-history":[{"count":0,"href":"https:\/\/art-bijoux.com\/en\/wp-json\/wp\/v2\/product\/3249\/revisions"}],"wp:featuredmedia":[{"embeddable":true,"href":"https:\/\/art-bijoux.com\/en\/wp-json\/wp\/v2\/media\/3241"}],"wp:attachment":[{"href":"https:\/\/art-bijoux.com\/en\/wp-json\/wp\/v2\/media?parent=3249"}],"wp:term":[{"taxonomy":"product_brand","embeddable":true,"href":"https:\/\/art-bijoux.com\/en\/wp-json\/wp\/v2\/product_brand?post=3249"},{"taxonomy":"product_cat","embeddable":true,"href":"https:\/\/art-bijoux.com\/en\/wp-json\/wp\/v2\/product_cat?post=3249"},{"taxonomy":"product_tag","embeddable":true,"href":"https:\/\/art-bijoux.com\/en\/wp-json\/wp\/v2\/product_tag?post=3249"}],"curies":[{"name":"wp","href":"https:\/\/api.w.org\/{rel}","templated":true}]}}