{"id":327,"date":"2024-04-28T19:26:41","date_gmt":"2024-04-28T17:26:41","guid":{"rendered":"https:\/\/art-bijoux.com\/?post_type=product&#038;p=327"},"modified":"2024-05-27T20:42:59","modified_gmt":"2024-05-27T18:42:59","slug":"collier-feuille-de-vigne-et-raisin-en-verre-precieux-elegance-naturelle-unique","status":"publish","type":"product","link":"https:\/\/art-bijoux.com\/en\/boutique\/collier-feuille-de-vigne-et-raisin-en-verre-precieux-elegance-naturelle-unique\/","title":{"rendered":"Vigne Int\u00e9grale &#8211; Collier Feuille de Vigne et Raisin en Verre Pr\u00e9cieux &#8211; \u00c9l\u00e9gance Naturelle Unique"},"content":{"rendered":"<figure id=\"attachment_200\" aria-describedby=\"caption-attachment-200\" style=\"width: 229px\" class=\"wp-caption alignleft\"><img fetchpriority=\"high\" decoding=\"async\" class=\"size-medium wp-image-200\" src=\"https:\/\/art-bijoux.com\/wp-content\/uploads\/2024\/04\/Pendentif-vigne-229x300.webp\" alt=\"Une feuille de vigne et une grappe de raisin\" width=\"229\" height=\"300\" srcset=\"https:\/\/art-bijoux.com\/wp-content\/uploads\/2024\/04\/Pendentif-vigne-229x300.webp 229w, https:\/\/art-bijoux.com\/wp-content\/uploads\/2024\/04\/Pendentif-vigne-600x787.webp 600w, https:\/\/art-bijoux.com\/wp-content\/uploads\/2024\/04\/Pendentif-vigne-781x1024.webp 781w, https:\/\/art-bijoux.com\/wp-content\/uploads\/2024\/04\/Pendentif-vigne-768x1007.webp 768w, https:\/\/art-bijoux.com\/wp-content\/uploads\/2024\/04\/Pendentif-vigne-1171x1536.webp 1171w, https:\/\/art-bijoux.com\/wp-content\/uploads\/2024\/04\/Pendentif-vigne.webp 1464w\" sizes=\"(max-width: 229px) 100vw, 229px\" \/><figcaption id=\"caption-attachment-200\" class=\"wp-caption-text\">Une feuille de vigne sous laquelle s&#8217;accroche une grappe de raisin<\/figcaption><\/figure>\n<p>Explorez la beaut\u00e9 de notre collier figuratif repr\u00e9sentant une feuille de vigne et une grappe de raisin, une pi\u00e8ce exquise qui capture la splendeur de la nature \u00e0 l&#8217;automne et la vitalit\u00e9 du travail des vignerons. Chaque bijou est une \u0153uvre d&#8217;art unique, m\u00e9ticuleusement con\u00e7ue et fabriqu\u00e9e \u00e0 la main, affirmant notre engagement envers la cr\u00e9ativit\u00e9 et la qualit\u00e9 artisanale.<\/p>\n<p>La feuille de vigne se compose de trois pi\u00e8ces en verre pr\u00e9cieux, souffl\u00e9 artisanalement, irr\u00e9gulier et moul\u00e9 avec des vagues qui tamisent la lumi\u00e8re, \u00e9voquant la texture et la complexit\u00e9 de la nature. Une tige discr\u00e8te traverse la feuille, ajoutant un r\u00e9alisme saisissant \u00e0 cette pi\u00e8ce remarquable.<\/p>\n<p>\u00c0 droite de la feuille, une grappe de raisin se d\u00e9ploie, compos\u00e9e de huit grains de verre violet colorescent. La r\u00e9alisation de pi\u00e8ces arrondies est la plus difficile \u00e0 couper en vitrail.<\/p>\n<p>Chaque d\u00e9tail est soigneusement travaill\u00e9, chaque pi\u00e8ce de verre est finement dessin\u00e9e pour pr\u00e9server sa beaut\u00e9 originelle, et chaque \u00e9l\u00e9ment est serti de cuivre, soud\u00e9 \u00e0 l&#8217;\u00e9tain, et patin\u00e9 pour lui donner un aspect vintage et authentique.<\/p>\n<p>Deux b\u00e9li\u00e8res, solidement soud\u00e9es \u00e0 l\u2019arri\u00e8re, permettent de passer une cha\u00eene ou un lacet, \u00e0 vous de choisir !<\/p>\n<p>Hauteur : 11 cm, largeur : 8 cm, verre colorescent violet clair et verre pr\u00e9cieux vert et tons d&#8217;automne.<\/p>\n<p>Quand vous portez ce pendentif imposant, pensez \u00e0 la magnifique lampe Tiffany de 1000 pi\u00e8ces repr\u00e9sentant une vigne dont les fragments sont issus :<\/p>\n<p><img decoding=\"async\" class=\"alignnone size-medium wp-image-328\" src=\"https:\/\/art-bijoux.com\/wp-content\/uploads\/2024\/04\/Lampe-vigne-1-300x233.webp\" alt=\"\" width=\"300\" height=\"233\" srcset=\"https:\/\/art-bijoux.com\/wp-content\/uploads\/2024\/04\/Lampe-vigne-1-300x233.webp 300w, https:\/\/art-bijoux.com\/wp-content\/uploads\/2024\/04\/Lampe-vigne-1-600x467.webp 600w, https:\/\/art-bijoux.com\/wp-content\/uploads\/2024\/04\/Lampe-vigne-1-768x597.webp 768w, https:\/\/art-bijoux.com\/wp-content\/uploads\/2024\/04\/Lampe-vigne-1.webp 800w\" sizes=\"(max-width: 300px) 100vw, 300px\" \/><\/p>\n<p>&nbsp;<\/p>\n<p>&nbsp;<\/p>\n","protected":false},"excerpt":{"rendered":"<p><img decoding=\"async\" class=\"alignnone size-medium wp-image-322\" src=\"https:\/\/art-bijoux.com\/wp-content\/uploads\/2024\/04\/Lampe-vigne-300x233.webp\" alt=\"\" width=\"300\" height=\"233\" srcset=\"https:\/\/art-bijoux.com\/wp-content\/uploads\/2024\/04\/Lampe-vigne-300x233.webp 300w, https:\/\/art-bijoux.com\/wp-content\/uploads\/2024\/04\/Lampe-vigne-600x467.webp 600w, https:\/\/art-bijoux.com\/wp-content\/uploads\/2024\/04\/Lampe-vigne-768x597.webp 768w, https:\/\/art-bijoux.com\/wp-content\/uploads\/2024\/04\/Lampe-vigne.webp 800w\" sizes=\"(max-width: 300px) 100vw, 300px\" \/><\/p>\n<p>Morceau de vigne avec grappe de raisin<\/p>\n","protected":false},"featured_media":200,"comment_status":"open","ping_status":"closed","template":"","meta":[],"product_brand":[],"product_cat":[28],"product_tag":[26,27,33],"class_list":{"0":"post-327","1":"product","2":"type-product","3":"status-publish","4":"has-post-thumbnail","6":"product_cat-pendentif-tiffany","7":"product_tag-pendentif-verre","8":"product_tag-tiffany-verre","9":"product_tag-vigne-verre-tiffany-soie","11":"first","12":"instock","13":"purchasable","14":"product-type-simple"},"_links":{"self":[{"href":"https:\/\/art-bijoux.com\/en\/wp-json\/wp\/v2\/product\/327","targetHints":{"allow":["GET"]}}],"collection":[{"href":"https:\/\/art-bijoux.com\/en\/wp-json\/wp\/v2\/product"}],"about":[{"href":"https:\/\/art-bijoux.com\/en\/wp-json\/wp\/v2\/types\/product"}],"replies":[{"embeddable":true,"href":"https:\/\/art-bijoux.com\/en\/wp-json\/wp\/v2\/comments?post=327"}],"version-history":[{"count":1,"href":"https:\/\/art-bijoux.com\/en\/wp-json\/wp\/v2\/product\/327\/revisions"}],"predecessor-version":[{"id":342,"href":"https:\/\/art-bijoux.com\/en\/wp-json\/wp\/v2\/product\/327\/revisions\/342"}],"wp:featuredmedia":[{"embeddable":true,"href":"https:\/\/art-bijoux.com\/en\/wp-json\/wp\/v2\/media\/200"}],"wp:attachment":[{"href":"https:\/\/art-bijoux.com\/en\/wp-json\/wp\/v2\/media?parent=327"}],"wp:term":[{"taxonomy":"product_brand","embeddable":true,"href":"https:\/\/art-bijoux.com\/en\/wp-json\/wp\/v2\/product_brand?post=327"},{"taxonomy":"product_cat","embeddable":true,"href":"https:\/\/art-bijoux.com\/en\/wp-json\/wp\/v2\/product_cat?post=327"},{"taxonomy":"product_tag","embeddable":true,"href":"https:\/\/art-bijoux.com\/en\/wp-json\/wp\/v2\/product_tag?post=327"}],"curies":[{"name":"wp","href":"https:\/\/api.w.org\/{rel}","templated":true}]}}