{"id":3289,"date":"2024-09-27T15:12:19","date_gmt":"2024-09-27T13:12:19","guid":{"rendered":"https:\/\/art-bijoux.com\/?post_type=product&#038;p=3289"},"modified":"2024-09-27T15:12:19","modified_gmt":"2024-09-27T13:12:19","slug":"pont-de-lianes-aquarelle","status":"publish","type":"product","link":"https:\/\/art-bijoux.com\/en\/boutique\/pont-de-lianes-aquarelle\/","title":{"rendered":"Pont de lianes, aquarelle"},"content":{"rendered":"<figure id=\"attachment_3282\" aria-describedby=\"caption-attachment-3282\" style=\"width: 300px\" class=\"wp-caption alignleft\"><img fetchpriority=\"high\" decoding=\"async\" class=\"size-medium wp-image-3282\" src=\"https:\/\/art-bijoux.com\/wp-content\/uploads\/2024\/09\/Pont-de-liane-300x243.jpg\" alt=\"Pont de lianes, C\u00f4te d'Ivoire, aquarelle\" width=\"300\" height=\"243\" srcset=\"https:\/\/art-bijoux.com\/wp-content\/uploads\/2024\/09\/Pont-de-liane-300x243.jpg 300w, https:\/\/art-bijoux.com\/wp-content\/uploads\/2024\/09\/Pont-de-liane-768x622.jpg 768w, https:\/\/art-bijoux.com\/wp-content\/uploads\/2024\/09\/Pont-de-liane-600x486.jpg 600w, https:\/\/art-bijoux.com\/wp-content\/uploads\/2024\/09\/Pont-de-liane.jpg 800w\" sizes=\"(max-width: 300px) 100vw, 300px\" \/><figcaption id=\"caption-attachment-3282\" class=\"wp-caption-text\">Pont de lianes, C\u00f4te d&#8217;Ivoire, aquarelle<\/figcaption><\/figure>\n<p>J\u2019ai d\u00e9couvert la R\u00e9publique de C\u00f4te d\u2019Ivoire dans les ann\u00e9es 1990. Depuis, j\u2019ai gard\u00e9 les amis que j\u2019ai rencontr\u00e9 l\u00e0-bas. Les paysages m\u2019ont inspir\u00e9 des aquarelles et des soieries.<\/p>\n","protected":false},"excerpt":{"rendered":"<p>Pont de lianes, aquarelle. Paysage du nord de la C\u00f4te d&#8217;Ivoire.<\/p>\n","protected":false},"featured_media":3282,"comment_status":"open","ping_status":"closed","template":"","meta":[],"product_brand":[],"product_cat":[225,261],"product_tag":[221],"class_list":{"0":"post-3289","1":"product","2":"type-product","3":"status-publish","4":"has-post-thumbnail","6":"product_cat-aquarelle-tableau-papier","7":"product_cat-paysage","8":"product_tag-tableau","9":"pa_tableau-aquarelle-paysage","11":"first","12":"outofstock","13":"purchasable","14":"product-type-simple"},"yoast_head":"<!-- This site is optimized with the Yoast SEO plugin v27.4 - https:\/\/yoast.com\/product\/yoast-seo-wordpress\/ -->\n<title>Pont de lianes, aquarelle - art-bijoux<\/title>\n<meta name=\"description\" content=\"J\u2019ai d\u00e9couvert la R\u00e9publique de C\u00f4te d\u2019Ivoire dans les ann\u00e9es 1990. Les paysages m\u2019ont inspir\u00e9 des aquarelles et des soieries.\" \/>\n<meta name=\"robots\" content=\"index, follow, max-snippet:-1, max-image-preview:large, max-video-preview:-1\" \/>\n<link rel=\"canonical\" href=\"https:\/\/art-bijoux.com\/en\/boutique\/pont-de-lianes-aquarelle\/\" \/>\n<meta property=\"og:locale\" content=\"en_US\" \/>\n<meta property=\"og:type\" content=\"article\" \/>\n<meta property=\"og:title\" content=\"Pont de lianes, aquarelle - art-bijoux\" \/>\n<meta property=\"og:description\" content=\"J\u2019ai d\u00e9couvert la R\u00e9publique de C\u00f4te d\u2019Ivoire dans les ann\u00e9es 1990. Les paysages m\u2019ont inspir\u00e9 des aquarelles et des soieries.\" \/>\n<meta property=\"og:url\" content=\"https:\/\/art-bijoux.com\/en\/boutique\/pont-de-lianes-aquarelle\/\" \/>\n<meta property=\"og:site_name\" content=\"art-bijoux\" \/>\n<meta property=\"og:image\" content=\"https:\/\/art-bijoux.com\/wp-content\/uploads\/2024\/09\/Pont-de-liane.jpg\" \/>\n\t<meta property=\"og:image:width\" content=\"800\" \/>\n\t<meta property=\"og:image:height\" content=\"648\" \/>\n\t<meta property=\"og:image:type\" content=\"image\/jpeg\" \/>\n<meta name=\"twitter:card\" content=\"summary_large_image\" \/>\n<meta name=\"twitter:label1\" content=\"Est. reading time\" \/>\n\t<meta name=\"twitter:data1\" content=\"1 minute\" \/>\n<script type=\"application\/ld+json\" class=\"yoast-schema-graph\">{\"@context\":\"https:\\\/\\\/schema.org\",\"@graph\":[{\"@type\":\"WebPage\",\"@id\":\"https:\\\/\\\/art-bijoux.com\\\/en\\\/boutique\\\/pont-de-lianes-aquarelle\\\/\",\"url\":\"https:\\\/\\\/art-bijoux.com\\\/en\\\/boutique\\\/pont-de-lianes-aquarelle\\\/\",\"name\":\"Pont de lianes, aquarelle - art-bijoux\",\"isPartOf\":{\"@id\":\"https:\\\/\\\/art-bijoux.com\\\/en\\\/#website\"},\"primaryImageOfPage\":{\"@id\":\"https:\\\/\\\/art-bijoux.com\\\/en\\\/boutique\\\/pont-de-lianes-aquarelle\\\/#primaryimage\"},\"image\":{\"@id\":\"https:\\\/\\\/art-bijoux.com\\\/en\\\/boutique\\\/pont-de-lianes-aquarelle\\\/#primaryimage\"},\"thumbnailUrl\":\"https:\\\/\\\/art-bijoux.com\\\/wp-content\\\/uploads\\\/2024\\\/09\\\/Pont-de-liane.jpg\",\"datePublished\":\"2024-09-27T13:12:19+00:00\",\"description\":\"J\u2019ai d\u00e9couvert la R\u00e9publique de C\u00f4te d\u2019Ivoire dans les ann\u00e9es 1990. Les paysages m\u2019ont inspir\u00e9 des aquarelles et des soieries.\",\"breadcrumb\":{\"@id\":\"https:\\\/\\\/art-bijoux.com\\\/en\\\/boutique\\\/pont-de-lianes-aquarelle\\\/#breadcrumb\"},\"inLanguage\":\"en-US\",\"potentialAction\":[{\"@type\":\"ReadAction\",\"target\":[\"https:\\\/\\\/art-bijoux.com\\\/en\\\/boutique\\\/pont-de-lianes-aquarelle\\\/\"]}]},{\"@type\":\"ImageObject\",\"inLanguage\":\"en-US\",\"@id\":\"https:\\\/\\\/art-bijoux.com\\\/en\\\/boutique\\\/pont-de-lianes-aquarelle\\\/#primaryimage\",\"url\":\"https:\\\/\\\/art-bijoux.com\\\/wp-content\\\/uploads\\\/2024\\\/09\\\/Pont-de-liane.jpg\",\"contentUrl\":\"https:\\\/\\\/art-bijoux.com\\\/wp-content\\\/uploads\\\/2024\\\/09\\\/Pont-de-liane.jpg\",\"width\":800,\"height\":648,\"caption\":\"Pont de lianes, C\u00f4te d'Ivoire, aquarelle\"},{\"@type\":\"BreadcrumbList\",\"@id\":\"https:\\\/\\\/art-bijoux.com\\\/en\\\/boutique\\\/pont-de-lianes-aquarelle\\\/#breadcrumb\",\"itemListElement\":[{\"@type\":\"ListItem\",\"position\":1,\"name\":\"Accueil\",\"item\":\"https:\\\/\\\/art-bijoux.com\\\/en\\\/home\\\/\"},{\"@type\":\"ListItem\",\"position\":2,\"name\":\"Shop\",\"item\":\"https:\\\/\\\/art-bijoux.com\\\/en\\\/shop\\\/\"},{\"@type\":\"ListItem\",\"position\":3,\"name\":\"Pont de lianes, aquarelle\"}]},{\"@type\":\"WebSite\",\"@id\":\"https:\\\/\\\/art-bijoux.com\\\/en\\\/#website\",\"url\":\"https:\\\/\\\/art-bijoux.com\\\/en\\\/\",\"name\":\"art-bijoux\",\"description\":\"Osez porter \\\/ offrir un vitrail unique \u00e0 prix abordable\",\"publisher\":{\"@id\":\"https:\\\/\\\/art-bijoux.com\\\/en\\\/#organization\"},\"potentialAction\":[{\"@type\":\"SearchAction\",\"target\":{\"@type\":\"EntryPoint\",\"urlTemplate\":\"https:\\\/\\\/art-bijoux.com\\\/en\\\/?s={search_term_string}\"},\"query-input\":{\"@type\":\"PropertyValueSpecification\",\"valueRequired\":true,\"valueName\":\"search_term_string\"}}],\"inLanguage\":\"en-US\"},{\"@type\":\"Organization\",\"@id\":\"https:\\\/\\\/art-bijoux.com\\\/en\\\/#organization\",\"name\":\"art-bijoux\",\"url\":\"https:\\\/\\\/art-bijoux.com\\\/en\\\/\",\"logo\":{\"@type\":\"ImageObject\",\"inLanguage\":\"en-US\",\"@id\":\"https:\\\/\\\/art-bijoux.com\\\/en\\\/#\\\/schema\\\/logo\\\/image\\\/\",\"url\":\"https:\\\/\\\/art-bijoux.com\\\/wp-content\\\/uploads\\\/2024\\\/06\\\/Art-Bijoux-Logo-Small.png\",\"contentUrl\":\"https:\\\/\\\/art-bijoux.com\\\/wp-content\\\/uploads\\\/2024\\\/06\\\/Art-Bijoux-Logo-Small.png\",\"width\":722,\"height\":137,\"caption\":\"art-bijoux\"},\"image\":{\"@id\":\"https:\\\/\\\/art-bijoux.com\\\/en\\\/#\\\/schema\\\/logo\\\/image\\\/\"}}]}<\/script>\n<!-- \/ Yoast SEO plugin. -->","yoast_head_json":{"title":"Pont de lianes, aquarelle - art-bijoux","description":"J\u2019ai d\u00e9couvert la R\u00e9publique de C\u00f4te d\u2019Ivoire dans les ann\u00e9es 1990. Les paysages m\u2019ont inspir\u00e9 des aquarelles et des soieries.","robots":{"index":"index","follow":"follow","max-snippet":"max-snippet:-1","max-image-preview":"max-image-preview:large","max-video-preview":"max-video-preview:-1"},"canonical":"https:\/\/art-bijoux.com\/en\/boutique\/pont-de-lianes-aquarelle\/","og_locale":"en_US","og_type":"article","og_title":"Pont de lianes, aquarelle - art-bijoux","og_description":"J\u2019ai d\u00e9couvert la R\u00e9publique de C\u00f4te d\u2019Ivoire dans les ann\u00e9es 1990. Les paysages m\u2019ont inspir\u00e9 des aquarelles et des soieries.","og_url":"https:\/\/art-bijoux.com\/en\/boutique\/pont-de-lianes-aquarelle\/","og_site_name":"art-bijoux","og_image":[{"width":800,"height":648,"url":"https:\/\/art-bijoux.com\/wp-content\/uploads\/2024\/09\/Pont-de-liane.jpg","type":"image\/jpeg"}],"twitter_card":"summary_large_image","twitter_misc":{"Est. reading time":"1 minute"},"schema":{"@context":"https:\/\/schema.org","@graph":[{"@type":"WebPage","@id":"https:\/\/art-bijoux.com\/en\/boutique\/pont-de-lianes-aquarelle\/","url":"https:\/\/art-bijoux.com\/en\/boutique\/pont-de-lianes-aquarelle\/","name":"Pont de lianes, aquarelle - art-bijoux","isPartOf":{"@id":"https:\/\/art-bijoux.com\/en\/#website"},"primaryImageOfPage":{"@id":"https:\/\/art-bijoux.com\/en\/boutique\/pont-de-lianes-aquarelle\/#primaryimage"},"image":{"@id":"https:\/\/art-bijoux.com\/en\/boutique\/pont-de-lianes-aquarelle\/#primaryimage"},"thumbnailUrl":"https:\/\/art-bijoux.com\/wp-content\/uploads\/2024\/09\/Pont-de-liane.jpg","datePublished":"2024-09-27T13:12:19+00:00","description":"J\u2019ai d\u00e9couvert la R\u00e9publique de C\u00f4te d\u2019Ivoire dans les ann\u00e9es 1990. Les paysages m\u2019ont inspir\u00e9 des aquarelles et des soieries.","breadcrumb":{"@id":"https:\/\/art-bijoux.com\/en\/boutique\/pont-de-lianes-aquarelle\/#breadcrumb"},"inLanguage":"en-US","potentialAction":[{"@type":"ReadAction","target":["https:\/\/art-bijoux.com\/en\/boutique\/pont-de-lianes-aquarelle\/"]}]},{"@type":"ImageObject","inLanguage":"en-US","@id":"https:\/\/art-bijoux.com\/en\/boutique\/pont-de-lianes-aquarelle\/#primaryimage","url":"https:\/\/art-bijoux.com\/wp-content\/uploads\/2024\/09\/Pont-de-liane.jpg","contentUrl":"https:\/\/art-bijoux.com\/wp-content\/uploads\/2024\/09\/Pont-de-liane.jpg","width":800,"height":648,"caption":"Pont de lianes, C\u00f4te d'Ivoire, aquarelle"},{"@type":"BreadcrumbList","@id":"https:\/\/art-bijoux.com\/en\/boutique\/pont-de-lianes-aquarelle\/#breadcrumb","itemListElement":[{"@type":"ListItem","position":1,"name":"Accueil","item":"https:\/\/art-bijoux.com\/en\/home\/"},{"@type":"ListItem","position":2,"name":"Shop","item":"https:\/\/art-bijoux.com\/en\/shop\/"},{"@type":"ListItem","position":3,"name":"Pont de lianes, aquarelle"}]},{"@type":"WebSite","@id":"https:\/\/art-bijoux.com\/en\/#website","url":"https:\/\/art-bijoux.com\/en\/","name":"art-bijoux","description":"Osez porter \/ offrir un vitrail unique \u00e0 prix abordable","publisher":{"@id":"https:\/\/art-bijoux.com\/en\/#organization"},"potentialAction":[{"@type":"SearchAction","target":{"@type":"EntryPoint","urlTemplate":"https:\/\/art-bijoux.com\/en\/?s={search_term_string}"},"query-input":{"@type":"PropertyValueSpecification","valueRequired":true,"valueName":"search_term_string"}}],"inLanguage":"en-US"},{"@type":"Organization","@id":"https:\/\/art-bijoux.com\/en\/#organization","name":"art-bijoux","url":"https:\/\/art-bijoux.com\/en\/","logo":{"@type":"ImageObject","inLanguage":"en-US","@id":"https:\/\/art-bijoux.com\/en\/#\/schema\/logo\/image\/","url":"https:\/\/art-bijoux.com\/wp-content\/uploads\/2024\/06\/Art-Bijoux-Logo-Small.png","contentUrl":"https:\/\/art-bijoux.com\/wp-content\/uploads\/2024\/06\/Art-Bijoux-Logo-Small.png","width":722,"height":137,"caption":"art-bijoux"},"image":{"@id":"https:\/\/art-bijoux.com\/en\/#\/schema\/logo\/image\/"}}]}},"_links":{"self":[{"href":"https:\/\/art-bijoux.com\/en\/wp-json\/wp\/v2\/product\/3289","targetHints":{"allow":["GET"]}}],"collection":[{"href":"https:\/\/art-bijoux.com\/en\/wp-json\/wp\/v2\/product"}],"about":[{"href":"https:\/\/art-bijoux.com\/en\/wp-json\/wp\/v2\/types\/product"}],"replies":[{"embeddable":true,"href":"https:\/\/art-bijoux.com\/en\/wp-json\/wp\/v2\/comments?post=3289"}],"version-history":[{"count":0,"href":"https:\/\/art-bijoux.com\/en\/wp-json\/wp\/v2\/product\/3289\/revisions"}],"wp:featuredmedia":[{"embeddable":true,"href":"https:\/\/art-bijoux.com\/en\/wp-json\/wp\/v2\/media\/3282"}],"wp:attachment":[{"href":"https:\/\/art-bijoux.com\/en\/wp-json\/wp\/v2\/media?parent=3289"}],"wp:term":[{"taxonomy":"product_brand","embeddable":true,"href":"https:\/\/art-bijoux.com\/en\/wp-json\/wp\/v2\/product_brand?post=3289"},{"taxonomy":"product_cat","embeddable":true,"href":"https:\/\/art-bijoux.com\/en\/wp-json\/wp\/v2\/product_cat?post=3289"},{"taxonomy":"product_tag","embeddable":true,"href":"https:\/\/art-bijoux.com\/en\/wp-json\/wp\/v2\/product_tag?post=3289"}],"curies":[{"name":"wp","href":"https:\/\/api.w.org\/{rel}","templated":true}]}}