{"id":329,"date":"2024-04-28T19:26:30","date_gmt":"2024-04-28T17:26:30","guid":{"rendered":"https:\/\/art-bijoux.com\/?post_type=product&#038;p=329"},"modified":"2024-05-28T18:29:06","modified_gmt":"2024-05-28T16:29:06","slug":"pendentif-celtique-verre-orange","status":"publish","type":"product","link":"https:\/\/art-bijoux.com\/en\/boutique\/pendentif-celtique-verre-orange\/","title":{"rendered":"Entrelacs Celtique &#8211; Pendentif en Verre Orang\u00e9 Semi-transparent &#8211; \u00c9l\u00e9gance Ancienne Unique"},"content":{"rendered":"<figure id=\"attachment_176\" aria-describedby=\"caption-attachment-176\" style=\"width: 300px\" class=\"wp-caption alignleft\"><img fetchpriority=\"high\" decoding=\"async\" class=\"size-medium wp-image-176\" src=\"https:\/\/art-bijoux.com\/wp-content\/uploads\/2024\/04\/entrelacs-celtique-300x279.webp\" alt=\"Entrelacs de cercles inspiration celtique\" width=\"300\" height=\"279\" srcset=\"https:\/\/art-bijoux.com\/wp-content\/uploads\/2024\/04\/entrelacs-celtique-300x279.webp 300w, https:\/\/art-bijoux.com\/wp-content\/uploads\/2024\/04\/entrelacs-celtique-600x558.webp 600w, https:\/\/art-bijoux.com\/wp-content\/uploads\/2024\/04\/entrelacs-celtique-1024x952.webp 1024w, https:\/\/art-bijoux.com\/wp-content\/uploads\/2024\/04\/entrelacs-celtique-768x714.webp 768w, https:\/\/art-bijoux.com\/wp-content\/uploads\/2024\/04\/entrelacs-celtique-1536x1428.webp 1536w, https:\/\/art-bijoux.com\/wp-content\/uploads\/2024\/04\/entrelacs-celtique.webp 1920w\" sizes=\"(max-width: 300px) 100vw, 300px\" \/><figcaption id=\"caption-attachment-176\" class=\"wp-caption-text\">D&#8217;inspiration celtique, 6 pi\u00e8ces de verre orang\u00e9, soud\u00e9s en cercles entrelac\u00e9s, symbolisent l&#8217;\u00e9ternit\u00e9<\/figcaption><\/figure>\n<p>Plongez dans l&#8217;histoire mystique des Celtes avec notre pendentif d&#8217;inspiration celtique, une pi\u00e8ce remarquable qui \u00e9voque la beaut\u00e9 et le symbolisme des anciens. Chaque bijou est une \u0153uvre d&#8217;art unique, m\u00e9ticuleusement con\u00e7ue et fabriqu\u00e9e \u00e0 la main, affirmant notre engagement envers la cr\u00e9ativit\u00e9 et l&#8217;authenticit\u00e9 artisanale.<\/p>\n<p>Ce pendentif envo\u00fbtant se compose d&#8217;un entrelacs, symbole d&#8217;\u00e9ternit\u00e9, de six pi\u00e8ces circulaires, qui s&#8217;imbriquent avec \u00e9l\u00e9gance pour cr\u00e9er un motif celtique complexe et \u00e9vocateur de croyances anciennes. Chaque pi\u00e8ce est finement meul\u00e9e dans du verre orang\u00e9 semi-transparent, capturant la lumi\u00e8re avec une lueur chaude et envo\u00fbtante.<\/p>\n<p>Deux anneaux cuivr\u00e9s, ajoutant une touche d&#8217;authenticit\u00e9 rustique, permettent de passer une cha\u00eene ou un lacet, offrant polyvalence et adaptabilit\u00e9 \u00e0 ce bijou exceptionnel. Le pourtour du pendentif est patin\u00e9 en cuivre ancien, lui conf\u00e9rant une aura antique et une \u00e9l\u00e9gance intemporelle.<\/p>\n<p>Hauteur : 6,5, largeur : 5 cm, verre orang\u00e9 semi-transparent<\/p>\n","protected":false},"excerpt":{"rendered":"<p>D&#8217;inspiration celtique, 6 cercles entrelac\u00e9s<\/p>\n","protected":false},"featured_media":176,"comment_status":"open","ping_status":"closed","template":"","meta":[],"product_brand":[],"product_cat":[28],"product_tag":[26,34,27],"class_list":{"0":"post-329","1":"product","2":"type-product","3":"status-publish","4":"has-post-thumbnail","6":"product_cat-pendentif-tiffany","7":"product_tag-pendentif-verre","8":"product_tag-spiritualite-croix-anges","9":"product_tag-tiffany-verre","10":"pa_bijou-pendentif","12":"first","13":"instock","14":"purchasable","15":"product-type-simple"},"_links":{"self":[{"href":"https:\/\/art-bijoux.com\/en\/wp-json\/wp\/v2\/product\/329","targetHints":{"allow":["GET"]}}],"collection":[{"href":"https:\/\/art-bijoux.com\/en\/wp-json\/wp\/v2\/product"}],"about":[{"href":"https:\/\/art-bijoux.com\/en\/wp-json\/wp\/v2\/types\/product"}],"replies":[{"embeddable":true,"href":"https:\/\/art-bijoux.com\/en\/wp-json\/wp\/v2\/comments?post=329"}],"version-history":[{"count":1,"href":"https:\/\/art-bijoux.com\/en\/wp-json\/wp\/v2\/product\/329\/revisions"}],"predecessor-version":[{"id":341,"href":"https:\/\/art-bijoux.com\/en\/wp-json\/wp\/v2\/product\/329\/revisions\/341"}],"wp:featuredmedia":[{"embeddable":true,"href":"https:\/\/art-bijoux.com\/en\/wp-json\/wp\/v2\/media\/176"}],"wp:attachment":[{"href":"https:\/\/art-bijoux.com\/en\/wp-json\/wp\/v2\/media?parent=329"}],"wp:term":[{"taxonomy":"product_brand","embeddable":true,"href":"https:\/\/art-bijoux.com\/en\/wp-json\/wp\/v2\/product_brand?post=329"},{"taxonomy":"product_cat","embeddable":true,"href":"https:\/\/art-bijoux.com\/en\/wp-json\/wp\/v2\/product_cat?post=329"},{"taxonomy":"product_tag","embeddable":true,"href":"https:\/\/art-bijoux.com\/en\/wp-json\/wp\/v2\/product_tag?post=329"}],"curies":[{"name":"wp","href":"https:\/\/api.w.org\/{rel}","templated":true}]}}