{"id":333,"date":"2024-04-28T19:54:01","date_gmt":"2024-04-28T17:54:01","guid":{"rendered":"https:\/\/art-bijoux.com\/?post_type=product&#038;p=333"},"modified":"2024-05-27T20:40:30","modified_gmt":"2024-05-27T18:40:30","slug":"bijou-pendentif-vigne-breloque-chouette","status":"publish","type":"product","link":"https:\/\/art-bijoux.com\/en\/boutique\/bijou-pendentif-vigne-breloque-chouette\/","title":{"rendered":"Chouette Creuse &#8211; Pendentif Feuille de Vigne en Verre de Qualit\u00e9 Tiffany avec une Chouette- \u00c9l\u00e9gance Naturelle et Artisanale"},"content":{"rendered":"<figure id=\"attachment_169\" aria-describedby=\"caption-attachment-169\" style=\"width: 254px\" class=\"wp-caption alignleft\"><img fetchpriority=\"high\" decoding=\"async\" class=\"size-medium wp-image-169\" src=\"https:\/\/art-bijoux.com\/wp-content\/uploads\/2024\/04\/Chouette-stylisee-feuille-vigne-254x300.webp\" alt=\"Une chouette sur une feuille de vigne\" width=\"254\" height=\"300\" srcset=\"https:\/\/art-bijoux.com\/wp-content\/uploads\/2024\/04\/Chouette-stylisee-feuille-vigne-254x300.webp 254w, https:\/\/art-bijoux.com\/wp-content\/uploads\/2024\/04\/Chouette-stylisee-feuille-vigne-600x709.webp 600w, https:\/\/art-bijoux.com\/wp-content\/uploads\/2024\/04\/Chouette-stylisee-feuille-vigne-867x1024.webp 867w, https:\/\/art-bijoux.com\/wp-content\/uploads\/2024\/04\/Chouette-stylisee-feuille-vigne-768x907.webp 768w, https:\/\/art-bijoux.com\/wp-content\/uploads\/2024\/04\/Chouette-stylisee-feuille-vigne-1300x1536.webp 1300w, https:\/\/art-bijoux.com\/wp-content\/uploads\/2024\/04\/Chouette-stylisee-feuille-vigne.webp 1631w\" sizes=\"(max-width: 254px) 100vw, 254px\" \/><figcaption id=\"caption-attachment-169\" class=\"wp-caption-text\">Une feuille de vigne sur laquelle se repose une chouette<\/figcaption><\/figure>\n<p>Plongez dans l&#8217;intimit\u00e9 de la nature avec notre pendentif repr\u00e9sentant une feuille de vigne, une pi\u00e8ce d&#8217;artisanat remarquable qui c\u00e9l\u00e8bre la beaut\u00e9 organique et l&#8217;artisanat authentique. Chaque bijou est une \u0153uvre d&#8217;art unique, soigneusement con\u00e7ue et fabriqu\u00e9e \u00e0 la main, affirmant notre engagement envers la cr\u00e9ativit\u00e9 et la qualit\u00e9 artisanale.<\/p>\n<p>Ce pendentif aux formes originales se compose de trois pi\u00e8ces de verre opaque de qualit\u00e9 Tiffany, opaque mais offrant une brillance et une profondeur remarquables. La d\u00e9coupe g\u00e9om\u00e9trique \u00e0 gauche contraste harmonieusement avec la forme arrondie \u00e0 droite, \u00e9voquant la diversit\u00e9 et l&#8217;harmonie de la nature.<\/p>\n<p>Une chouette en m\u00e9tal cuivr\u00e9, stylis\u00e9e, avec un c\u0153ur \u00e9vid\u00e9 qui laisse appara\u00eetre le verre, est suspendue par une chainette cuivr\u00e9e, ajoutant une touche d&#8217;\u00e9l\u00e9gance et de myst\u00e8re \u00e0 l&#8217;ensemble. Le pourtour du pendentif est patin\u00e9 dans une belle nuance de cuivre, lui conf\u00e9rant une aura vintage et raffin\u00e9e.<\/p>\n<p>Quand vous le portez, pensez \u00e0 la magnifique lampe de 1000 pi\u00e8ces repr\u00e9sentant une vigne dont ce verre est issu :<\/p>\n<figure id=\"attachment_322\" aria-describedby=\"caption-attachment-322\" style=\"width: 300px\" class=\"wp-caption alignleft\"><img decoding=\"async\" class=\"size-medium wp-image-322\" src=\"https:\/\/art-bijoux.com\/wp-content\/uploads\/2024\/04\/Lampe-vigne-300x233.webp\" alt=\"Lampe de 1000 pi\u00e8ces repr\u00e9sentant une vigne. 8 panneaux ajust\u00e9s selon la technique Tiffany.\" width=\"300\" height=\"233\" srcset=\"https:\/\/art-bijoux.com\/wp-content\/uploads\/2024\/04\/Lampe-vigne-300x233.webp 300w, https:\/\/art-bijoux.com\/wp-content\/uploads\/2024\/04\/Lampe-vigne-600x467.webp 600w, https:\/\/art-bijoux.com\/wp-content\/uploads\/2024\/04\/Lampe-vigne-768x597.webp 768w, https:\/\/art-bijoux.com\/wp-content\/uploads\/2024\/04\/Lampe-vigne.webp 800w\" sizes=\"(max-width: 300px) 100vw, 300px\" \/><figcaption id=\"caption-attachment-322\" class=\"wp-caption-text\">Lampe de 1000 pi\u00e8ces repr\u00e9sentant une vigne. 8 panneaux ajust\u00e9s selon la technique Tiffany.<\/figcaption><\/figure>\n<p>&nbsp;<\/p>\n","protected":false},"excerpt":{"rendered":"<p>Une chouette sur une feuille de vigne dentel\u00e9e<\/p>\n","protected":false},"featured_media":169,"comment_status":"open","ping_status":"closed","template":"","meta":[],"product_brand":[],"product_cat":[176,28],"product_tag":[29,32,26,27,33],"class_list":{"0":"post-333","1":"product","2":"type-product","3":"status-publish","4":"has-post-thumbnail","6":"product_cat-breloque-bijou-verre","7":"product_cat-pendentif-tiffany","8":"product_tag-breloque-metal-pierre","9":"product_tag-chouette","10":"product_tag-pendentif-verre","11":"product_tag-tiffany-verre","12":"product_tag-vigne-verre-tiffany-soie","14":"first","15":"instock","16":"purchasable","17":"product-type-simple"},"_links":{"self":[{"href":"https:\/\/art-bijoux.com\/en\/wp-json\/wp\/v2\/product\/333","targetHints":{"allow":["GET"]}}],"collection":[{"href":"https:\/\/art-bijoux.com\/en\/wp-json\/wp\/v2\/product"}],"about":[{"href":"https:\/\/art-bijoux.com\/en\/wp-json\/wp\/v2\/types\/product"}],"replies":[{"embeddable":true,"href":"https:\/\/art-bijoux.com\/en\/wp-json\/wp\/v2\/comments?post=333"}],"version-history":[{"count":1,"href":"https:\/\/art-bijoux.com\/en\/wp-json\/wp\/v2\/product\/333\/revisions"}],"predecessor-version":[{"id":334,"href":"https:\/\/art-bijoux.com\/en\/wp-json\/wp\/v2\/product\/333\/revisions\/334"}],"wp:featuredmedia":[{"embeddable":true,"href":"https:\/\/art-bijoux.com\/en\/wp-json\/wp\/v2\/media\/169"}],"wp:attachment":[{"href":"https:\/\/art-bijoux.com\/en\/wp-json\/wp\/v2\/media?parent=333"}],"wp:term":[{"taxonomy":"product_brand","embeddable":true,"href":"https:\/\/art-bijoux.com\/en\/wp-json\/wp\/v2\/product_brand?post=333"},{"taxonomy":"product_cat","embeddable":true,"href":"https:\/\/art-bijoux.com\/en\/wp-json\/wp\/v2\/product_cat?post=333"},{"taxonomy":"product_tag","embeddable":true,"href":"https:\/\/art-bijoux.com\/en\/wp-json\/wp\/v2\/product_tag?post=333"}],"curies":[{"name":"wp","href":"https:\/\/api.w.org\/{rel}","templated":true}]}}