{"id":3350,"date":"2024-11-03T15:17:14","date_gmt":"2024-11-03T14:17:14","guid":{"rendered":"https:\/\/art-bijoux.com\/?post_type=product&#038;p=3350"},"modified":"2024-11-03T15:18:28","modified_gmt":"2024-11-03T14:18:28","slug":"3350-bijou-medaillon-verre-fusing","status":"publish","type":"product","link":"https:\/\/art-bijoux.com\/en\/boutique\/3350-bijou-medaillon-verre-fusing\/","title":{"rendered":"M\u00e9daillon Vintage en Verre Recycl\u00e9 \u2013 \u00c9toile Blanche sur Nuit Noire"},"content":{"rendered":"<figure id=\"attachment_3351\" aria-describedby=\"caption-attachment-3351\" style=\"width: 300px\" class=\"wp-caption alignleft\"><img fetchpriority=\"high\" decoding=\"async\" class=\"size-medium wp-image-3351\" src=\"https:\/\/art-bijoux.com\/wp-content\/uploads\/2024\/11\/Medaillon-grand-etoile-sur-noir-faussille-format-carre-300x300.jpg\" alt=\"Grand m\u00e9daillon en verre fondu \u00e9toile blanche sur fond noir\" width=\"300\" height=\"300\" srcset=\"https:\/\/art-bijoux.com\/wp-content\/uploads\/2024\/11\/Medaillon-grand-etoile-sur-noir-faussille-format-carre-300x300.jpg 300w, https:\/\/art-bijoux.com\/wp-content\/uploads\/2024\/11\/Medaillon-grand-etoile-sur-noir-faussille-format-carre-1024x1024.jpg 1024w, https:\/\/art-bijoux.com\/wp-content\/uploads\/2024\/11\/Medaillon-grand-etoile-sur-noir-faussille-format-carre-150x150.jpg 150w, https:\/\/art-bijoux.com\/wp-content\/uploads\/2024\/11\/Medaillon-grand-etoile-sur-noir-faussille-format-carre-768x768.jpg 768w, https:\/\/art-bijoux.com\/wp-content\/uploads\/2024\/11\/Medaillon-grand-etoile-sur-noir-faussille-format-carre-600x600.jpg 600w, https:\/\/art-bijoux.com\/wp-content\/uploads\/2024\/11\/Medaillon-grand-etoile-sur-noir-faussille-format-carre-100x100.jpg 100w, https:\/\/art-bijoux.com\/wp-content\/uploads\/2024\/11\/Medaillon-grand-etoile-sur-noir-faussille-format-carre.jpg 1080w\" sizes=\"(max-width: 300px) 100vw, 300px\" \/><figcaption id=\"caption-attachment-3351\" class=\"wp-caption-text\">Grand m\u00e9daillon en verre fondu \u00e9toile blanche sur fond noir<\/figcaption><\/figure>\n<p>Ce m\u00e9daillon en verre recycl\u00e9, magnifique et unique est parfait pour attirer les amateurs de bijoux artisanaux et \u00e9coresponsables.<\/p>\n<p>Plongez dans l&#8217;\u00e9l\u00e9gance intemporelle avec ce m\u00e9daillon unique, fait main \u00e0 partir de verre recycl\u00e9 et encadr\u00e9 dans une monture ovale en m\u00e9tal couleur cuivre, rappelant les bijoux anciens. En son centre, un verre noir intense sert de toile \u00e0 une \u00e9toile blanche d\u00e9licatement \u00e9tir\u00e9e lors du processus de fusion, ajoutant une touche mystique et c\u00e9leste. Des \u00e9clats de verre beige fusionn\u00e9s apportent une texture subtile et lumineuse, \u00e9voquant des reflets d&#8217;\u00e9toiles sur un ciel nocturne.<\/p>\n<ul>\n<li><strong>Mat\u00e9riaux <\/strong>: verre recycl\u00e9, m\u00e9tal, colle<\/li>\n<li><strong>Artisanat unique<\/strong> : il est impossible de reproduire ce que le fusion des verre a r\u00e9alis\u00e9<\/li>\n<li><strong>Esth\u00e9tique vintage<\/strong> : Les myst\u00e8res de l&#8217;univers<\/li>\n<li><strong>Symbolique<\/strong> : L&#8217;\u00e9toile symbolise les myst\u00e8res de l&#8217;univers et de la nuit<\/li>\n<li>Dimensions : ovale de 3cmX3,9cm<\/li>\n<\/ul>\n","protected":false},"excerpt":{"rendered":"<p>Ce m\u00e9daillon ovale, unique en verre recycl\u00e9 avec une \u00e9toile blanche et des \u00e9clats beiges fondus sur un verre noir. Monture vintage.<\/p>\n","protected":false},"featured_media":3351,"comment_status":"open","ping_status":"closed","template":"","meta":[],"product_brand":[],"product_cat":[214,182,181],"product_tag":[49,26],"class_list":{"0":"post-3350","1":"product","2":"type-product","3":"status-publish","4":"has-post-thumbnail","6":"product_cat-medaillon","7":"product_cat-pendentif-fusing","8":"product_cat-pendentif-millefioris","9":"product_tag-fusing-verre","10":"product_tag-pendentif-verre","12":"first","13":"instock","14":"purchasable","15":"product-type-simple"},"_links":{"self":[{"href":"https:\/\/art-bijoux.com\/en\/wp-json\/wp\/v2\/product\/3350","targetHints":{"allow":["GET"]}}],"collection":[{"href":"https:\/\/art-bijoux.com\/en\/wp-json\/wp\/v2\/product"}],"about":[{"href":"https:\/\/art-bijoux.com\/en\/wp-json\/wp\/v2\/types\/product"}],"replies":[{"embeddable":true,"href":"https:\/\/art-bijoux.com\/en\/wp-json\/wp\/v2\/comments?post=3350"}],"version-history":[{"count":0,"href":"https:\/\/art-bijoux.com\/en\/wp-json\/wp\/v2\/product\/3350\/revisions"}],"wp:featuredmedia":[{"embeddable":true,"href":"https:\/\/art-bijoux.com\/en\/wp-json\/wp\/v2\/media\/3351"}],"wp:attachment":[{"href":"https:\/\/art-bijoux.com\/en\/wp-json\/wp\/v2\/media?parent=3350"}],"wp:term":[{"taxonomy":"product_brand","embeddable":true,"href":"https:\/\/art-bijoux.com\/en\/wp-json\/wp\/v2\/product_brand?post=3350"},{"taxonomy":"product_cat","embeddable":true,"href":"https:\/\/art-bijoux.com\/en\/wp-json\/wp\/v2\/product_cat?post=3350"},{"taxonomy":"product_tag","embeddable":true,"href":"https:\/\/art-bijoux.com\/en\/wp-json\/wp\/v2\/product_tag?post=3350"}],"curies":[{"name":"wp","href":"https:\/\/api.w.org\/{rel}","templated":true}]}}