{"id":337,"date":"2024-04-28T20:11:51","date_gmt":"2024-04-28T18:11:51","guid":{"rendered":"https:\/\/art-bijoux.com\/?post_type=product&#038;p=337"},"modified":"2024-06-07T14:12:36","modified_gmt":"2024-06-07T12:12:36","slug":"collier-branche-feuille-verte-petales-bleus","status":"publish","type":"product","link":"https:\/\/art-bijoux.com\/en\/boutique\/collier-branche-feuille-verte-petales-bleus\/","title":{"rendered":"Branche Cach\u00e9e &#8211; Collier Branche d&#8217;Arbre avec Feuille Verte et P\u00e9tales Bleus &#8211; \u00c9l\u00e9gance Naturelle et Artistique"},"content":{"rendered":"<figure id=\"attachment_165\" aria-describedby=\"caption-attachment-165\" style=\"width: 300px\" class=\"wp-caption alignnone\"><img fetchpriority=\"high\" decoding=\"async\" class=\"size-medium wp-image-165\" src=\"https:\/\/art-bijoux.com\/wp-content\/uploads\/2024\/04\/Branche-doree-300x220.webp\" alt=\"\" width=\"300\" height=\"220\" srcset=\"https:\/\/art-bijoux.com\/wp-content\/uploads\/2024\/04\/Branche-doree-300x220.webp 300w, https:\/\/art-bijoux.com\/wp-content\/uploads\/2024\/04\/Branche-doree-600x441.webp 600w, https:\/\/art-bijoux.com\/wp-content\/uploads\/2024\/04\/Branche-doree-1024x752.webp 1024w, https:\/\/art-bijoux.com\/wp-content\/uploads\/2024\/04\/Branche-doree-768x564.webp 768w, https:\/\/art-bijoux.com\/wp-content\/uploads\/2024\/04\/Branche-doree-1536x1129.webp 1536w, https:\/\/art-bijoux.com\/wp-content\/uploads\/2024\/04\/Branche-doree.webp 1927w\" sizes=\"(max-width: 300px) 100vw, 300px\" \/><figcaption id=\"caption-attachment-165\" class=\"wp-caption-text\">Une branche d&#8217;arbre sous un feuillage dor\u00e9<\/figcaption><\/figure>\n<p>Explorez la beaut\u00e9 de notre collier repr\u00e9sentant une branche d&#8217;arbre, une pi\u00e8ce remarquable qui \u00e9voque la splendeur et la vitalit\u00e9 de la nature. Chaque bijou est une \u0153uvre d&#8217;art unique, soigneusement con\u00e7ue et fabriqu\u00e9e \u00e0 la main, affirmant notre engagement envers la cr\u00e9ativit\u00e9 et l&#8217;authenticit\u00e9 artisanale.<\/p>\n<p>Au-dessous de la branche d&#8217;arbre en m\u00e9tal dor\u00e9, une feuille verte et deux p\u00e9tales bleus sont d\u00e9licatement soud\u00e9s, ajoutant une touche de couleur et de contraste \u00e0 l&#8217;ensemble. La longueur du collier est accentu\u00e9e par une grande breloque repr\u00e9sentant un feuillage dor\u00e9, qui recouvre la branche d&#8217;arbre tout en laissant le verre appara\u00eetre, cr\u00e9ant un effet visuel saisissant.<\/p>\n<p>Deux larges anneaux dor\u00e9s, soud\u00e9s, permettent de fixer le feuillage et de passer une chaine.<\/p>\n<p>Hauteur : 6 cm, largeur : 13 cm, 3 qualit\u00e9s de verre : pr\u00e9cieux, Tiffany et colorescent<\/p>\n","protected":false},"excerpt":{"rendered":"<p>Une branche d&#8217;arbre sous un feuillage dor\u00e9<\/p>\n","protected":false},"featured_media":165,"comment_status":"open","ping_status":"closed","template":"","meta":[],"product_brand":[],"product_cat":[176,86],"product_tag":[29,31,35,27],"class_list":{"0":"post-337","1":"product","2":"type-product","3":"status-publish","4":"has-post-thumbnail","6":"product_cat-breloque-bijou-verre","7":"product_cat-collier-tiffany","8":"product_tag-breloque-metal-pierre","9":"product_tag-collier-verre-tiffany","10":"product_tag-feuille-breloque-metal","11":"product_tag-tiffany-verre","13":"first","14":"instock","15":"purchasable","16":"product-type-simple"},"_links":{"self":[{"href":"https:\/\/art-bijoux.com\/en\/wp-json\/wp\/v2\/product\/337","targetHints":{"allow":["GET"]}}],"collection":[{"href":"https:\/\/art-bijoux.com\/en\/wp-json\/wp\/v2\/product"}],"about":[{"href":"https:\/\/art-bijoux.com\/en\/wp-json\/wp\/v2\/types\/product"}],"replies":[{"embeddable":true,"href":"https:\/\/art-bijoux.com\/en\/wp-json\/wp\/v2\/comments?post=337"}],"version-history":[{"count":1,"href":"https:\/\/art-bijoux.com\/en\/wp-json\/wp\/v2\/product\/337\/revisions"}],"predecessor-version":[{"id":343,"href":"https:\/\/art-bijoux.com\/en\/wp-json\/wp\/v2\/product\/337\/revisions\/343"}],"wp:featuredmedia":[{"embeddable":true,"href":"https:\/\/art-bijoux.com\/en\/wp-json\/wp\/v2\/media\/165"}],"wp:attachment":[{"href":"https:\/\/art-bijoux.com\/en\/wp-json\/wp\/v2\/media?parent=337"}],"wp:term":[{"taxonomy":"product_brand","embeddable":true,"href":"https:\/\/art-bijoux.com\/en\/wp-json\/wp\/v2\/product_brand?post=337"},{"taxonomy":"product_cat","embeddable":true,"href":"https:\/\/art-bijoux.com\/en\/wp-json\/wp\/v2\/product_cat?post=337"},{"taxonomy":"product_tag","embeddable":true,"href":"https:\/\/art-bijoux.com\/en\/wp-json\/wp\/v2\/product_tag?post=337"}],"curies":[{"name":"wp","href":"https:\/\/api.w.org\/{rel}","templated":true}]}}