{"id":3381,"date":"2024-11-29T13:34:52","date_gmt":"2024-11-29T12:34:52","guid":{"rendered":"https:\/\/art-bijoux.com\/?post_type=product&#038;p=3381"},"modified":"2024-11-29T13:37:29","modified_gmt":"2024-11-29T12:37:29","slug":"precision-nature-et-couleur-pendentif-millefiori-bois-et-verre-daquarium-copie-copie","status":"publish","type":"product","link":"https:\/\/art-bijoux.com\/en\/boutique\/precision-nature-et-couleur-pendentif-millefiori-bois-et-verre-daquarium-copie-copie\/","title":{"rendered":"Pastels rose- Nature et couleur &#8211; Pendentif Millefiori, bois et Verre d&#8217;Aquarium"},"content":{"rendered":"<figure id=\"attachment_3370\" aria-describedby=\"caption-attachment-3370\" style=\"width: 300px\" class=\"wp-caption alignleft\"><img fetchpriority=\"high\" decoding=\"async\" class=\"size-medium wp-image-3370\" src=\"https:\/\/art-bijoux.com\/wp-content\/uploads\/2024\/11\/Galets-circulaire-bois-3-rose-1-blanc-carre-300x300.jpg\" alt=\"Galets circulaire bois 3 rose 1 blanc\" width=\"300\" height=\"300\" srcset=\"https:\/\/art-bijoux.com\/wp-content\/uploads\/2024\/11\/Galets-circulaire-bois-3-rose-1-blanc-carre-300x300.jpg 300w, https:\/\/art-bijoux.com\/wp-content\/uploads\/2024\/11\/Galets-circulaire-bois-3-rose-1-blanc-carre-1024x1024.jpg 1024w, https:\/\/art-bijoux.com\/wp-content\/uploads\/2024\/11\/Galets-circulaire-bois-3-rose-1-blanc-carre-150x150.jpg 150w, https:\/\/art-bijoux.com\/wp-content\/uploads\/2024\/11\/Galets-circulaire-bois-3-rose-1-blanc-carre-768x768.jpg 768w, https:\/\/art-bijoux.com\/wp-content\/uploads\/2024\/11\/Galets-circulaire-bois-3-rose-1-blanc-carre-600x600.jpg 600w, https:\/\/art-bijoux.com\/wp-content\/uploads\/2024\/11\/Galets-circulaire-bois-3-rose-1-blanc-carre-100x100.jpg 100w, https:\/\/art-bijoux.com\/wp-content\/uploads\/2024\/11\/Galets-circulaire-bois-3-rose-1-blanc-carre.jpg 1080w\" sizes=\"(max-width: 300px) 100vw, 300px\" \/><figcaption id=\"caption-attachment-3370\" class=\"wp-caption-text\">Galets circulaire bois 3 rose 1 blanc<\/figcaption><\/figure>\n<h3>Description du pendentif<\/h3>\n<p>Ce pendentif original associe verre recycl\u00e9 et artisanat raffin\u00e9. Con\u00e7u \u00e0 partir d&#8217;un galet orange de verre r\u00e9cup\u00e9r\u00e9 dans un aquarium, il est sublim\u00e9 par quatre millefioris multicolores, de d\u00e9licates fleurs de verre de Murano fondues \u00e0 sa surface. La fusion a cr\u00e9\u00e9 une disposition irr\u00e9guli\u00e8re et singuli\u00e8re, renfor\u00e7ant le caract\u00e8re unique du bijou. Les bords du galet ont \u00e9t\u00e9 soigneusement meul\u00e9s pour lui donner une forme circulaire harmonieuse, tandis qu&#8217;il est mont\u00e9 sur un disque de bois, ajoutant une touche naturelle et chaleureuse. \u00e0 cette cr\u00e9ation. Ce pendentif est un mariage d&#8217;\u00e9l\u00e9gance et de durabilit\u00e9.<\/p>\n<h3>Caract\u00e9ristiques du pendentif :<\/h3>\n<ul>\n<li><strong>Mat\u00e9riau principal<\/strong>: Galet orange, millefioris, bois, m\u00e9tal<\/li>\n<li><strong>D\u00e9tails d\u00e9coratifs<\/strong> : Quatre millefioris, dominantes rose et blanc<\/li>\n<li><strong>Finitions<\/strong> : cercle de bois avec anneau de m\u00e9tal<\/li>\n<li><strong>Aspect unique<\/strong>: la fusion ne peut pas se reproduire \u00e0 l&#8217;identique deux fois !<\/li>\n<li><strong>Montage<\/strong> : Fixation en m\u00e9tal<\/li>\n<li><strong>Style<\/strong>: Artisanat unique<\/li>\n<\/ul>\n","protected":false},"excerpt":{"rendered":"<p>Pendentif unique en verre de galet d&#8217;aquarium r\u00e9cup\u00e9r\u00e9. 4 millefioris multicolores ont \u00e9t\u00e9 fondus \u00e0 la surface. Mont\u00e9 sur un disque de bois.<\/p>\n","protected":false},"featured_media":3370,"comment_status":"open","ping_status":"closed","template":"","meta":[],"product_brand":[],"product_cat":[262,182,181],"product_tag":[49,65,26],"class_list":{"0":"post-3381","1":"product","2":"type-product","3":"status-publish","4":"has-post-thumbnail","6":"product_cat-bois","7":"product_cat-pendentif-fusing","8":"product_cat-pendentif-millefioris","9":"product_tag-fusing-verre","10":"product_tag-millefiori-verre","11":"product_tag-pendentif-verre","12":"pa_bijou-pendentif","14":"first","15":"instock","16":"purchasable","17":"product-type-simple"},"_links":{"self":[{"href":"https:\/\/art-bijoux.com\/en\/wp-json\/wp\/v2\/product\/3381","targetHints":{"allow":["GET"]}}],"collection":[{"href":"https:\/\/art-bijoux.com\/en\/wp-json\/wp\/v2\/product"}],"about":[{"href":"https:\/\/art-bijoux.com\/en\/wp-json\/wp\/v2\/types\/product"}],"replies":[{"embeddable":true,"href":"https:\/\/art-bijoux.com\/en\/wp-json\/wp\/v2\/comments?post=3381"}],"version-history":[{"count":1,"href":"https:\/\/art-bijoux.com\/en\/wp-json\/wp\/v2\/product\/3381\/revisions"}],"predecessor-version":[{"id":3382,"href":"https:\/\/art-bijoux.com\/en\/wp-json\/wp\/v2\/product\/3381\/revisions\/3382"}],"wp:featuredmedia":[{"embeddable":true,"href":"https:\/\/art-bijoux.com\/en\/wp-json\/wp\/v2\/media\/3370"}],"wp:attachment":[{"href":"https:\/\/art-bijoux.com\/en\/wp-json\/wp\/v2\/media?parent=3381"}],"wp:term":[{"taxonomy":"product_brand","embeddable":true,"href":"https:\/\/art-bijoux.com\/en\/wp-json\/wp\/v2\/product_brand?post=3381"},{"taxonomy":"product_cat","embeddable":true,"href":"https:\/\/art-bijoux.com\/en\/wp-json\/wp\/v2\/product_cat?post=3381"},{"taxonomy":"product_tag","embeddable":true,"href":"https:\/\/art-bijoux.com\/en\/wp-json\/wp\/v2\/product_tag?post=3381"}],"curies":[{"name":"wp","href":"https:\/\/api.w.org\/{rel}","templated":true}]}}