{"id":3392,"date":"2024-11-30T13:37:51","date_gmt":"2024-11-30T12:37:51","guid":{"rendered":"https:\/\/art-bijoux.com\/?post_type=product&#038;p=3392"},"modified":"2025-01-01T00:00:02","modified_gmt":"2024-12-31T23:00:02","slug":"3392-tableau-miniature-tempera-cascade","status":"publish","type":"product","link":"https:\/\/art-bijoux.com\/en\/boutique\/3392-tableau-miniature-tempera-cascade\/","title":{"rendered":"Miniature Cascade de cascades en for\u00eat"},"content":{"rendered":"<figure id=\"attachment_3393\" aria-describedby=\"caption-attachment-3393\" style=\"width: 300px\" class=\"wp-caption alignleft\"><img fetchpriority=\"high\" decoding=\"async\" class=\"size-medium wp-image-3393\" src=\"https:\/\/art-bijoux.com\/wp-content\/uploads\/2024\/11\/En-cascades-300x300.webp\" alt=\"Cascades en cascades\" width=\"300\" height=\"300\" srcset=\"https:\/\/art-bijoux.com\/wp-content\/uploads\/2024\/11\/En-cascades-300x300.webp 300w, https:\/\/art-bijoux.com\/wp-content\/uploads\/2024\/11\/En-cascades-150x150.webp 150w, https:\/\/art-bijoux.com\/wp-content\/uploads\/2024\/11\/En-cascades-600x597.webp 600w, https:\/\/art-bijoux.com\/wp-content\/uploads\/2024\/11\/En-cascades-100x100.webp 100w, https:\/\/art-bijoux.com\/wp-content\/uploads\/2024\/11\/En-cascades.webp 800w\" sizes=\"(max-width: 300px) 100vw, 300px\" \/><figcaption id=\"caption-attachment-3393\" class=\"wp-caption-text\">Cascades en cascades<\/figcaption><\/figure>\n<div class=\"flex-shrink-0 flex flex-col relative items-end\">\n<div>\n<div class=\"pt-0\">\n<div class=\"gizmo-bot-avatar flex h-8 w-8 items-center justify-center overflow-hidden rounded-full\">\n<div class=\"relative p-1 rounded-sm flex items-center justify-center bg-token-main-surface-primary text-token-text-primary h-8 w-8\"><strong>\u00a0<\/strong><\/div>\n<\/div>\n<\/div>\n<\/div>\n<\/div>\n<div class=\"group\/conversation-turn relative flex w-full min-w-0 flex-col agent-turn\">\n<div class=\"flex-col gap-1 md:gap-3\">\n<div class=\"flex max-w-full flex-col flex-grow\">\n<div class=\"min-h-8 text-message flex w-full flex-col items-end gap-2 whitespace-normal break-words [.text-message+&amp;]:mt-5\" dir=\"auto\" data-message-author-role=\"assistant\" data-message-id=\"100e3d09-2915-4644-854d-a53635082a21\" data-message-model-slug=\"gpt-4o\">\n<div class=\"flex w-full flex-col gap-1 empty:hidden first:pt-[3px]\">\n<div class=\"markdown prose w-full break-words dark:prose-invert light\">\n<p>Cette miniature captivante, peinte \u00e0 la main \u00e0 la <strong>temp\u00e9ra (peinture \u00e0 l&#8217;\u0153uf)<\/strong> sur un ch\u00e2ssis de <strong>5 x 5 cm<\/strong>, offre une vision richement d\u00e9taill\u00e9e d\u2019une nature vivante. Malgr\u00e9 son format r\u00e9duit, l\u2019\u0153uvre d\u00e9ploie une sc\u00e8ne vibrante qui invite \u00e0 une exploration visuelle minutieuse.<\/p>\n<p><strong>Composition :<\/strong><\/p>\n<ul>\n<li><strong>Les cascades<\/strong>, larges et peu hautes, s\u2019\u00e9coulent avec \u00e9clat au centre de la sc\u00e8ne, apportant mouvement et lumi\u00e8re. Leur \u00e9cume blanche contraste subtilement avec les teintes riches et naturelles qui les entourent.<\/li>\n<li><strong>La for\u00eat<\/strong>, d\u2019un vert profond, se devine et encadre harmonieusement le cours d\u2019eau. Les feuillages vari\u00e9s t\u00e9moignent de la diversit\u00e9 v\u00e9g\u00e9tale et apportent une sensation de fra\u00eecheur.<\/li>\n<li><strong>Les roseaux<\/strong>, d\u2019un jaune d\u2019or d\u00e9licat, ajoutent une touche lumineuse et chaude, en \u00e9cho \u00e0 la texture subtile de l\u2019eau et des feuillages.<\/li>\n<\/ul>\n<p>Chaque d\u00e9tail, de l\u2019\u00e9coulement des cascades aux nervures des feuilles, est soigneusement ex\u00e9cut\u00e9, r\u00e9v\u00e9lant un travail de patience et de ma\u00eetrise.<\/p>\n<\/div>\n<\/div>\n<\/div>\n<\/div>\n<\/div>\n<\/div>\n","protected":false},"excerpt":{"rendered":"<p>Une succession de cascades, avec des roseaux, peintes \u00e0 la temp\u00e9ra sur un ch\u00e2ssis miniature de 5cmx5cm.<\/p>\n","protected":false},"featured_media":3393,"comment_status":"open","ping_status":"closed","template":"","meta":[],"product_brand":[],"product_cat":[261,174,220,24],"product_tag":[222,221],"class_list":{"0":"post-3392","1":"product","2":"type-product","3":"status-publish","4":"has-post-thumbnail","6":"product_cat-paysage","7":"product_cat-tableau-miniature","8":"product_cat-tempera","9":"product_cat-diversite-oeuvres-art","10":"product_tag-miniature","11":"product_tag-tableau","12":"pa_tableau-miniature","14":"first","15":"instock","16":"purchasable","17":"product-type-simple"},"_links":{"self":[{"href":"https:\/\/art-bijoux.com\/en\/wp-json\/wp\/v2\/product\/3392","targetHints":{"allow":["GET"]}}],"collection":[{"href":"https:\/\/art-bijoux.com\/en\/wp-json\/wp\/v2\/product"}],"about":[{"href":"https:\/\/art-bijoux.com\/en\/wp-json\/wp\/v2\/types\/product"}],"replies":[{"embeddable":true,"href":"https:\/\/art-bijoux.com\/en\/wp-json\/wp\/v2\/comments?post=3392"}],"version-history":[{"count":0,"href":"https:\/\/art-bijoux.com\/en\/wp-json\/wp\/v2\/product\/3392\/revisions"}],"wp:featuredmedia":[{"embeddable":true,"href":"https:\/\/art-bijoux.com\/en\/wp-json\/wp\/v2\/media\/3393"}],"wp:attachment":[{"href":"https:\/\/art-bijoux.com\/en\/wp-json\/wp\/v2\/media?parent=3392"}],"wp:term":[{"taxonomy":"product_brand","embeddable":true,"href":"https:\/\/art-bijoux.com\/en\/wp-json\/wp\/v2\/product_brand?post=3392"},{"taxonomy":"product_cat","embeddable":true,"href":"https:\/\/art-bijoux.com\/en\/wp-json\/wp\/v2\/product_cat?post=3392"},{"taxonomy":"product_tag","embeddable":true,"href":"https:\/\/art-bijoux.com\/en\/wp-json\/wp\/v2\/product_tag?post=3392"}],"curies":[{"name":"wp","href":"https:\/\/api.w.org\/{rel}","templated":true}]}}