{"id":3395,"date":"2024-12-01T19:24:56","date_gmt":"2024-12-01T18:24:56","guid":{"rendered":"https:\/\/art-bijoux.com\/?post_type=product&#038;p=3395"},"modified":"2024-12-01T19:27:20","modified_gmt":"2024-12-01T18:27:20","slug":"charme-tradi-moderne-bijou-vintage-en-galet-et-vieux-bronze","status":"publish","type":"product","link":"https:\/\/art-bijoux.com\/en\/boutique\/charme-tradi-moderne-bijou-vintage-en-galet-et-vieux-bronze\/","title":{"rendered":"Charme tradi moderne &#8211; Bijou Vintage en Galet et Vieux Bronze"},"content":{"rendered":"<figure id=\"attachment_3396\" aria-describedby=\"caption-attachment-3396\" style=\"width: 300px\" class=\"wp-caption alignleft\"><img fetchpriority=\"high\" decoding=\"async\" class=\"size-medium wp-image-3396\" src=\"https:\/\/art-bijoux.com\/wp-content\/uploads\/2024\/12\/Medaillon-galet-belu-clair-sur-bleu-carre-300x300.jpg\" alt=\"M\u00e9daillon galet bleu clair sur bleu\" width=\"300\" height=\"300\" srcset=\"https:\/\/art-bijoux.com\/wp-content\/uploads\/2024\/12\/Medaillon-galet-belu-clair-sur-bleu-carre-300x300.jpg 300w, https:\/\/art-bijoux.com\/wp-content\/uploads\/2024\/12\/Medaillon-galet-belu-clair-sur-bleu-carre-1024x1024.jpg 1024w, https:\/\/art-bijoux.com\/wp-content\/uploads\/2024\/12\/Medaillon-galet-belu-clair-sur-bleu-carre-150x150.jpg 150w, https:\/\/art-bijoux.com\/wp-content\/uploads\/2024\/12\/Medaillon-galet-belu-clair-sur-bleu-carre-768x768.jpg 768w, https:\/\/art-bijoux.com\/wp-content\/uploads\/2024\/12\/Medaillon-galet-belu-clair-sur-bleu-carre-600x600.jpg 600w, https:\/\/art-bijoux.com\/wp-content\/uploads\/2024\/12\/Medaillon-galet-belu-clair-sur-bleu-carre-100x100.jpg 100w, https:\/\/art-bijoux.com\/wp-content\/uploads\/2024\/12\/Medaillon-galet-belu-clair-sur-bleu-carre.jpg 1080w\" sizes=\"(max-width: 300px) 100vw, 300px\" \/><figcaption id=\"caption-attachment-3396\" class=\"wp-caption-text\">M\u00e9daillon galet bleu clair sur bleu<\/figcaption><\/figure>\n<p>Ce m\u00e9daillon artisanal marie le charme des millefioris de Murano et la douceur d&#8217;un galet d&#8217;aquarium recycl\u00e9, unissant ainsi l&#8217;eau et la terre. Les millefioris, d\u00e9licatement fondus sur la surface d&#8217;un verre bleu, cr\u00e9ent un effet floral enchanteur. Les bords ont \u00e9t\u00e9 soigneusement meul\u00e9s pour donner au pendentif une forme ovale harmonieuse Mont\u00e9 sur une monture en m\u00e9tal cisel\u00e9e couleur vieux bronze, au style d&#8217;apparence ancienne, ce bijou allie \u00e9l\u00e9gance vintage et po\u00e9sie des mat\u00e9riaux recycl\u00e9s.<\/p>\n<h3>Caract\u00e9ristiques<\/h3>\n<ul>\n<li><strong>Mat\u00e9riaux principaux <\/strong>: Galet d&#8217;aquarium, m\u00e9tal<\/li>\n<li><strong>D\u00e9tails d\u00e9coratifs<\/strong>: un millefiori bleu clair et blanc<\/li>\n<li><strong>Finition<\/strong>: Bords meul\u00e9s<\/li>\n<li><strong>Monture<\/strong> : M\u00e9tal d\u00e9coup\u00e9 couleur vieux bronze<\/li>\n<li><strong>Style<\/strong> : Tradi moderne<\/li>\n<\/ul>\n","protected":false},"excerpt":{"rendered":"<p>M\u00e9daillon compos\u00e9 d&#8217;un galet d&#8217;aquarium recycl\u00e9 sur lequel deux millefioris ont \u00e9t\u00e9 fondus. Il a \u00e9t\u00e9 fix\u00e9 sur un m\u00e9daillon couleur vieux bronze, d&#8217;apparence vintage.<\/p>\n","protected":false},"featured_media":3396,"comment_status":"open","ping_status":"closed","template":"","meta":[],"product_brand":[],"product_cat":[214,182,181],"product_tag":[38,49,65,26],"class_list":{"0":"post-3395","1":"product","2":"type-product","3":"status-publish","4":"has-post-thumbnail","6":"product_cat-medaillon","7":"product_cat-pendentif-fusing","8":"product_cat-pendentif-millefioris","9":"product_tag-fleur-soie-metal","10":"product_tag-fusing-verre","11":"product_tag-millefiori-verre","12":"product_tag-pendentif-verre","13":"pa_bijou-medaillon","15":"first","16":"instock","17":"purchasable","18":"product-type-simple"},"_links":{"self":[{"href":"https:\/\/art-bijoux.com\/en\/wp-json\/wp\/v2\/product\/3395","targetHints":{"allow":["GET"]}}],"collection":[{"href":"https:\/\/art-bijoux.com\/en\/wp-json\/wp\/v2\/product"}],"about":[{"href":"https:\/\/art-bijoux.com\/en\/wp-json\/wp\/v2\/types\/product"}],"replies":[{"embeddable":true,"href":"https:\/\/art-bijoux.com\/en\/wp-json\/wp\/v2\/comments?post=3395"}],"version-history":[{"count":0,"href":"https:\/\/art-bijoux.com\/en\/wp-json\/wp\/v2\/product\/3395\/revisions"}],"wp:featuredmedia":[{"embeddable":true,"href":"https:\/\/art-bijoux.com\/en\/wp-json\/wp\/v2\/media\/3396"}],"wp:attachment":[{"href":"https:\/\/art-bijoux.com\/en\/wp-json\/wp\/v2\/media?parent=3395"}],"wp:term":[{"taxonomy":"product_brand","embeddable":true,"href":"https:\/\/art-bijoux.com\/en\/wp-json\/wp\/v2\/product_brand?post=3395"},{"taxonomy":"product_cat","embeddable":true,"href":"https:\/\/art-bijoux.com\/en\/wp-json\/wp\/v2\/product_cat?post=3395"},{"taxonomy":"product_tag","embeddable":true,"href":"https:\/\/art-bijoux.com\/en\/wp-json\/wp\/v2\/product_tag?post=3395"}],"curies":[{"name":"wp","href":"https:\/\/api.w.org\/{rel}","templated":true}]}}