{"id":3409,"date":"2024-12-02T14:43:53","date_gmt":"2024-12-02T13:43:53","guid":{"rendered":"https:\/\/art-bijoux.com\/?post_type=product&#038;p=3409"},"modified":"2025-01-01T10:51:30","modified_gmt":"2025-01-01T09:51:30","slug":"charme-tradi-modernite-petit-bijou-vintage-en-verre-recycle","status":"publish","type":"product","link":"https:\/\/art-bijoux.com\/en\/boutique\/charme-tradi-modernite-petit-bijou-vintage-en-verre-recycle\/","title":{"rendered":"Charme Tradi-Modernit\u00e9 &#8211; Petit Bijou Vintage en Verre Recycl\u00e9"},"content":{"rendered":"<figure id=\"attachment_3410\" aria-describedby=\"caption-attachment-3410\" style=\"width: 300px\" class=\"wp-caption alignleft\"><img fetchpriority=\"high\" decoding=\"async\" class=\"size-medium wp-image-3410\" src=\"https:\/\/art-bijoux.com\/wp-content\/uploads\/2024\/12\/Mini-medaillon-galet-blanc-sur-rouge-carre-300x300.jpg\" alt=\"Mini m\u00e9daillon galet blanc sur rouge\" width=\"300\" height=\"300\" srcset=\"https:\/\/art-bijoux.com\/wp-content\/uploads\/2024\/12\/Mini-medaillon-galet-blanc-sur-rouge-carre-300x300.jpg 300w, https:\/\/art-bijoux.com\/wp-content\/uploads\/2024\/12\/Mini-medaillon-galet-blanc-sur-rouge-carre-1024x1024.jpg 1024w, https:\/\/art-bijoux.com\/wp-content\/uploads\/2024\/12\/Mini-medaillon-galet-blanc-sur-rouge-carre-150x150.jpg 150w, https:\/\/art-bijoux.com\/wp-content\/uploads\/2024\/12\/Mini-medaillon-galet-blanc-sur-rouge-carre-768x768.jpg 768w, https:\/\/art-bijoux.com\/wp-content\/uploads\/2024\/12\/Mini-medaillon-galet-blanc-sur-rouge-carre-600x600.jpg 600w, https:\/\/art-bijoux.com\/wp-content\/uploads\/2024\/12\/Mini-medaillon-galet-blanc-sur-rouge-carre-100x100.jpg 100w, https:\/\/art-bijoux.com\/wp-content\/uploads\/2024\/12\/Mini-medaillon-galet-blanc-sur-rouge-carre.jpg 1080w\" sizes=\"(max-width: 300px) 100vw, 300px\" \/><figcaption id=\"caption-attachment-3410\" class=\"wp-caption-text\">Mini m\u00e9daillon galet blanc sur rouge<\/figcaption><\/figure>\n<p>Ce m\u00e9daillon raffin\u00e9, de petit format (2,8 cm de haut sur 2 cm de large), incarne l&#8217;\u00e9l\u00e9gance discr\u00e8te. R\u00e9alis\u00e9 \u00e0 partir d\u2019un galet d\u2019aquarium rouge en verre recycl\u00e9, il est orn\u00e9 d\u2019un millefiori blanc d\u00e9licatement fondu sur sa surface galb\u00e9e. Lors de la fusion, le millefiori a l\u00e9g\u00e8rement &#8220;gliss\u00e9&#8221; sur le galbe du galet, conf\u00e9rant au bijou une singularit\u00e9 unique. Les bords du verre ont \u00e9t\u00e9 soigneusement meul\u00e9s pour une finition parfaite, et l\u2019ensemble est fix\u00e9 sur une monture m\u00e9tallique finement cisel\u00e9e, de style ancien couleur vieux bronze. Ce m\u00e9daillon harmonise un charme traditionnel et une modernit\u00e9 subtile, id\u00e9al pour les amateurs de bijoux artisanaux et \u00e9l\u00e9gants.<\/p>\n<h3>Caract\u00e9ristiques du m\u00e9daillon :<\/h3>\n<ul>\n<li><strong>Dimensions<\/strong> : Petit format, 2,8 cm de haut sur 2 cm de large<\/li>\n<li><strong>Mat\u00e9riau principal<\/strong> : Galet d\u2019aquarium en verre recycl\u00e9, milefioris de verre et monture de m\u00e9tal<\/li>\n<li><strong>D\u00e9tail d\u00e9coratif<\/strong> : Millefiori fondu, avec un glissement unique sur la surface galb\u00e9e<\/li>\n<li><strong>Finition<\/strong> : Bords soigneusement meul\u00e9s pour une forme harmonieuse<\/li>\n<li><strong>Monture<\/strong> : M\u00e9tal cisel\u00e9 de style ancien, couleur vieux bronze<\/li>\n<li><strong>Style<\/strong> : M\u00e9lange de tradition et de modernit\u00e9 (tradi-moderne)<\/li>\n<li><strong>Caract\u00e8re<\/strong> : Bijou discret, \u00e9l\u00e9gant et artisanal<\/li>\n<\/ul>\n","protected":false},"excerpt":{"rendered":"<p>Petit m\u00e9daillon en galet d&#8217;aquarium de verre recycl\u00e9 avec un millefiori fondu. Mont\u00e9 sur une monture vintage apparence vieux bronze.<\/p>\n","protected":false},"featured_media":3410,"comment_status":"open","ping_status":"closed","template":"","meta":[],"product_brand":[],"product_cat":[214,182],"product_tag":[38,49,65,26],"class_list":{"0":"post-3409","1":"product","2":"type-product","3":"status-publish","4":"has-post-thumbnail","6":"product_cat-medaillon","7":"product_cat-pendentif-fusing","8":"product_tag-fleur-soie-metal","9":"product_tag-fusing-verre","10":"product_tag-millefiori-verre","11":"product_tag-pendentif-verre","12":"pa_bijou-medaillon","14":"first","15":"outofstock","16":"purchasable","17":"product-type-simple"},"_links":{"self":[{"href":"https:\/\/art-bijoux.com\/en\/wp-json\/wp\/v2\/product\/3409","targetHints":{"allow":["GET"]}}],"collection":[{"href":"https:\/\/art-bijoux.com\/en\/wp-json\/wp\/v2\/product"}],"about":[{"href":"https:\/\/art-bijoux.com\/en\/wp-json\/wp\/v2\/types\/product"}],"replies":[{"embeddable":true,"href":"https:\/\/art-bijoux.com\/en\/wp-json\/wp\/v2\/comments?post=3409"}],"version-history":[{"count":0,"href":"https:\/\/art-bijoux.com\/en\/wp-json\/wp\/v2\/product\/3409\/revisions"}],"wp:featuredmedia":[{"embeddable":true,"href":"https:\/\/art-bijoux.com\/en\/wp-json\/wp\/v2\/media\/3410"}],"wp:attachment":[{"href":"https:\/\/art-bijoux.com\/en\/wp-json\/wp\/v2\/media?parent=3409"}],"wp:term":[{"taxonomy":"product_brand","embeddable":true,"href":"https:\/\/art-bijoux.com\/en\/wp-json\/wp\/v2\/product_brand?post=3409"},{"taxonomy":"product_cat","embeddable":true,"href":"https:\/\/art-bijoux.com\/en\/wp-json\/wp\/v2\/product_cat?post=3409"},{"taxonomy":"product_tag","embeddable":true,"href":"https:\/\/art-bijoux.com\/en\/wp-json\/wp\/v2\/product_tag?post=3409"}],"curies":[{"name":"wp","href":"https:\/\/api.w.org\/{rel}","templated":true}]}}