{"id":3416,"date":"2024-12-02T14:48:51","date_gmt":"2024-12-02T13:48:51","guid":{"rendered":"https:\/\/art-bijoux.com\/?post_type=product&#038;p=3416"},"modified":"2024-12-02T14:52:33","modified_gmt":"2024-12-02T13:52:33","slug":"charme-tradi-modernite-petit-bijou-vintage-en-verre-recycle-copie","status":"publish","type":"product","link":"https:\/\/art-bijoux.com\/en\/boutique\/charme-tradi-modernite-petit-bijou-vintage-en-verre-recycle-copie\/","title":{"rendered":"Charme Tradi-Modernit\u00e9 &#8211; Petit Bijou Vintage en Verre Recycl\u00e9"},"content":{"rendered":"<figure id=\"attachment_3418\" aria-describedby=\"caption-attachment-3418\" style=\"width: 290px\" class=\"wp-caption alignnone\"><img fetchpriority=\"high\" decoding=\"async\" class=\"size-medium wp-image-3418\" src=\"https:\/\/art-bijoux.com\/wp-content\/uploads\/2024\/12\/Mini-medaillon-galet-rouge-sur-transparent-carre-290x300.jpg\" alt=\"M\u00e9daillon galet rouge sur transparent\" width=\"290\" height=\"300\" srcset=\"https:\/\/art-bijoux.com\/wp-content\/uploads\/2024\/12\/Mini-medaillon-galet-rouge-sur-transparent-carre-290x300.jpg 290w, https:\/\/art-bijoux.com\/wp-content\/uploads\/2024\/12\/Mini-medaillon-galet-rouge-sur-transparent-carre-991x1024.jpg 991w, https:\/\/art-bijoux.com\/wp-content\/uploads\/2024\/12\/Mini-medaillon-galet-rouge-sur-transparent-carre-768x794.jpg 768w, https:\/\/art-bijoux.com\/wp-content\/uploads\/2024\/12\/Mini-medaillon-galet-rouge-sur-transparent-carre-600x620.jpg 600w, https:\/\/art-bijoux.com\/wp-content\/uploads\/2024\/12\/Mini-medaillon-galet-rouge-sur-transparent-carre.jpg 1080w\" sizes=\"(max-width: 290px) 100vw, 290px\" \/><figcaption id=\"caption-attachment-3418\" class=\"wp-caption-text\">M\u00e9daillon galet rouge sur transparent<\/figcaption><\/figure>\n<p>Ce m\u00e9daillon raffin\u00e9, de petit format (2,8 cm de haut sur 2 cm de large), incarne l&#8217;\u00e9l\u00e9gance discr\u00e8te. R\u00e9alis\u00e9 \u00e0 partir d\u2019un galet d\u2019aquarium transparent en verre recycl\u00e9, il est orn\u00e9 d\u2019un millefiori rouge au c\u0153ur orange, d\u00e9licatement fondu sur sa surface galb\u00e9e, conf\u00e9rant au bijou une singularit\u00e9 unique. Les bords du verre ont \u00e9t\u00e9 soigneusement meul\u00e9s pour une finition parfaite, et l\u2019ensemble est fix\u00e9 sur une monture m\u00e9tallique finement cisel\u00e9e, de style ancien couleur vieux bronze. Ce m\u00e9daillon harmonise un charme traditionnel et une modernit\u00e9 subtile, id\u00e9al pour les amateurs de bijoux artisanaux et \u00e9l\u00e9gants.<\/p>\n<h3>Caract\u00e9ristiques du m\u00e9daillon :<\/h3>\n<ul>\n<li><strong>Dimensions<\/strong> : Petit format, 2,8 cm de haut sur 2 cm de large<\/li>\n<li><strong>Mat\u00e9riau principal<\/strong> : Galet d\u2019aquarium en verre recycl\u00e9, milefioris de verre et monture de m\u00e9tal<\/li>\n<li><strong>D\u00e9tail d\u00e9coratif<\/strong> : Millefiori fondu, avec un glissement unique sur la surface galb\u00e9e<\/li>\n<li><strong>Finition<\/strong> : Bords soigneusement meul\u00e9s pour une forme harmonieuse<\/li>\n<li><strong>Monture<\/strong> : M\u00e9tal cisel\u00e9 de style ancien, couleur vieux bronze<\/li>\n<li><strong>Style<\/strong> : M\u00e9lange de tradition et de modernit\u00e9 (tradi-moderne)<\/li>\n<li><strong>Caract\u00e8re<\/strong> : Bijou discret, \u00e9l\u00e9gant et artisanal<\/li>\n<\/ul>\n","protected":false},"excerpt":{"rendered":"<p>Petit m\u00e9daillon en galet d&#8217;aquarium de verre recycl\u00e9 avec un millefiori fondu. Mont\u00e9 sur une monture vintage apparence vieux bronze.<\/p>\n","protected":false},"featured_media":3418,"comment_status":"open","ping_status":"closed","template":"","meta":[],"product_brand":[],"product_cat":[214,182],"product_tag":[38,49,65,26],"class_list":{"0":"post-3416","1":"product","2":"type-product","3":"status-publish","4":"has-post-thumbnail","6":"product_cat-medaillon","7":"product_cat-pendentif-fusing","8":"product_tag-fleur-soie-metal","9":"product_tag-fusing-verre","10":"product_tag-millefiori-verre","11":"product_tag-pendentif-verre","12":"pa_bijou-medaillon","14":"first","15":"instock","16":"purchasable","17":"product-type-simple"},"yoast_head":"<!-- This site is optimized with the Yoast SEO plugin v27.4 - https:\/\/yoast.com\/product\/yoast-seo-wordpress\/ -->\n<title>Charme Tradi-Modernit\u00e9 - Petit Bijou Vintage en Verre Recycl\u00e9 - art-bijoux<\/title>\n<meta name=\"description\" content=\"Petit m\u00e9daillon en galet d&#039;aquarium de verre recycl\u00e9 avec un millefiori fondu. Mont\u00e9 sur une monture vintage apparence vieux bronze.\" \/>\n<meta name=\"robots\" content=\"index, follow, max-snippet:-1, max-image-preview:large, max-video-preview:-1\" \/>\n<link rel=\"canonical\" href=\"https:\/\/art-bijoux.com\/en\/boutique\/charme-tradi-modernite-petit-bijou-vintage-en-verre-recycle-copie\/\" \/>\n<meta property=\"og:locale\" content=\"en_US\" \/>\n<meta property=\"og:type\" content=\"article\" \/>\n<meta property=\"og:title\" content=\"Charme Tradi-Modernit\u00e9 - Petit Bijou Vintage en Verre Recycl\u00e9 - art-bijoux\" \/>\n<meta property=\"og:description\" content=\"Petit m\u00e9daillon en galet d&#039;aquarium de verre recycl\u00e9 avec un millefiori fondu. Mont\u00e9 sur une monture vintage apparence vieux bronze.\" \/>\n<meta property=\"og:url\" content=\"https:\/\/art-bijoux.com\/en\/boutique\/charme-tradi-modernite-petit-bijou-vintage-en-verre-recycle-copie\/\" \/>\n<meta property=\"og:site_name\" content=\"art-bijoux\" \/>\n<meta property=\"article:modified_time\" content=\"2024-12-02T13:52:33+00:00\" \/>\n<meta property=\"og:image\" content=\"https:\/\/art-bijoux.com\/wp-content\/uploads\/2024\/12\/Mini-medaillon-galet-rouge-sur-transparent-carre.jpg\" \/>\n\t<meta property=\"og:image:width\" content=\"1080\" \/>\n\t<meta property=\"og:image:height\" content=\"1116\" \/>\n\t<meta property=\"og:image:type\" content=\"image\/jpeg\" \/>\n<meta name=\"twitter:card\" content=\"summary_large_image\" \/>\n<meta name=\"twitter:label1\" content=\"Est. reading time\" \/>\n\t<meta name=\"twitter:data1\" content=\"2 minutes\" \/>\n<script type=\"application\/ld+json\" class=\"yoast-schema-graph\">{\"@context\":\"https:\\\/\\\/schema.org\",\"@graph\":[{\"@type\":\"WebPage\",\"@id\":\"https:\\\/\\\/art-bijoux.com\\\/en\\\/boutique\\\/charme-tradi-modernite-petit-bijou-vintage-en-verre-recycle-copie\\\/\",\"url\":\"https:\\\/\\\/art-bijoux.com\\\/en\\\/boutique\\\/charme-tradi-modernite-petit-bijou-vintage-en-verre-recycle-copie\\\/\",\"name\":\"Charme Tradi-Modernit\u00e9 - Petit Bijou Vintage en Verre Recycl\u00e9 - art-bijoux\",\"isPartOf\":{\"@id\":\"https:\\\/\\\/art-bijoux.com\\\/en\\\/#website\"},\"primaryImageOfPage\":{\"@id\":\"https:\\\/\\\/art-bijoux.com\\\/en\\\/boutique\\\/charme-tradi-modernite-petit-bijou-vintage-en-verre-recycle-copie\\\/#primaryimage\"},\"image\":{\"@id\":\"https:\\\/\\\/art-bijoux.com\\\/en\\\/boutique\\\/charme-tradi-modernite-petit-bijou-vintage-en-verre-recycle-copie\\\/#primaryimage\"},\"thumbnailUrl\":\"https:\\\/\\\/art-bijoux.com\\\/wp-content\\\/uploads\\\/2024\\\/12\\\/Mini-medaillon-galet-rouge-sur-transparent-carre.jpg\",\"datePublished\":\"2024-12-02T13:48:51+00:00\",\"dateModified\":\"2024-12-02T13:52:33+00:00\",\"description\":\"Petit m\u00e9daillon en galet d'aquarium de verre recycl\u00e9 avec un millefiori fondu. Mont\u00e9 sur une monture vintage apparence vieux bronze.\",\"breadcrumb\":{\"@id\":\"https:\\\/\\\/art-bijoux.com\\\/en\\\/boutique\\\/charme-tradi-modernite-petit-bijou-vintage-en-verre-recycle-copie\\\/#breadcrumb\"},\"inLanguage\":\"en-US\",\"potentialAction\":[{\"@type\":\"ReadAction\",\"target\":[\"https:\\\/\\\/art-bijoux.com\\\/en\\\/boutique\\\/charme-tradi-modernite-petit-bijou-vintage-en-verre-recycle-copie\\\/\"]}]},{\"@type\":\"ImageObject\",\"inLanguage\":\"en-US\",\"@id\":\"https:\\\/\\\/art-bijoux.com\\\/en\\\/boutique\\\/charme-tradi-modernite-petit-bijou-vintage-en-verre-recycle-copie\\\/#primaryimage\",\"url\":\"https:\\\/\\\/art-bijoux.com\\\/wp-content\\\/uploads\\\/2024\\\/12\\\/Mini-medaillon-galet-rouge-sur-transparent-carre.jpg\",\"contentUrl\":\"https:\\\/\\\/art-bijoux.com\\\/wp-content\\\/uploads\\\/2024\\\/12\\\/Mini-medaillon-galet-rouge-sur-transparent-carre.jpg\",\"width\":1080,\"height\":1116,\"caption\":\"M\u00e9daillon galet rouge sur transparent\"},{\"@type\":\"BreadcrumbList\",\"@id\":\"https:\\\/\\\/art-bijoux.com\\\/en\\\/boutique\\\/charme-tradi-modernite-petit-bijou-vintage-en-verre-recycle-copie\\\/#breadcrumb\",\"itemListElement\":[{\"@type\":\"ListItem\",\"position\":1,\"name\":\"Accueil\",\"item\":\"https:\\\/\\\/art-bijoux.com\\\/en\\\/home\\\/\"},{\"@type\":\"ListItem\",\"position\":2,\"name\":\"Shop\",\"item\":\"https:\\\/\\\/art-bijoux.com\\\/en\\\/shop\\\/\"},{\"@type\":\"ListItem\",\"position\":3,\"name\":\"Charme Tradi-Modernit\u00e9 &#8211; Petit Bijou Vintage en Verre Recycl\u00e9\"}]},{\"@type\":\"WebSite\",\"@id\":\"https:\\\/\\\/art-bijoux.com\\\/en\\\/#website\",\"url\":\"https:\\\/\\\/art-bijoux.com\\\/en\\\/\",\"name\":\"art-bijoux\",\"description\":\"Osez porter \\\/ offrir un vitrail unique \u00e0 prix abordable\",\"publisher\":{\"@id\":\"https:\\\/\\\/art-bijoux.com\\\/en\\\/#organization\"},\"potentialAction\":[{\"@type\":\"SearchAction\",\"target\":{\"@type\":\"EntryPoint\",\"urlTemplate\":\"https:\\\/\\\/art-bijoux.com\\\/en\\\/?s={search_term_string}\"},\"query-input\":{\"@type\":\"PropertyValueSpecification\",\"valueRequired\":true,\"valueName\":\"search_term_string\"}}],\"inLanguage\":\"en-US\"},{\"@type\":\"Organization\",\"@id\":\"https:\\\/\\\/art-bijoux.com\\\/en\\\/#organization\",\"name\":\"art-bijoux\",\"url\":\"https:\\\/\\\/art-bijoux.com\\\/en\\\/\",\"logo\":{\"@type\":\"ImageObject\",\"inLanguage\":\"en-US\",\"@id\":\"https:\\\/\\\/art-bijoux.com\\\/en\\\/#\\\/schema\\\/logo\\\/image\\\/\",\"url\":\"https:\\\/\\\/art-bijoux.com\\\/wp-content\\\/uploads\\\/2024\\\/06\\\/Art-Bijoux-Logo-Small.png\",\"contentUrl\":\"https:\\\/\\\/art-bijoux.com\\\/wp-content\\\/uploads\\\/2024\\\/06\\\/Art-Bijoux-Logo-Small.png\",\"width\":722,\"height\":137,\"caption\":\"art-bijoux\"},\"image\":{\"@id\":\"https:\\\/\\\/art-bijoux.com\\\/en\\\/#\\\/schema\\\/logo\\\/image\\\/\"}}]}<\/script>\n<!-- \/ Yoast SEO plugin. -->","yoast_head_json":{"title":"Charme Tradi-Modernit\u00e9 - Petit Bijou Vintage en Verre Recycl\u00e9 - art-bijoux","description":"Petit m\u00e9daillon en galet d'aquarium de verre recycl\u00e9 avec un millefiori fondu. Mont\u00e9 sur une monture vintage apparence vieux bronze.","robots":{"index":"index","follow":"follow","max-snippet":"max-snippet:-1","max-image-preview":"max-image-preview:large","max-video-preview":"max-video-preview:-1"},"canonical":"https:\/\/art-bijoux.com\/en\/boutique\/charme-tradi-modernite-petit-bijou-vintage-en-verre-recycle-copie\/","og_locale":"en_US","og_type":"article","og_title":"Charme Tradi-Modernit\u00e9 - Petit Bijou Vintage en Verre Recycl\u00e9 - art-bijoux","og_description":"Petit m\u00e9daillon en galet d'aquarium de verre recycl\u00e9 avec un millefiori fondu. Mont\u00e9 sur une monture vintage apparence vieux bronze.","og_url":"https:\/\/art-bijoux.com\/en\/boutique\/charme-tradi-modernite-petit-bijou-vintage-en-verre-recycle-copie\/","og_site_name":"art-bijoux","article_modified_time":"2024-12-02T13:52:33+00:00","og_image":[{"width":1080,"height":1116,"url":"https:\/\/art-bijoux.com\/wp-content\/uploads\/2024\/12\/Mini-medaillon-galet-rouge-sur-transparent-carre.jpg","type":"image\/jpeg"}],"twitter_card":"summary_large_image","twitter_misc":{"Est. reading time":"2 minutes"},"schema":{"@context":"https:\/\/schema.org","@graph":[{"@type":"WebPage","@id":"https:\/\/art-bijoux.com\/en\/boutique\/charme-tradi-modernite-petit-bijou-vintage-en-verre-recycle-copie\/","url":"https:\/\/art-bijoux.com\/en\/boutique\/charme-tradi-modernite-petit-bijou-vintage-en-verre-recycle-copie\/","name":"Charme Tradi-Modernit\u00e9 - Petit Bijou Vintage en Verre Recycl\u00e9 - art-bijoux","isPartOf":{"@id":"https:\/\/art-bijoux.com\/en\/#website"},"primaryImageOfPage":{"@id":"https:\/\/art-bijoux.com\/en\/boutique\/charme-tradi-modernite-petit-bijou-vintage-en-verre-recycle-copie\/#primaryimage"},"image":{"@id":"https:\/\/art-bijoux.com\/en\/boutique\/charme-tradi-modernite-petit-bijou-vintage-en-verre-recycle-copie\/#primaryimage"},"thumbnailUrl":"https:\/\/art-bijoux.com\/wp-content\/uploads\/2024\/12\/Mini-medaillon-galet-rouge-sur-transparent-carre.jpg","datePublished":"2024-12-02T13:48:51+00:00","dateModified":"2024-12-02T13:52:33+00:00","description":"Petit m\u00e9daillon en galet d'aquarium de verre recycl\u00e9 avec un millefiori fondu. Mont\u00e9 sur une monture vintage apparence vieux bronze.","breadcrumb":{"@id":"https:\/\/art-bijoux.com\/en\/boutique\/charme-tradi-modernite-petit-bijou-vintage-en-verre-recycle-copie\/#breadcrumb"},"inLanguage":"en-US","potentialAction":[{"@type":"ReadAction","target":["https:\/\/art-bijoux.com\/en\/boutique\/charme-tradi-modernite-petit-bijou-vintage-en-verre-recycle-copie\/"]}]},{"@type":"ImageObject","inLanguage":"en-US","@id":"https:\/\/art-bijoux.com\/en\/boutique\/charme-tradi-modernite-petit-bijou-vintage-en-verre-recycle-copie\/#primaryimage","url":"https:\/\/art-bijoux.com\/wp-content\/uploads\/2024\/12\/Mini-medaillon-galet-rouge-sur-transparent-carre.jpg","contentUrl":"https:\/\/art-bijoux.com\/wp-content\/uploads\/2024\/12\/Mini-medaillon-galet-rouge-sur-transparent-carre.jpg","width":1080,"height":1116,"caption":"M\u00e9daillon galet rouge sur transparent"},{"@type":"BreadcrumbList","@id":"https:\/\/art-bijoux.com\/en\/boutique\/charme-tradi-modernite-petit-bijou-vintage-en-verre-recycle-copie\/#breadcrumb","itemListElement":[{"@type":"ListItem","position":1,"name":"Accueil","item":"https:\/\/art-bijoux.com\/en\/home\/"},{"@type":"ListItem","position":2,"name":"Shop","item":"https:\/\/art-bijoux.com\/en\/shop\/"},{"@type":"ListItem","position":3,"name":"Charme Tradi-Modernit\u00e9 &#8211; Petit Bijou Vintage en Verre Recycl\u00e9"}]},{"@type":"WebSite","@id":"https:\/\/art-bijoux.com\/en\/#website","url":"https:\/\/art-bijoux.com\/en\/","name":"art-bijoux","description":"Osez porter \/ offrir un vitrail unique \u00e0 prix abordable","publisher":{"@id":"https:\/\/art-bijoux.com\/en\/#organization"},"potentialAction":[{"@type":"SearchAction","target":{"@type":"EntryPoint","urlTemplate":"https:\/\/art-bijoux.com\/en\/?s={search_term_string}"},"query-input":{"@type":"PropertyValueSpecification","valueRequired":true,"valueName":"search_term_string"}}],"inLanguage":"en-US"},{"@type":"Organization","@id":"https:\/\/art-bijoux.com\/en\/#organization","name":"art-bijoux","url":"https:\/\/art-bijoux.com\/en\/","logo":{"@type":"ImageObject","inLanguage":"en-US","@id":"https:\/\/art-bijoux.com\/en\/#\/schema\/logo\/image\/","url":"https:\/\/art-bijoux.com\/wp-content\/uploads\/2024\/06\/Art-Bijoux-Logo-Small.png","contentUrl":"https:\/\/art-bijoux.com\/wp-content\/uploads\/2024\/06\/Art-Bijoux-Logo-Small.png","width":722,"height":137,"caption":"art-bijoux"},"image":{"@id":"https:\/\/art-bijoux.com\/en\/#\/schema\/logo\/image\/"}}]}},"_links":{"self":[{"href":"https:\/\/art-bijoux.com\/en\/wp-json\/wp\/v2\/product\/3416","targetHints":{"allow":["GET"]}}],"collection":[{"href":"https:\/\/art-bijoux.com\/en\/wp-json\/wp\/v2\/product"}],"about":[{"href":"https:\/\/art-bijoux.com\/en\/wp-json\/wp\/v2\/types\/product"}],"replies":[{"embeddable":true,"href":"https:\/\/art-bijoux.com\/en\/wp-json\/wp\/v2\/comments?post=3416"}],"version-history":[{"count":1,"href":"https:\/\/art-bijoux.com\/en\/wp-json\/wp\/v2\/product\/3416\/revisions"}],"predecessor-version":[{"id":3419,"href":"https:\/\/art-bijoux.com\/en\/wp-json\/wp\/v2\/product\/3416\/revisions\/3419"}],"wp:featuredmedia":[{"embeddable":true,"href":"https:\/\/art-bijoux.com\/en\/wp-json\/wp\/v2\/media\/3418"}],"wp:attachment":[{"href":"https:\/\/art-bijoux.com\/en\/wp-json\/wp\/v2\/media?parent=3416"}],"wp:term":[{"taxonomy":"product_brand","embeddable":true,"href":"https:\/\/art-bijoux.com\/en\/wp-json\/wp\/v2\/product_brand?post=3416"},{"taxonomy":"product_cat","embeddable":true,"href":"https:\/\/art-bijoux.com\/en\/wp-json\/wp\/v2\/product_cat?post=3416"},{"taxonomy":"product_tag","embeddable":true,"href":"https:\/\/art-bijoux.com\/en\/wp-json\/wp\/v2\/product_tag?post=3416"}],"curies":[{"name":"wp","href":"https:\/\/api.w.org\/{rel}","templated":true}]}}