{"id":3432,"date":"2024-12-04T14:30:28","date_gmt":"2024-12-04T13:30:28","guid":{"rendered":"https:\/\/art-bijoux.com\/?post_type=product&#038;p=3432"},"modified":"2024-12-04T14:33:48","modified_gmt":"2024-12-04T13:33:48","slug":"fleu-dart-broche-vintage-en-metal-dore-et-soie-marbree-copie","status":"publish","type":"product","link":"https:\/\/art-bijoux.com\/en\/boutique\/fleu-dart-broche-vintage-en-metal-dore-et-soie-marbree-copie\/","title":{"rendered":"Fleu d&#8217;Art \u2013 Broche Vintage en M\u00e9tal Dor\u00e9 et Soie Marbr\u00e9e"},"content":{"rendered":"<figure id=\"attachment_3433\" aria-describedby=\"caption-attachment-3433\" style=\"width: 300px\" class=\"wp-caption alignnone\"><img fetchpriority=\"high\" decoding=\"async\" class=\"size-medium wp-image-3433\" src=\"https:\/\/art-bijoux.com\/wp-content\/uploads\/2024\/12\/Fleur-deux-petales-carre-300x300.jpg\" alt=\"Broche Fleur deux p\u00e9tales\" width=\"300\" height=\"300\" srcset=\"https:\/\/art-bijoux.com\/wp-content\/uploads\/2024\/12\/Fleur-deux-petales-carre-300x300.jpg 300w, https:\/\/art-bijoux.com\/wp-content\/uploads\/2024\/12\/Fleur-deux-petales-carre-1024x1024.jpg 1024w, https:\/\/art-bijoux.com\/wp-content\/uploads\/2024\/12\/Fleur-deux-petales-carre-150x150.jpg 150w, https:\/\/art-bijoux.com\/wp-content\/uploads\/2024\/12\/Fleur-deux-petales-carre-768x768.jpg 768w, https:\/\/art-bijoux.com\/wp-content\/uploads\/2024\/12\/Fleur-deux-petales-carre-600x600.jpg 600w, https:\/\/art-bijoux.com\/wp-content\/uploads\/2024\/12\/Fleur-deux-petales-carre-100x100.jpg 100w, https:\/\/art-bijoux.com\/wp-content\/uploads\/2024\/12\/Fleur-deux-petales-carre.jpg 1080w\" sizes=\"(max-width: 300px) 100vw, 300px\" \/><figcaption id=\"caption-attachment-3433\" class=\"wp-caption-text\">Broche Fleur deux p\u00e9tales<\/figcaption><\/figure>\n<p>Cette broche originale en forme d&#8217;une fleur au deux p\u00e9tales sym\u00e9triques, serti de m\u00e9tal dor\u00e9 est un hommage \u00e0 l&#8217;art et \u00e0 la durabilit\u00e9. Sa structure en m\u00e9tal dor\u00e9 finement cisel\u00e9 encadre un corps en twill de soie naturelle, issue de chutes d&#8217;un foulard. Ce tissu a \u00e9t\u00e9 marbr\u00e9 et peign\u00e9 \u00e0 la cuve, \u00e9voquant les motifs des pages int\u00e9rieures des livres anciens, dans un cama\u00efeu pastel de mauve, rose et bleu. Chaque pi\u00e8ce est unique, gr\u00e2ce \u00e0 la teinture artisanale impossible \u00e0 reproduire \u00e0 l&#8217;identique. d&#8217;un fermoir s\u00e9curis\u00e9, alliant esth\u00e9tique et fonctionnalit\u00e9. Un bijou artisanal et intemporel, \u00e0 la fois \u00e9l\u00e9gant et respectueux de l&#8217;en.<\/p>\n<h3>Caract\u00e9ristiques :<\/h3>\n<ul>\n<li><strong>Mat\u00e9riau du corps<\/strong> : Twill de soie naturelle<\/li>\n<li><strong>Technique de teinture<\/strong>: Marbrage \u00e0 la cuve<\/li>\n<li><strong>Motif unique<\/strong> : stries impossibles \u00e0 reproduire !<\/li>\n<li><strong>Fermoir<\/strong> : S\u00e9curis\u00e9<\/li>\n<li><strong>Style<\/strong> : Bijou original<\/li>\n<li><strong>Caract\u00e8re<\/strong> : Pi\u00e8ce unique<\/li>\n<\/ul>\n<p>&nbsp;<\/p>\n","protected":false},"excerpt":{"rendered":"<p>Une broche vintage unique en soie naturelle marbr\u00e9e \u00e0 la cuve mont\u00e9 sur une monture en m\u00e9tal dor\u00e9e soigneusement cisel\u00e9e.<\/p>\n","protected":false},"featured_media":3433,"comment_status":"open","ping_status":"closed","template":"","meta":[],"product_brand":[],"product_cat":[175,193],"product_tag":[37,44,43],"class_list":{"0":"post-3432","1":"product","2":"type-product","3":"status-publish","4":"has-post-thumbnail","6":"product_cat-bijou-metal-soie","7":"product_cat-broche-en-soie-et-metal","8":"product_tag-broche-verre-soie","9":"product_tag-soie-marbree","10":"product_tag-twill-soie","11":"pa_bijou-broche","12":"pa_soie-soie-marbree","14":"first","15":"instock","16":"purchasable","17":"product-type-simple"},"_links":{"self":[{"href":"https:\/\/art-bijoux.com\/en\/wp-json\/wp\/v2\/product\/3432","targetHints":{"allow":["GET"]}}],"collection":[{"href":"https:\/\/art-bijoux.com\/en\/wp-json\/wp\/v2\/product"}],"about":[{"href":"https:\/\/art-bijoux.com\/en\/wp-json\/wp\/v2\/types\/product"}],"replies":[{"embeddable":true,"href":"https:\/\/art-bijoux.com\/en\/wp-json\/wp\/v2\/comments?post=3432"}],"version-history":[{"count":0,"href":"https:\/\/art-bijoux.com\/en\/wp-json\/wp\/v2\/product\/3432\/revisions"}],"wp:featuredmedia":[{"embeddable":true,"href":"https:\/\/art-bijoux.com\/en\/wp-json\/wp\/v2\/media\/3433"}],"wp:attachment":[{"href":"https:\/\/art-bijoux.com\/en\/wp-json\/wp\/v2\/media?parent=3432"}],"wp:term":[{"taxonomy":"product_brand","embeddable":true,"href":"https:\/\/art-bijoux.com\/en\/wp-json\/wp\/v2\/product_brand?post=3432"},{"taxonomy":"product_cat","embeddable":true,"href":"https:\/\/art-bijoux.com\/en\/wp-json\/wp\/v2\/product_cat?post=3432"},{"taxonomy":"product_tag","embeddable":true,"href":"https:\/\/art-bijoux.com\/en\/wp-json\/wp\/v2\/product_tag?post=3432"}],"curies":[{"name":"wp","href":"https:\/\/api.w.org\/{rel}","templated":true}]}}