{"id":3439,"date":"2024-12-04T17:42:19","date_gmt":"2024-12-04T16:42:19","guid":{"rendered":"https:\/\/art-bijoux.com\/?post_type=product&#038;p=3439"},"modified":"2024-12-04T17:42:19","modified_gmt":"2024-12-04T16:42:19","slug":"horaire-des-marees-basses-peinture-huile-marine","status":"publish","type":"product","link":"https:\/\/art-bijoux.com\/en\/boutique\/horaire-des-marees-basses-peinture-huile-marine\/","title":{"rendered":"L&#8217;Horaire des Mar\u00e9es Basses, Peinture \u00e0 l&#8217;huile, marine"},"content":{"rendered":"<figure id=\"attachment_3440\" aria-describedby=\"caption-attachment-3440\" style=\"width: 233px\" class=\"wp-caption alignnone\"><img fetchpriority=\"high\" decoding=\"async\" class=\"size-medium wp-image-3440\" src=\"https:\/\/art-bijoux.com\/wp-content\/uploads\/2024\/12\/Horaire-marees-233x300.webp\" alt=\"L'horaire des mar\u00e9es basses, huile sur toile\" width=\"233\" height=\"300\" srcset=\"https:\/\/art-bijoux.com\/wp-content\/uploads\/2024\/12\/Horaire-marees-233x300.webp 233w, https:\/\/art-bijoux.com\/wp-content\/uploads\/2024\/12\/Horaire-marees-794x1024.webp 794w, https:\/\/art-bijoux.com\/wp-content\/uploads\/2024\/12\/Horaire-marees-768x991.webp 768w, https:\/\/art-bijoux.com\/wp-content\/uploads\/2024\/12\/Horaire-marees-600x774.webp 600w, https:\/\/art-bijoux.com\/wp-content\/uploads\/2024\/12\/Horaire-marees.webp 800w\" sizes=\"(max-width: 233px) 100vw, 233px\" \/><figcaption id=\"caption-attachment-3440\" class=\"wp-caption-text\">L&#8217;horaire des mar\u00e9es basses, huile sur toile<\/figcaption><\/figure>\n<p><span>Cette marine, peinte \u00e0 l&#8217;huile sur toile par <\/span><strong><span>le Dr Catherine BOROT ALCANTARA<\/span><\/strong><span> , capture un moment serein et \u00e9vocateur d&#8217;une plage \u00e0 mar\u00e9e basse. Ses dimensions g\u00e9n\u00e9reuses ( <\/span><strong><span>56 x 71 cm<\/span><\/strong><span> ) permettent une immersion totale dans ce paysage, o\u00f9 les \u00e9l\u00e9ments naturels et les objets humains s&#8217;\u00e9quilibrent harmonieusement.<\/span><\/p>\n<p><span>Le tableau est encadr\u00e9 d&#8217;un \u00e9l\u00e9gant cadre marbr\u00e9, ajoutant une touche classique \u00e0 cette \u0153uvre contemporaine.<\/span><\/p>\n<p><strong><span>Composition :<\/span><\/strong><\/p>\n<ul>\n<li><strong><span>Le ciel<\/span><\/strong><span> , occupant les deux niveaux sup\u00e9rieurs du tableau, est domin\u00e9 par un <\/span><strong><span>soleil couchant<\/span><\/strong><span> . Les teintes vont du rose d\u00e9licat \u00e0 l&#8217;horizon \u00e0 un bleu apaisant vers le haut, ponctu\u00e9es de nuages \u200b\u200bgris p\u00e2le subtilement fondus dans la surface. De fines lignes dor\u00e9es illuminant encore les pr\u00e9cieux, t\u00e9moignant des derniers instants du jour.<\/span><\/li>\n<li><strong><span>La plage<\/span><\/strong><span> est peinte avec un r\u00e9alisme remarquable, o\u00f9 le sable mouill\u00e9 refl\u00e8te la lumi\u00e8re du soir, rehauss\u00e9 par quelques vaguelettes en douceur.<\/span><\/li>\n<li><strong><span>Les barques<\/span><\/strong><span> se sont av\u00e9r\u00e9es \u00e9chou\u00e9es sur le sable en bas \u00e0 gauche du tableau :<\/span>\n<ul>\n<li><strong><span>La barque de droite<\/span><\/strong><span> , avec ses deux m\u00e2ts, est vue de dos, tourn\u00e9e vers le large, comme si elle aspirait \u00e0 retrouver l&#8217;eau.<\/span><\/li>\n<li><strong><span>La barque de gauche<\/span><\/strong><span> , l\u00e9g\u00e8rement de profil, offre un contraste subtil par sa position et son orientation.<\/span><\/li>\n<\/ul>\n<\/li>\n<\/ul>\n<p><span>Les tonalit\u00e9s \u00e9quilibr\u00e9es et le jeu de lumi\u00e8re rendent cette sc\u00e8ne captivante, \u00e9voquant une atmosph\u00e8re de calme, de fin de journ\u00e9e et de promesse maritime.<\/span><\/p>\n<p><strong><span>Caract\u00e9ristiques principales :<\/span><\/strong><\/p>\n<ul>\n<li><strong><span>Artiste :<\/span><\/strong><span> Dr Catherine BOROT ALCANTARA.<\/span><\/li>\n<li><strong><span>Technique :<\/span><\/strong><span> Huile sur ch\u00e2ssis.<\/span><\/li>\n<li><strong><span>Dimensions :<\/span><\/strong><span> 56 x 71 cm.<\/span><\/li>\n<li><strong><span>Encadrement :<\/span><\/strong><span> Cadre marbr\u00e9 classique.<\/span><\/li>\n<li><strong><span>Style :<\/span><\/strong><span> R\u00e9alisme po\u00e9tique, marine au coucher du soleil.<\/span><\/li>\n<li><strong><span>Th\u00e8me :<\/span><\/strong><span> Plage \u00e0 mar\u00e9e basse avec barques \u00e9chou\u00e9es, lumi\u00e8re de coucher de soleil et reflets sur sable mouill\u00e9.<\/span><\/li>\n<\/ul>\n<p><span>Cette \u0153uvre trouvera parfaitement sa place dans un int\u00e9rieur, qu&#8217;il soit classique ou contemporain, o\u00f9 elle apportera une touche de s\u00e9r\u00e9nit\u00e9 et d&#8217;\u00e9l\u00e9gance intemporelle.<\/span><\/p>\n","protected":false},"excerpt":{"rendered":"<p>Marine repr\u00e9sentant une plage \u00e0 mar\u00e9es basse au soleil couchant. Deux barques reposent sur le sable.<\/p>\n","protected":false},"featured_media":3440,"comment_status":"open","ping_status":"closed","template":"","meta":[],"product_brand":[],"product_cat":[267,261,24],"product_tag":[221],"class_list":{"0":"post-3439","1":"product","2":"type-product","3":"status-publish","4":"has-post-thumbnail","6":"product_cat-huile","7":"product_cat-paysage","8":"product_cat-diversite-oeuvres-art","9":"product_tag-tableau","10":"pa_tableau-marine","11":"pa_tableau-peinture-a-lhuile","13":"first","14":"instock","15":"purchasable","16":"product-type-simple"},"_links":{"self":[{"href":"https:\/\/art-bijoux.com\/en\/wp-json\/wp\/v2\/product\/3439","targetHints":{"allow":["GET"]}}],"collection":[{"href":"https:\/\/art-bijoux.com\/en\/wp-json\/wp\/v2\/product"}],"about":[{"href":"https:\/\/art-bijoux.com\/en\/wp-json\/wp\/v2\/types\/product"}],"replies":[{"embeddable":true,"href":"https:\/\/art-bijoux.com\/en\/wp-json\/wp\/v2\/comments?post=3439"}],"version-history":[{"count":0,"href":"https:\/\/art-bijoux.com\/en\/wp-json\/wp\/v2\/product\/3439\/revisions"}],"wp:featuredmedia":[{"embeddable":true,"href":"https:\/\/art-bijoux.com\/en\/wp-json\/wp\/v2\/media\/3440"}],"wp:attachment":[{"href":"https:\/\/art-bijoux.com\/en\/wp-json\/wp\/v2\/media?parent=3439"}],"wp:term":[{"taxonomy":"product_brand","embeddable":true,"href":"https:\/\/art-bijoux.com\/en\/wp-json\/wp\/v2\/product_brand?post=3439"},{"taxonomy":"product_cat","embeddable":true,"href":"https:\/\/art-bijoux.com\/en\/wp-json\/wp\/v2\/product_cat?post=3439"},{"taxonomy":"product_tag","embeddable":true,"href":"https:\/\/art-bijoux.com\/en\/wp-json\/wp\/v2\/product_tag?post=3439"}],"curies":[{"name":"wp","href":"https:\/\/api.w.org\/{rel}","templated":true}]}}