{"id":345,"date":"2024-04-29T16:21:01","date_gmt":"2024-04-29T14:21:01","guid":{"rendered":"https:\/\/art-bijoux.com\/?post_type=product&#038;p=345"},"modified":"2024-05-27T20:54:55","modified_gmt":"2024-05-27T18:54:55","slug":"pendentif-fleurs-de-glycine-bleue-en-verre-tiffany-elegance-florale-unique","status":"publish","type":"product","link":"https:\/\/art-bijoux.com\/en\/boutique\/pendentif-fleurs-de-glycine-bleue-en-verre-tiffany-elegance-florale-unique\/","title":{"rendered":"Branche dans la Glycine &#8211; Pendentif Fleurs de Glycine Bleue en Verre Tiffany &#8211; \u00c9l\u00e9gance Florale Unique"},"content":{"rendered":"<p>Capturer la d\u00e9licatesse de la nature qui renait au printemps avec notre pendentif repr\u00e9sentant une coul\u00e9e de fleurs de glycine bleue, une pi\u00e8ce remarquable qui \u00e9voque la beaut\u00e9 et l&#8217;\u00e9l\u00e9gance florale. Chaque bijou est une \u0153uvre d&#8217;art unique, m\u00e9ticuleusement con\u00e7ue et fabriqu\u00e9e \u00e0 la main, affirmant notre engagement envers la cr\u00e9ativit\u00e9 et la qualit\u00e9 artisanale.<\/p>\n<p>Cette magnifique fleur de glycine bleue se compose de six p\u00e9tales en verre Tiffany bleu, offrant une brillance et une profondeur remarquables \u00e0 chaque d\u00e9tail. Une breloque en m\u00e9tal cuivr\u00e9, repr\u00e9sentant une branche avec trois feuilles d\u00e9licates, est suspendue, ajoutant une touche d&#8217;authenticit\u00e9 et de charme rustique \u00e0 l&#8217;ensemble.<\/p>\n<p>La patine cuivr\u00e9e qui recouvre le pourtour du pendentif ajoute une touche de chaleur et de caract\u00e8re, mettant en valeur la beaut\u00e9 intemporelle de cette pi\u00e8ce florale. Une b\u00e9li\u00e8re argent\u00e9e est solidement soud\u00e9e et l&#8217;arri\u00e8re et permet de passer une cha\u00eene ou un lacet.<\/p>\n<p><strong>Caract\u00e9ristiques :<\/strong><\/p>\n<ul>\n<li>Mat\u00e9riel : Verre Tiffany bleu opaque, cuivre, \u00e9tain, m\u00e9tal cuivr\u00e9<\/li>\n<li>Style : Floral, \u00e9l\u00e9gant, pi\u00e8ce unique<\/li>\n<li>Dimensions : hauteur : 6,4 cm, largeur : 5 cm<\/li>\n<\/ul>\n<p>Faites une d\u00e9claration de style avec ce pendentif remarquable, o\u00f9 la gr\u00e2ce de la fleur de glycine rencontre l&#8217;artisanat raffin\u00e9. Commandez d\u00e8s maintenant et laissez cette pi\u00e8ce distinctive ajouter une touche de charme et de sophistication \u00e0 votre collection de bijoux.<\/p>\n<p>Quand vous portez ce pendentif imposant, pensez \u00e0 la magnifique lampe Tiffany de 1000 pi\u00e8ces repr\u00e9sentant une Glycine dont les fragments sont issus :<\/p>\n<figure id=\"attachment_1965\" aria-describedby=\"caption-attachment-1965\" style=\"width: 300px\" class=\"wp-caption alignleft\"><img fetchpriority=\"high\" decoding=\"async\" class=\"size-medium wp-image-1965\" src=\"https:\/\/art-bijoux.com\/wp-content\/uploads\/2024\/05\/Lampe-glycine-allumee-300x269.webp\" alt=\"Lampe de mille pi\u00e8ce avec un motif de glycine\" width=\"300\" height=\"269\" srcset=\"https:\/\/art-bijoux.com\/wp-content\/uploads\/2024\/05\/Lampe-glycine-allumee-300x269.webp 300w, https:\/\/art-bijoux.com\/wp-content\/uploads\/2024\/05\/Lampe-glycine-allumee-768x688.webp 768w, https:\/\/art-bijoux.com\/wp-content\/uploads\/2024\/05\/Lampe-glycine-allumee-600x538.webp 600w, https:\/\/art-bijoux.com\/wp-content\/uploads\/2024\/05\/Lampe-glycine-allumee.webp 800w\" sizes=\"(max-width: 300px) 100vw, 300px\" \/><figcaption id=\"caption-attachment-1965\" class=\"wp-caption-text\">Lampe de mille pi\u00e8ce avec un motif de glycine<\/figcaption><\/figure>\n","protected":false},"excerpt":{"rendered":"<p>Une grappe de glycine avec une branche<\/p>\n","protected":false},"featured_media":182,"comment_status":"open","ping_status":"closed","template":"","meta":[],"product_brand":[],"product_cat":[176,28],"product_tag":[29,35,26,27],"class_list":{"0":"post-345","1":"product","2":"type-product","3":"status-publish","4":"has-post-thumbnail","6":"product_cat-breloque-bijou-verre","7":"product_cat-pendentif-tiffany","8":"product_tag-breloque-metal-pierre","9":"product_tag-feuille-breloque-metal","10":"product_tag-pendentif-verre","11":"product_tag-tiffany-verre","12":"pa_bijou-pendentif","13":"pa_breloque-feuilles-arbre","15":"first","16":"instock","17":"purchasable","18":"product-type-simple"},"_links":{"self":[{"href":"https:\/\/art-bijoux.com\/en\/wp-json\/wp\/v2\/product\/345","targetHints":{"allow":["GET"]}}],"collection":[{"href":"https:\/\/art-bijoux.com\/en\/wp-json\/wp\/v2\/product"}],"about":[{"href":"https:\/\/art-bijoux.com\/en\/wp-json\/wp\/v2\/types\/product"}],"replies":[{"embeddable":true,"href":"https:\/\/art-bijoux.com\/en\/wp-json\/wp\/v2\/comments?post=345"}],"version-history":[{"count":1,"href":"https:\/\/art-bijoux.com\/en\/wp-json\/wp\/v2\/product\/345\/revisions"}],"predecessor-version":[{"id":2176,"href":"https:\/\/art-bijoux.com\/en\/wp-json\/wp\/v2\/product\/345\/revisions\/2176"}],"wp:featuredmedia":[{"embeddable":true,"href":"https:\/\/art-bijoux.com\/en\/wp-json\/wp\/v2\/media\/182"}],"wp:attachment":[{"href":"https:\/\/art-bijoux.com\/en\/wp-json\/wp\/v2\/media?parent=345"}],"wp:term":[{"taxonomy":"product_brand","embeddable":true,"href":"https:\/\/art-bijoux.com\/en\/wp-json\/wp\/v2\/product_brand?post=345"},{"taxonomy":"product_cat","embeddable":true,"href":"https:\/\/art-bijoux.com\/en\/wp-json\/wp\/v2\/product_cat?post=345"},{"taxonomy":"product_tag","embeddable":true,"href":"https:\/\/art-bijoux.com\/en\/wp-json\/wp\/v2\/product_tag?post=345"}],"curies":[{"name":"wp","href":"https:\/\/api.w.org\/{rel}","templated":true}]}}