{"id":348,"date":"2024-04-29T16:39:20","date_gmt":"2024-04-29T14:39:20","guid":{"rendered":"https:\/\/art-bijoux.com\/?post_type=product&#038;p=348"},"modified":"2025-04-09T13:00:38","modified_gmt":"2025-04-09T11:00:38","slug":"pendentif-en-verre-colorescent-rose-et-beige-elegance-geometrique-unique","status":"publish","type":"product","link":"https:\/\/art-bijoux.com\/en\/boutique\/pendentif-en-verre-colorescent-rose-et-beige-elegance-geometrique-unique\/","title":{"rendered":"Triangle et losange &#8211; Pendentif en Verre Colorescent Rose et Beige &#8211; \u00c9l\u00e9gance G\u00e9om\u00e9trique Unique"},"content":{"rendered":"<p><img fetchpriority=\"high\" decoding=\"async\" class=\"size-medium wp-image-201 alignleft\" src=\"https:\/\/art-bijoux.com\/wp-content\/uploads\/2024\/04\/petit-pendentif-pastel-2-pieces-300x296.webp\" alt=\"\" width=\"300\" height=\"296\" srcset=\"https:\/\/art-bijoux.com\/wp-content\/uploads\/2024\/04\/petit-pendentif-pastel-2-pieces-300x296.webp 300w, https:\/\/art-bijoux.com\/wp-content\/uploads\/2024\/04\/petit-pendentif-pastel-2-pieces-100x100.webp 100w, https:\/\/art-bijoux.com\/wp-content\/uploads\/2024\/04\/petit-pendentif-pastel-2-pieces-600x592.webp 600w, https:\/\/art-bijoux.com\/wp-content\/uploads\/2024\/04\/petit-pendentif-pastel-2-pieces-1024x1010.webp 1024w, https:\/\/art-bijoux.com\/wp-content\/uploads\/2024\/04\/petit-pendentif-pastel-2-pieces-768x758.webp 768w, https:\/\/art-bijoux.com\/wp-content\/uploads\/2024\/04\/petit-pendentif-pastel-2-pieces-1536x1515.webp 1536w, https:\/\/art-bijoux.com\/wp-content\/uploads\/2024\/04\/petit-pendentif-pastel-2-pieces.webp 1920w\" sizes=\"(max-width: 300px) 100vw, 300px\" \/><\/p>\n<p>Explorez l&#8217;esth\u00e9tique moderne et \u00e9l\u00e9gante avec notre pendentif en verre colorescent semi-transparent, une pi\u00e8ce remarquable de sobri\u00e9t\u00e9 qui \u00e9voque la beaut\u00e9 de la g\u00e9om\u00e9trie et des couleurs pastels. Chaque bijou est une \u0153uvre d&#8217;art unique, soigneusement con\u00e7ue et fabriqu\u00e9e \u00e0 la main, affirmant notre engagement envers la cr\u00e9ativit\u00e9 et la qualit\u00e9 artisanale.<\/p>\n<p>Ce pendentif captivant se compose de deux pi\u00e8ces de verre, une triangulaire rose et l&#8217;autre trap\u00e9zo\u00efdale beige, unies par une soudure sur un c\u00f4t\u00e9, cr\u00e9ant un cama\u00efeu subtil et une harmonie visuelle. Une patine cuivr\u00e9e recouvre le pourtour, ajoutant une touche de chaleur et de caract\u00e8re \u00e0 l&#8217;ensemble.<\/p>\n<p>Un anneau dor\u00e9 est soud\u00e9 au sommet du pendentif, offrant une polyvalence d&#8217;utilisation en permettant de passer un collier ou un lacet, ajoutant une touche de sophistication \u00e0 ce bijou moderne.<\/p>\n<p><strong>Caract\u00e9ristiques :<\/strong><\/p>\n<ul>\n<li>Mat\u00e9riel : Verre colorescent, cuivre, \u00e9tain, patine cuivr\u00e9e, anneau dor\u00e9<\/li>\n<li>Style : G\u00e9om\u00e9trique, moderne, pi\u00e8ce unique<\/li>\n<li>Dimensions : hauteur : 4,4 cm, largeur : 4,8 cm<\/li>\n<\/ul>\n<p>Faites une d\u00e9claration de style avec ce pendentif remarquable, o\u00f9 la simplicit\u00e9 de la g\u00e9om\u00e9trie rencontre la richesse des couleurs. Commandez d\u00e8s maintenant et laissez cette pi\u00e8ce distinctive ajouter une touche d&#8217;\u00e9l\u00e9gance et de modernit\u00e9 \u00e0 votre collection de bijoux.<\/p>\n","protected":false},"excerpt":{"rendered":"<p>Triangle rose et losange beige, de verre r\u00e9cup\u00e9r\u00e9 parmi les chutes d&#8217;un grand vitrail, mont\u00e9s en pendentif selon la technique Tiffany.<\/p>\n","protected":false},"featured_media":4970,"comment_status":"open","ping_status":"closed","template":"","meta":[],"product_brand":[],"product_cat":[28],"product_tag":[36,26,27],"class_list":{"0":"post-348","1":"product","2":"type-product","3":"status-publish","4":"has-post-thumbnail","6":"product_cat-pendentif-tiffany","7":"product_tag-verre-abstrait","8":"product_tag-pendentif-verre","9":"product_tag-tiffany-verre","10":"pa_bijou-pendentif","12":"first","13":"instock","14":"purchasable","15":"product-type-simple"},"_links":{"self":[{"href":"https:\/\/art-bijoux.com\/en\/wp-json\/wp\/v2\/product\/348","targetHints":{"allow":["GET"]}}],"collection":[{"href":"https:\/\/art-bijoux.com\/en\/wp-json\/wp\/v2\/product"}],"about":[{"href":"https:\/\/art-bijoux.com\/en\/wp-json\/wp\/v2\/types\/product"}],"replies":[{"embeddable":true,"href":"https:\/\/art-bijoux.com\/en\/wp-json\/wp\/v2\/comments?post=348"}],"version-history":[{"count":1,"href":"https:\/\/art-bijoux.com\/en\/wp-json\/wp\/v2\/product\/348\/revisions"}],"predecessor-version":[{"id":4969,"href":"https:\/\/art-bijoux.com\/en\/wp-json\/wp\/v2\/product\/348\/revisions\/4969"}],"wp:featuredmedia":[{"embeddable":true,"href":"https:\/\/art-bijoux.com\/en\/wp-json\/wp\/v2\/media\/4970"}],"wp:attachment":[{"href":"https:\/\/art-bijoux.com\/en\/wp-json\/wp\/v2\/media?parent=348"}],"wp:term":[{"taxonomy":"product_brand","embeddable":true,"href":"https:\/\/art-bijoux.com\/en\/wp-json\/wp\/v2\/product_brand?post=348"},{"taxonomy":"product_cat","embeddable":true,"href":"https:\/\/art-bijoux.com\/en\/wp-json\/wp\/v2\/product_cat?post=348"},{"taxonomy":"product_tag","embeddable":true,"href":"https:\/\/art-bijoux.com\/en\/wp-json\/wp\/v2\/product_tag?post=348"}],"curies":[{"name":"wp","href":"https:\/\/api.w.org\/{rel}","templated":true}]}}