{"id":351,"date":"2024-04-29T17:17:17","date_gmt":"2024-04-29T15:17:17","guid":{"rendered":"https:\/\/art-bijoux.com\/?post_type=product&#038;p=351"},"modified":"2024-04-30T18:10:36","modified_gmt":"2024-04-30T16:10:36","slug":"pendentif-trapeze-en-verre-tiffany-rose-elegance-minimaliste-avec-une-touche-florale","status":"publish","type":"product","link":"https:\/\/art-bijoux.com\/en\/boutique\/pendentif-trapeze-en-verre-tiffany-rose-elegance-minimaliste-avec-une-touche-florale\/","title":{"rendered":"Tr\u00e8fle dor\u00e9 &#8211; Pendentif Trap\u00e8ze en Verre Tiffany Rose &#8211; \u00c9l\u00e9gance Minimaliste avec un Tr\u00e8fle dor\u00e9"},"content":{"rendered":"<p><img fetchpriority=\"high\" decoding=\"async\" class=\"alignnone wp-image-355 size-medium\" src=\"https:\/\/art-bijoux.com\/wp-content\/uploads\/2024\/04\/DSC09167-300x252.webp\" alt=\"\" width=\"300\" height=\"252\" srcset=\"https:\/\/art-bijoux.com\/wp-content\/uploads\/2024\/04\/DSC09167-300x252.webp 300w, https:\/\/art-bijoux.com\/wp-content\/uploads\/2024\/04\/DSC09167-600x503.webp 600w, https:\/\/art-bijoux.com\/wp-content\/uploads\/2024\/04\/DSC09167-768x644.webp 768w, https:\/\/art-bijoux.com\/wp-content\/uploads\/2024\/04\/DSC09167.webp 800w\" sizes=\"(max-width: 300px) 100vw, 300px\" \/><\/p>\n<p>D\u00e9couvrez la simplicit\u00e9 \u00e9l\u00e9gante avec notre pendentif r\u00e9alis\u00e9 avec un pendentif en forme de trap\u00e8ze en verre Tiffany rose avec les bords arrondis, une pi\u00e8ce qui marie une \u00e9l\u00e9gance sobre \u00e0 une subtile touche florale. Chaque bijou est une \u0153uvre d&#8217;art unique, soigneusement con\u00e7ue et fabriqu\u00e9e \u00e0 la main, affirmant notre engagement envers la cr\u00e9ativit\u00e9 et la qualit\u00e9 artisanale.<\/p>\n<p>Ce pendentif raffin\u00e9 se pr\u00e9sente sous la forme d&#8217;un simple trap\u00e8ze en verre Tiffany rose, dans lequel la lumi\u00e8re se refl\u00e8te avec une douceur et une subtilit\u00e9 remarquables. Sa forme g\u00e9om\u00e9trique apporte une esth\u00e9tique moderne et \u00e9pur\u00e9e \u00e0 l&#8217;ensemble.<\/p>\n<p>Une breloque en m\u00e9tal dor\u00e9 en forme de tr\u00e8fle \u00e0 4 feuilles, qui surmonte une tige \u00e9lanc\u00e9e, est suspendue \u00e0 un anneau dor\u00e9, ajoutant une touche d\u00e9licate et de chance \u00e0 ce bijou minimaliste. Une b\u00e9li\u00e8re, solidement soud\u00e9e \u00e0 l&#8217;arri\u00e8re, permet de passer une cha\u00eene ou un lacet.<\/p>\n<p><strong>Caract\u00e9ristiques :<\/strong><\/p>\n<ul>\n<li>Mat\u00e9riel : Verre Tiffany, cuivre, \u00e9tain, patine cuivr\u00e9e, m\u00e9tal dor\u00e9<\/li>\n<li>Style : Minimaliste, floral, pi\u00e8ce unique<\/li>\n<li>Dimensions : Hauteur : 3 cm, largeur : 4,2 cm<\/li>\n<\/ul>\n<p>Faites une d\u00e9claration de style subtile avec ce pendentif remarquable, o\u00f9 la simplicit\u00e9 de la forme rencontre la d\u00e9licatesse de la fleur. Commandez d\u00e8s maintenant et laissez cette pi\u00e8ce distinctive ajouter une touche d&#8217;\u00e9l\u00e9gance et de raffinement \u00e0 votre collection de bijoux.<\/p>\n","protected":false},"excerpt":{"rendered":"<p>Un trap\u00e8ze rose aux bords arrondis avec une fleur dor\u00e9e<\/p>\n","protected":false},"featured_media":294,"comment_status":"open","ping_status":"closed","template":"","meta":[],"product_brand":[],"product_cat":[28],"product_tag":[29,26,27],"class_list":{"0":"post-351","1":"product","2":"type-product","3":"status-publish","4":"has-post-thumbnail","6":"product_cat-pendentif-tiffany","7":"product_tag-breloque-metal-pierre","8":"product_tag-pendentif-verre","9":"product_tag-tiffany-verre","11":"first","12":"instock","13":"purchasable","14":"product-type-simple"},"_links":{"self":[{"href":"https:\/\/art-bijoux.com\/en\/wp-json\/wp\/v2\/product\/351","targetHints":{"allow":["GET"]}}],"collection":[{"href":"https:\/\/art-bijoux.com\/en\/wp-json\/wp\/v2\/product"}],"about":[{"href":"https:\/\/art-bijoux.com\/en\/wp-json\/wp\/v2\/types\/product"}],"replies":[{"embeddable":true,"href":"https:\/\/art-bijoux.com\/en\/wp-json\/wp\/v2\/comments?post=351"}],"version-history":[{"count":1,"href":"https:\/\/art-bijoux.com\/en\/wp-json\/wp\/v2\/product\/351\/revisions"}],"predecessor-version":[{"id":352,"href":"https:\/\/art-bijoux.com\/en\/wp-json\/wp\/v2\/product\/351\/revisions\/352"}],"wp:featuredmedia":[{"embeddable":true,"href":"https:\/\/art-bijoux.com\/en\/wp-json\/wp\/v2\/media\/294"}],"wp:attachment":[{"href":"https:\/\/art-bijoux.com\/en\/wp-json\/wp\/v2\/media?parent=351"}],"wp:term":[{"taxonomy":"product_brand","embeddable":true,"href":"https:\/\/art-bijoux.com\/en\/wp-json\/wp\/v2\/product_brand?post=351"},{"taxonomy":"product_cat","embeddable":true,"href":"https:\/\/art-bijoux.com\/en\/wp-json\/wp\/v2\/product_cat?post=351"},{"taxonomy":"product_tag","embeddable":true,"href":"https:\/\/art-bijoux.com\/en\/wp-json\/wp\/v2\/product_tag?post=351"}],"curies":[{"name":"wp","href":"https:\/\/api.w.org\/{rel}","templated":true}]}}