{"id":3512,"date":"2024-12-11T20:54:06","date_gmt":"2024-12-11T19:54:06","guid":{"rendered":"https:\/\/art-bijoux.com\/?post_type=product&#038;p=3512"},"modified":"2024-12-12T10:03:42","modified_gmt":"2024-12-12T09:03:42","slug":"pendentif-en-verre-metallise-bleu-avec-un-papillon-en-pierre-2","status":"publish","type":"product","link":"https:\/\/art-bijoux.com\/en\/boutique\/pendentif-en-verre-metallise-bleu-avec-un-papillon-en-pierre-2\/","title":{"rendered":"Pendentif en Verre M\u00e9tallis\u00e9 Bleu avec un Papillon en Pierre"},"content":{"rendered":"<figure id=\"attachment_3513\" aria-describedby=\"caption-attachment-3513\" style=\"width: 295px\" class=\"wp-caption alignnone\"><img fetchpriority=\"high\" decoding=\"async\" class=\"size-medium wp-image-3513\" src=\"https:\/\/art-bijoux.com\/wp-content\/uploads\/2024\/12\/Pendentif-papillon-bleu-clair-295x300.jpg\" alt=\"Pendentif papillon bleu clair\" width=\"295\" height=\"300\" srcset=\"https:\/\/art-bijoux.com\/wp-content\/uploads\/2024\/12\/Pendentif-papillon-bleu-clair-295x300.jpg 295w, https:\/\/art-bijoux.com\/wp-content\/uploads\/2024\/12\/Pendentif-papillon-bleu-clair-1008x1024.jpg 1008w, https:\/\/art-bijoux.com\/wp-content\/uploads\/2024\/12\/Pendentif-papillon-bleu-clair-768x780.jpg 768w, https:\/\/art-bijoux.com\/wp-content\/uploads\/2024\/12\/Pendentif-papillon-bleu-clair-600x609.jpg 600w, https:\/\/art-bijoux.com\/wp-content\/uploads\/2024\/12\/Pendentif-papillon-bleu-clair.jpg 1080w\" sizes=\"(max-width: 295px) 100vw, 295px\" \/><figcaption id=\"caption-attachment-3513\" class=\"wp-caption-text\">Pendentif papillon bleu clair<\/figcaption><\/figure>\n<p>Ce pendentif est un rectangle en verre dichro\u00efque bleu m\u00e9tallique, fondu sur un carr\u00e9 l\u00e9g\u00e8rement plus grand de verre vert p\u00e2le. La surface est brillante, m\u00e9tallique, change de reflets selon l&#8217;\u00e9clairage, et est pliss\u00e9e, ajoutant de la texture et un int\u00e9r\u00eat visuel captivant.<\/p>\n<p>Il a \u00e9t\u00e9 mont\u00e9 selon la technique Tiffany : les bords ont \u00e9t\u00e9 meul\u00e9s, sertis au cuivre et soud\u00e9s \u00e0 l&#8217;\u00e9tain, puis patin\u00e9 dans une nuance chaude de cuivre dor\u00e9. Une b\u00e9li\u00e8re a \u00e9t\u00e9 solidement soud\u00e9e, permettant de passer une cha\u00eene ou un lacet pour porter le pendentif.<\/p>\n<p>Pour une touche de d\u00e9licatesse et de nature, une breloque repr\u00e9sentant un papillon \u00e0 quatre ailes en aig\u00fce marine, dont la symbolique est <span class=\"BxUVEf ILfuVd\" lang=\"fr\"><span class=\"hgKElc\">porteuse de joie, de cr\u00e9ativit\u00e9 et aurait la capacit\u00e9 \u00e0 lib\u00e9rer les \u00e9motions enfouies pour apporter l&#8217;apaisement, la clairvoyance et la paix int\u00e9rieure, <\/span><\/span>a \u00e9t\u00e9 solidement fix\u00e9e \u00e0 un anneau soud\u00e9, ajoutant une dimension \u00e9l\u00e9gante et po\u00e9tique \u00e0 ce bijou unique.<\/p>\n<p>Caract\u00e9ristiques :<\/p>\n<ul>\n<li>Dimensions approximatives : largeur: 3,7cmx hauteur: 4,1cm<\/li>\n<li>Verre dichro\u00efque bleu m\u00e9tallique, brillant et pliss\u00e9<\/li>\n<li>Anneau en U fondu entre les couches de verre pour la suspension<\/li>\n<li>Breloque repr\u00e9sentant un papillon \u00e0 quatre ailes en m\u00e9tal, fix\u00e9e \u00e0 un anneau fix\u00e9 \u00e0 une b\u00e9li\u00e8re soud\u00e9e<\/li>\n<li>Surface changeante avec des reflets m\u00e9talliques en fonction de l&#8217;\u00e9clairage<\/li>\n<\/ul>\n<p>Ce pendentif unique marie l&#8217;\u00e9l\u00e9gance du verre dichro\u00efque et la l\u00e9g\u00e8ret\u00e9 d&#8217;un motif naturel, offrant un bijou qui est \u00e0 la fois sophistiqu\u00e9 et enchanteur, parfait pour ceux qui aiment les pi\u00e8ces originales et raffin\u00e9es.<\/p>\n","protected":false},"excerpt":{"rendered":"<p>Pendentif rectangulaire en verre dichro\u00efque bleu m\u00e9tallique, sur un carr\u00e9 orange semi transparent. Une breloque papillon \u00e0 4 ailes.<\/p>\n","protected":false},"featured_media":3513,"comment_status":"open","ping_status":"closed","template":"","meta":[],"product_brand":[],"product_cat":[176,182],"product_tag":[29,49,26],"class_list":{"0":"post-3512","1":"product","2":"type-product","3":"status-publish","4":"has-post-thumbnail","6":"product_cat-breloque-bijou-verre","7":"product_cat-pendentif-fusing","8":"product_tag-breloque-metal-pierre","9":"product_tag-fusing-verre","10":"product_tag-pendentif-verre","11":"pa_bijou-pendentif","12":"pa_breloque-papillon-en-pierre","14":"first","15":"outofstock","16":"purchasable","17":"product-type-simple"},"_links":{"self":[{"href":"https:\/\/art-bijoux.com\/en\/wp-json\/wp\/v2\/product\/3512","targetHints":{"allow":["GET"]}}],"collection":[{"href":"https:\/\/art-bijoux.com\/en\/wp-json\/wp\/v2\/product"}],"about":[{"href":"https:\/\/art-bijoux.com\/en\/wp-json\/wp\/v2\/types\/product"}],"replies":[{"embeddable":true,"href":"https:\/\/art-bijoux.com\/en\/wp-json\/wp\/v2\/comments?post=3512"}],"version-history":[{"count":0,"href":"https:\/\/art-bijoux.com\/en\/wp-json\/wp\/v2\/product\/3512\/revisions"}],"wp:featuredmedia":[{"embeddable":true,"href":"https:\/\/art-bijoux.com\/en\/wp-json\/wp\/v2\/media\/3513"}],"wp:attachment":[{"href":"https:\/\/art-bijoux.com\/en\/wp-json\/wp\/v2\/media?parent=3512"}],"wp:term":[{"taxonomy":"product_brand","embeddable":true,"href":"https:\/\/art-bijoux.com\/en\/wp-json\/wp\/v2\/product_brand?post=3512"},{"taxonomy":"product_cat","embeddable":true,"href":"https:\/\/art-bijoux.com\/en\/wp-json\/wp\/v2\/product_cat?post=3512"},{"taxonomy":"product_tag","embeddable":true,"href":"https:\/\/art-bijoux.com\/en\/wp-json\/wp\/v2\/product_tag?post=3512"}],"curies":[{"name":"wp","href":"https:\/\/api.w.org\/{rel}","templated":true}]}}