{"id":3538,"date":"2024-12-18T13:04:09","date_gmt":"2024-12-18T12:04:09","guid":{"rendered":"https:\/\/art-bijoux.com\/?post_type=product&#038;p=3538"},"modified":"2025-01-01T10:50:45","modified_gmt":"2025-01-01T09:50:45","slug":"3538-ange-en-aventurine-sur-baie-deglise","status":"publish","type":"product","link":"https:\/\/art-bijoux.com\/en\/boutique\/3538-ange-en-aventurine-sur-baie-deglise\/","title":{"rendered":"Paix et Lumi\u00e8re \u2013 Bijou Ange en Aventurine et Vitrail en verre fondu"},"content":{"rendered":"<figure id=\"attachment_3539\" aria-describedby=\"caption-attachment-3539\" style=\"width: 300px\" class=\"wp-caption alignleft\"><img fetchpriority=\"high\" decoding=\"async\" class=\"size-medium wp-image-3539\" src=\"https:\/\/art-bijoux.com\/wp-content\/uploads\/2024\/12\/Vitrail-ange-1-carre-300x300.jpg\" alt=\"Ange en aventurine sur vitrail d'\u00e9glise en verre\" width=\"300\" height=\"300\" srcset=\"https:\/\/art-bijoux.com\/wp-content\/uploads\/2024\/12\/Vitrail-ange-1-carre-300x300.jpg 300w, https:\/\/art-bijoux.com\/wp-content\/uploads\/2024\/12\/Vitrail-ange-1-carre-1024x1024.jpg 1024w, https:\/\/art-bijoux.com\/wp-content\/uploads\/2024\/12\/Vitrail-ange-1-carre-150x150.jpg 150w, https:\/\/art-bijoux.com\/wp-content\/uploads\/2024\/12\/Vitrail-ange-1-carre-768x768.jpg 768w, https:\/\/art-bijoux.com\/wp-content\/uploads\/2024\/12\/Vitrail-ange-1-carre-600x600.jpg 600w, https:\/\/art-bijoux.com\/wp-content\/uploads\/2024\/12\/Vitrail-ange-1-carre-100x100.jpg 100w, https:\/\/art-bijoux.com\/wp-content\/uploads\/2024\/12\/Vitrail-ange-1-carre.jpg 1080w\" sizes=\"(max-width: 300px) 100vw, 300px\" \/><figcaption id=\"caption-attachment-3539\" class=\"wp-caption-text\">Ange en aventurine sur vitrail d&#8217;\u00e9glise en verre<\/figcaption><\/figure>\n<p>Ce bijou d&#8217;inspiration catholique repr\u00e9sente un ange empreint de s\u00e9r\u00e9nit\u00e9 et de spiritualit\u00e9. Sa robe est taill\u00e9e dans de la pierre aventurine, r\u00e9put\u00e9e pour symboliser la paix, l&#8217;\u00e9quilibre et la cr\u00e9ativit\u00e9. L&#8217;ange est mont\u00e9 sur un vitrail en \u00e9clats de verre fondu r\u00e9cup\u00e9r\u00e9, comportant des oxydes m\u00e9talliques qui offrent des reflets brillants et changeants. La forme du vitrail, en ogive, rappelle les baies des \u00e9glises, ajoutant une dimension sacr\u00e9e et architecturale \u00e0 ce pendentif. Une cr\u00e9ation unique qui marie l&#8217;artisanat et la spiritualit\u00e9.<\/p>\n","protected":false},"excerpt":{"rendered":"<p>Pendentif en verre fondu recycl\u00e9 sur un fond en forme de baie d&#8217;\u00e9glise. Un pendentif en forme d&#8217;ange, \u00e0 la robe en aventurine, y est suspendu.<\/p>\n","protected":false},"featured_media":3539,"comment_status":"open","ping_status":"closed","template":"","meta":[],"product_brand":[],"product_cat":[182],"product_tag":[29,49,34],"class_list":{"0":"post-3538","1":"product","2":"type-product","3":"status-publish","4":"has-post-thumbnail","6":"product_cat-pendentif-fusing","7":"product_tag-breloque-metal-pierre","8":"product_tag-fusing-verre","9":"product_tag-spiritualite-croix-anges","10":"pa_bijou-pendentif","12":"first","13":"outofstock","14":"purchasable","15":"product-type-simple"},"_links":{"self":[{"href":"https:\/\/art-bijoux.com\/en\/wp-json\/wp\/v2\/product\/3538","targetHints":{"allow":["GET"]}}],"collection":[{"href":"https:\/\/art-bijoux.com\/en\/wp-json\/wp\/v2\/product"}],"about":[{"href":"https:\/\/art-bijoux.com\/en\/wp-json\/wp\/v2\/types\/product"}],"replies":[{"embeddable":true,"href":"https:\/\/art-bijoux.com\/en\/wp-json\/wp\/v2\/comments?post=3538"}],"version-history":[{"count":0,"href":"https:\/\/art-bijoux.com\/en\/wp-json\/wp\/v2\/product\/3538\/revisions"}],"wp:featuredmedia":[{"embeddable":true,"href":"https:\/\/art-bijoux.com\/en\/wp-json\/wp\/v2\/media\/3539"}],"wp:attachment":[{"href":"https:\/\/art-bijoux.com\/en\/wp-json\/wp\/v2\/media?parent=3538"}],"wp:term":[{"taxonomy":"product_brand","embeddable":true,"href":"https:\/\/art-bijoux.com\/en\/wp-json\/wp\/v2\/product_brand?post=3538"},{"taxonomy":"product_cat","embeddable":true,"href":"https:\/\/art-bijoux.com\/en\/wp-json\/wp\/v2\/product_cat?post=3538"},{"taxonomy":"product_tag","embeddable":true,"href":"https:\/\/art-bijoux.com\/en\/wp-json\/wp\/v2\/product_tag?post=3538"}],"curies":[{"name":"wp","href":"https:\/\/api.w.org\/{rel}","templated":true}]}}