{"id":354,"date":"2024-04-29T17:36:31","date_gmt":"2024-04-29T15:36:31","guid":{"rendered":"https:\/\/art-bijoux.com\/?post_type=product&#038;p=354"},"modified":"2024-04-30T18:09:24","modified_gmt":"2024-04-30T16:09:24","slug":"pendentif-triangle-en-verre-tiffany-vert-avec-breloque-pomme-de-pin-elegance-naturelle-subtile","status":"publish","type":"product","link":"https:\/\/art-bijoux.com\/en\/boutique\/pendentif-triangle-en-verre-tiffany-vert-avec-breloque-pomme-de-pin-elegance-naturelle-subtile\/","title":{"rendered":"Simple Pomme de Pin &#8211; Pendentif Triangulaire en Verre Tiffany Vert avec Breloque Pomme de Pin &#8211; \u00c9l\u00e9gance Naturelle Subtile"},"content":{"rendered":"<figure id=\"attachment_208\" aria-describedby=\"caption-attachment-208\" style=\"width: 208px\" class=\"wp-caption alignnone\"><img fetchpriority=\"high\" decoding=\"async\" class=\"size-medium wp-image-208\" src=\"https:\/\/art-bijoux.com\/wp-content\/uploads\/2024\/04\/Pomme-de-pin-vert-208x300.webp\" alt=\"Une pomme de pin sur un triangle vert\" width=\"208\" height=\"300\" srcset=\"https:\/\/art-bijoux.com\/wp-content\/uploads\/2024\/04\/Pomme-de-pin-vert-208x300.webp 208w, https:\/\/art-bijoux.com\/wp-content\/uploads\/2024\/04\/Pomme-de-pin-vert-600x866.webp 600w, https:\/\/art-bijoux.com\/wp-content\/uploads\/2024\/04\/Pomme-de-pin-vert-709x1024.webp 709w, https:\/\/art-bijoux.com\/wp-content\/uploads\/2024\/04\/Pomme-de-pin-vert-768x1109.webp 768w, https:\/\/art-bijoux.com\/wp-content\/uploads\/2024\/04\/Pomme-de-pin-vert-1064x1536.webp 1064w, https:\/\/art-bijoux.com\/wp-content\/uploads\/2024\/04\/Pomme-de-pin-vert.webp 1335w\" sizes=\"(max-width: 208px) 100vw, 208px\" \/><figcaption id=\"caption-attachment-208\" class=\"wp-caption-text\">Une pomme de pin suspendue devant un triangle vert<\/figcaption><\/figure>\n<p>D\u00e9couvrez la simplicit\u00e9 raffin\u00e9e de notre pendentif en verre Tiffany opaque vert, un petit tr\u00e9sor de l&#8217;artisanat qui capture l&#8217;essence de la nature avec subtilit\u00e9. Chaque bijou est une \u0153uvre d&#8217;art unique, m\u00e9ticuleusement con\u00e7ue et fabriqu\u00e9e \u00e0 la main, affirmant notre engagement envers la cr\u00e9ativit\u00e9 et la qualit\u00e9 artisanale.<\/p>\n<p>Ce pendentif d\u00e9licat se pr\u00e9sente sous la forme d&#8217;un petit morceau de verre Tiffany opaque, taill\u00e9 avec pr\u00e9cision en forme de triangle aux bords l\u00e9g\u00e8rement arrondis, qui pointe vers le bas. La couleur verte apporte une touche de vitalit\u00e9, \u00e9voquant la beaut\u00e9 de la nature.<\/p>\n<p>Le pourtour du pendentif est patin\u00e9 en cuivre, ajoutant une touche de chaleur et de caract\u00e8re \u00e0 l&#8217;ensemble. Une petite b\u00e9li\u00e8re est solidement soud\u00e9e \u00e0 l&#8217;arri\u00e8re du pendentif, offrant une fixation s\u00e9curis\u00e9e et ajoutant une touche de praticit\u00e9 \u00e0 cette pi\u00e8ce remarquable.<\/p>\n<p>Une petite pomme de pin en m\u00e9tal cuivr\u00e9 est d\u00e9licatement accroch\u00e9e au pendentif, ajoutant un charme rustique et \u00e9voquant les merveilles de la nature.<\/p>\n<p><strong>Caract\u00e9ristiques :<\/strong><\/p>\n<ul>\n<li>Mat\u00e9riel : Verre Tiffany opaque, cuivre, \u00e9tain, m\u00e9tal cuivr\u00e9, patine cuivr\u00e9e<\/li>\n<li>Style : Naturel, subtil, pi\u00e8ce unique<\/li>\n<li>Dimensions : hauteur : 3,2 cm, largeur : 1,5 cm<\/li>\n<\/ul>\n<p>Faites une d\u00e9claration de style subtile avec ce pendentif remarquable, o\u00f9 la simplicit\u00e9 de la forme rencontre la beaut\u00e9 naturelle. Commandez d\u00e8s maintenant et laissez cette pi\u00e8ce distinctive ajouter une touche d&#8217;\u00e9l\u00e9gance et de raffinement \u00e0 votre collection de bijoux.<\/p>\n","protected":false},"excerpt":{"rendered":"<p>Un triangle vert avec une pomme de pin<\/p>\n","protected":false},"featured_media":208,"comment_status":"open","ping_status":"closed","template":"","meta":[],"product_brand":[],"product_cat":[28],"product_tag":[29,26,27],"class_list":{"0":"post-354","1":"product","2":"type-product","3":"status-publish","4":"has-post-thumbnail","6":"product_cat-pendentif-tiffany","7":"product_tag-breloque-metal-pierre","8":"product_tag-pendentif-verre","9":"product_tag-tiffany-verre","11":"first","12":"instock","13":"purchasable","14":"product-type-simple"},"_links":{"self":[{"href":"https:\/\/art-bijoux.com\/en\/wp-json\/wp\/v2\/product\/354","targetHints":{"allow":["GET"]}}],"collection":[{"href":"https:\/\/art-bijoux.com\/en\/wp-json\/wp\/v2\/product"}],"about":[{"href":"https:\/\/art-bijoux.com\/en\/wp-json\/wp\/v2\/types\/product"}],"replies":[{"embeddable":true,"href":"https:\/\/art-bijoux.com\/en\/wp-json\/wp\/v2\/comments?post=354"}],"version-history":[{"count":0,"href":"https:\/\/art-bijoux.com\/en\/wp-json\/wp\/v2\/product\/354\/revisions"}],"wp:featuredmedia":[{"embeddable":true,"href":"https:\/\/art-bijoux.com\/en\/wp-json\/wp\/v2\/media\/208"}],"wp:attachment":[{"href":"https:\/\/art-bijoux.com\/en\/wp-json\/wp\/v2\/media?parent=354"}],"wp:term":[{"taxonomy":"product_brand","embeddable":true,"href":"https:\/\/art-bijoux.com\/en\/wp-json\/wp\/v2\/product_brand?post=354"},{"taxonomy":"product_cat","embeddable":true,"href":"https:\/\/art-bijoux.com\/en\/wp-json\/wp\/v2\/product_cat?post=354"},{"taxonomy":"product_tag","embeddable":true,"href":"https:\/\/art-bijoux.com\/en\/wp-json\/wp\/v2\/product_tag?post=354"}],"curies":[{"name":"wp","href":"https:\/\/api.w.org\/{rel}","templated":true}]}}