{"id":3555,"date":"2024-12-23T10:24:39","date_gmt":"2024-12-23T09:24:39","guid":{"rendered":"https:\/\/art-bijoux.com\/?post_type=product&#038;p=3555"},"modified":"2024-12-23T10:24:39","modified_gmt":"2024-12-23T09:24:39","slug":"delirium-tremens-vitrail-en-grisaille-sur-verre","status":"publish","type":"product","link":"https:\/\/art-bijoux.com\/en\/boutique\/delirium-tremens-vitrail-en-grisaille-sur-verre\/","title":{"rendered":"Delirium tremens, Vitrail en grisaille sur verre"},"content":{"rendered":"<figure id=\"attachment_3226\" aria-describedby=\"caption-attachment-3226\" style=\"width: 225px\" class=\"wp-caption alignleft\"><img fetchpriority=\"high\" decoding=\"async\" class=\"size-medium wp-image-3226\" src=\"https:\/\/art-bijoux.com\/wp-content\/uploads\/2024\/09\/Delirium-tremens-225x300.webp\" alt=\"Delirium tremens, grisaille sur verre antique souffl\u00e9 \u00e0 la bouche\" width=\"225\" height=\"300\" srcset=\"https:\/\/art-bijoux.com\/wp-content\/uploads\/2024\/09\/Delirium-tremens-225x300.webp 225w, https:\/\/art-bijoux.com\/wp-content\/uploads\/2024\/09\/Delirium-tremens-300x400.webp 300w, https:\/\/art-bijoux.com\/wp-content\/uploads\/2024\/09\/Delirium-tremens.webp 600w\" sizes=\"(max-width: 225px) 100vw, 225px\" \/><figcaption id=\"caption-attachment-3226\" class=\"wp-caption-text\">Delirium tremens, grisaille sur verre antique souffl\u00e9 \u00e0 la bouche<\/figcaption><\/figure>\n<p>Ce vitrail de 48cm de large par 51cm de haut est d&#8217;inspiration baroque portugaise. La sc\u00e8ne onirique du buveur et de ses visions d&#8217;animaux imaginaires et effrayants, au centre, est encadr\u00e9e par le paysage en haut et le carrelage en perspective et le mobilier en bas, qui sont les ancres de r\u00e9alit\u00e9 du vitrail. Cette composition permet de guider l&#8217;\u0153il vers les visions, et ne r\u00e9v\u00e8le pas le d\u00e9tail du paysage derri\u00e8re les fen\u00eatres, au premier regard, auquel les bulles du verre conf\u00e8rent une impression de pluie, r\u00e9tr\u00e9cissant la sc\u00e8ne et la rendant plus intime.<\/p>\n<p>Les verres sont de haute qualit\u00e9 : ce sont des verres antiques souffl\u00e9s \u00e0 la bouche, provenant de Saint-Gobain. On voit le souffle du verrier dans les bulles d&#8217;air qui ont \u00e9t\u00e9 emprisonn\u00e9es dans la masse et laissent passer la lumi\u00e8re de mani\u00e8re inimitable.<\/p>\n<p>Il est peint selon la technique ancienne (des vitraux de cette technique nous sont parvenus depuis le XIIe si\u00e8cle) de la grisaille sur verre. Ce sont des oxydes m\u00e9talliques, dilu\u00e9s avec un \u00e9mulsifiant (gomme arabique). Je les ai appliqu\u00e9s \u00e0 la plume pour les contours et pixelis\u00e9s pour les couleurs : sur chaque pi\u00e8ce, la grisaille est monochrome, c&#8217;est l&#8217;espacement entre les &#8220;points&#8221; qui va laisser passer plus de lumi\u00e8re (clair) s&#8217;ils sont \u00e9loign\u00e9s, ou fonc\u00e9 s&#8217;ils sont rapproch\u00e9s.<\/p>\n<p>Ensuite, les verres peints, pr\u00e9alablement coup\u00e9s \u00e0 la dimension pr\u00e9vue lors du dessin, appel\u00e9 &#8220;carton&#8221;, sont cuits dans un four, \u00e0 750 degr\u00e9s, ce qui va permettre aux couleurs de s&#8217;incorporer dans le verre. Dur\u00e9e de vie : une centaine d&#8217;ann\u00e9es !<\/p>\n<p>Puis le vitrail a \u00e9t\u00e9 mont\u00e9 selon la technique Tiffany : chaque pi\u00e8ce est meul\u00e9e, les pourtours sont enti\u00e8rement sertis au cuivre, d\u00e9cap\u00e9s avec un acide, et soud\u00e9s \u00e0 l&#8217;\u00e9tain. Enfin, une patine grise a \u00e9t\u00e9 appliqu\u00e9e sur la soudure, afin que l&#8217;\u00e9tain ne s&#8217;oxyde pas au contact de l&#8217;air.<\/p>\n<p>Le p\u00e9rim\u00e8tre a \u00e9t\u00e9 serti avec un plomb en Y, avec une patte centr\u00e9e, qui permet de la &#8220;pincer&#8221; dans un cadre, une fen\u00eatre&#8230; tout en laissant le plomb apparent.<\/p>\n<p>&nbsp;<\/p>\n","protected":false},"excerpt":{"rendered":"<p>Vitrail peint \u00e0 la grisaille sur verre antique souffl\u00e9 \u00e0 la bouche. Il repr\u00e9sente une sc\u00e8ne de delirium tremens imaginaire, d&#8217;inspiration baroque.<\/p>\n","protected":false},"featured_media":3226,"comment_status":"open","ping_status":"closed","template":"","meta":[],"product_brand":[],"product_cat":[24],"product_tag":[27],"class_list":{"0":"post-3555","1":"product","2":"type-product","3":"status-publish","4":"has-post-thumbnail","6":"product_cat-diversite-oeuvres-art","7":"product_tag-tiffany-verre","8":"pa_vitrail-grisaille","10":"first","11":"instock","12":"purchasable","13":"product-type-simple"},"_links":{"self":[{"href":"https:\/\/art-bijoux.com\/en\/wp-json\/wp\/v2\/product\/3555","targetHints":{"allow":["GET"]}}],"collection":[{"href":"https:\/\/art-bijoux.com\/en\/wp-json\/wp\/v2\/product"}],"about":[{"href":"https:\/\/art-bijoux.com\/en\/wp-json\/wp\/v2\/types\/product"}],"replies":[{"embeddable":true,"href":"https:\/\/art-bijoux.com\/en\/wp-json\/wp\/v2\/comments?post=3555"}],"version-history":[{"count":0,"href":"https:\/\/art-bijoux.com\/en\/wp-json\/wp\/v2\/product\/3555\/revisions"}],"wp:featuredmedia":[{"embeddable":true,"href":"https:\/\/art-bijoux.com\/en\/wp-json\/wp\/v2\/media\/3226"}],"wp:attachment":[{"href":"https:\/\/art-bijoux.com\/en\/wp-json\/wp\/v2\/media?parent=3555"}],"wp:term":[{"taxonomy":"product_brand","embeddable":true,"href":"https:\/\/art-bijoux.com\/en\/wp-json\/wp\/v2\/product_brand?post=3555"},{"taxonomy":"product_cat","embeddable":true,"href":"https:\/\/art-bijoux.com\/en\/wp-json\/wp\/v2\/product_cat?post=3555"},{"taxonomy":"product_tag","embeddable":true,"href":"https:\/\/art-bijoux.com\/en\/wp-json\/wp\/v2\/product_tag?post=3555"}],"curies":[{"name":"wp","href":"https:\/\/api.w.org\/{rel}","templated":true}]}}