{"id":3556,"date":"2024-12-23T12:25:34","date_gmt":"2024-12-23T11:25:34","guid":{"rendered":"https:\/\/art-bijoux.com\/?post_type=product&#038;p=3556"},"modified":"2024-12-23T12:25:34","modified_gmt":"2024-12-23T11:25:34","slug":"regard-amour-chat-tigre-aquarelle","status":"publish","type":"product","link":"https:\/\/art-bijoux.com\/en\/boutique\/regard-amour-chat-tigre-aquarelle\/","title":{"rendered":"Regard d&#8217;Amour \u2013 Chat Tigr\u00e9 \u00e0 l&#8217;Aquarelle"},"content":{"rendered":"<figure id=\"attachment_3557\" aria-describedby=\"caption-attachment-3557\" style=\"width: 206px\" class=\"wp-caption alignleft\"><img fetchpriority=\"high\" decoding=\"async\" class=\"size-medium wp-image-3557\" src=\"https:\/\/art-bijoux.com\/wp-content\/uploads\/2024\/12\/Chat-Verena-206x300.jpg\" alt=\"Aquarelle Chat tigr\u00e9 assis\" width=\"206\" height=\"300\" srcset=\"https:\/\/art-bijoux.com\/wp-content\/uploads\/2024\/12\/Chat-Verena-206x300.jpg 206w, https:\/\/art-bijoux.com\/wp-content\/uploads\/2024\/12\/Chat-Verena-702x1024.jpg 702w, https:\/\/art-bijoux.com\/wp-content\/uploads\/2024\/12\/Chat-Verena-768x1121.jpg 768w, https:\/\/art-bijoux.com\/wp-content\/uploads\/2024\/12\/Chat-Verena-600x875.jpg 600w, https:\/\/art-bijoux.com\/wp-content\/uploads\/2024\/12\/Chat-Verena.jpg 1028w\" sizes=\"(max-width: 206px) 100vw, 206px\" \/><figcaption id=\"caption-attachment-3557\" class=\"wp-caption-text\">Aquarelle Chat tigr\u00e9 assis<\/figcaption><\/figure>\n<p><span>Ce tableau au format carte postale (10,5 x 15 cm) capture avec tendresse l&#8217;expression d&#8217;un chat tigr\u00e9 assis, tournant son regard plein d&#8217;amour vers le spectateur. Peint \u00e0 l&#8217;aquarelle sur papier, il d\u00e9voile des des rayures d\u00e9taill\u00e9es dans des nuances vari\u00e9es de marron, une truffe d\u00e9licatement ros\u00e9e et de longues moustaches blanches qui ajoutent du r\u00e9alisme \u00e0 l&#8217;\u0153uvre Ses oreilles pointues et l\u00e9g\u00e8rement allong\u00e9es accentuent sa posture attentive, tandis que sa queue, espi\u00e8gle, d\u00e9passe du cadre, donnant une touche d&#8217;originalit\u00e9 et de mouvement au tableau. Une sc\u00e8ne charmante, id\u00e9ale pour les amateurs de f\u00e9lins.<br \/>\n<\/span><\/p>\n<h3><span>Caract\u00e9ristiques du tableau :<\/span><\/h3>\n<ul>\n<li><strong><span>Dimensions<\/span><\/strong><span> : 10,5x15cm<br \/>\n<\/span><\/li>\n<li><strong><span>Technique<\/span><\/strong><span>: Aquarelle sur papier<br \/>\n<\/span><\/li>\n<li><strong><span>Sujet<\/span><\/strong><span> : Chat tigr\u00e9<\/span><\/li>\n<li><\/li>\n<li><strong><span>Expression<\/span><\/strong><span> : Regard<\/span><\/li>\n<li><strong><span>Style<\/span><\/strong><span> : R\u00e9alisme animalier<br \/>\n<\/span><\/li>\n<\/ul>\n","protected":false},"excerpt":{"rendered":"<p>Portrait d&#8217;un chat tigr\u00e9 marron assis \u00e0 l&#8217;aquarelle.<\/p>\n","protected":false},"featured_media":3557,"comment_status":"open","ping_status":"closed","template":"","meta":[],"product_brand":[],"product_cat":[225],"product_tag":[52,47,224,221],"class_list":{"0":"post-3556","1":"product","2":"type-product","3":"status-publish","4":"has-post-thumbnail","6":"product_cat-aquarelle-tableau-papier","7":"product_tag-portrait-animal","8":"product_tag-chat","9":"product_tag-portrait-animalier","10":"product_tag-tableau","11":"pa_tableau-aquarelle-animal","13":"first","14":"outofstock","15":"purchasable","16":"product-type-simple"},"_links":{"self":[{"href":"https:\/\/art-bijoux.com\/en\/wp-json\/wp\/v2\/product\/3556","targetHints":{"allow":["GET"]}}],"collection":[{"href":"https:\/\/art-bijoux.com\/en\/wp-json\/wp\/v2\/product"}],"about":[{"href":"https:\/\/art-bijoux.com\/en\/wp-json\/wp\/v2\/types\/product"}],"replies":[{"embeddable":true,"href":"https:\/\/art-bijoux.com\/en\/wp-json\/wp\/v2\/comments?post=3556"}],"version-history":[{"count":0,"href":"https:\/\/art-bijoux.com\/en\/wp-json\/wp\/v2\/product\/3556\/revisions"}],"wp:featuredmedia":[{"embeddable":true,"href":"https:\/\/art-bijoux.com\/en\/wp-json\/wp\/v2\/media\/3557"}],"wp:attachment":[{"href":"https:\/\/art-bijoux.com\/en\/wp-json\/wp\/v2\/media?parent=3556"}],"wp:term":[{"taxonomy":"product_brand","embeddable":true,"href":"https:\/\/art-bijoux.com\/en\/wp-json\/wp\/v2\/product_brand?post=3556"},{"taxonomy":"product_cat","embeddable":true,"href":"https:\/\/art-bijoux.com\/en\/wp-json\/wp\/v2\/product_cat?post=3556"},{"taxonomy":"product_tag","embeddable":true,"href":"https:\/\/art-bijoux.com\/en\/wp-json\/wp\/v2\/product_tag?post=3556"}],"curies":[{"name":"wp","href":"https:\/\/api.w.org\/{rel}","templated":true}]}}