{"id":356,"date":"2024-04-29T17:59:49","date_gmt":"2024-04-29T15:59:49","guid":{"rendered":"https:\/\/art-bijoux.com\/?post_type=product&#038;p=356"},"modified":"2024-04-30T18:03:37","modified_gmt":"2024-04-30T16:03:37","slug":"pendentif-feuille-verte-emeraude-en-verre-semi-transparent-avec-breloque-feuille-elegance-naturelle-sublime","status":"publish","type":"product","link":"https:\/\/art-bijoux.com\/en\/boutique\/pendentif-feuille-verte-emeraude-en-verre-semi-transparent-avec-breloque-feuille-elegance-naturelle-sublime\/","title":{"rendered":"Feuille sur feuille &#8211; Pendentif Vert \u00c9meraude en Verre Semi-Transparent avec Breloque Feuille &#8211; \u00c9l\u00e9gance Naturelle Sublime"},"content":{"rendered":"<figure id=\"attachment_357\" aria-describedby=\"caption-attachment-357\" style=\"width: 248px\" class=\"wp-caption alignnone\"><img fetchpriority=\"high\" decoding=\"async\" class=\"size-medium wp-image-357\" src=\"https:\/\/art-bijoux.com\/wp-content\/uploads\/2024\/04\/DSC09169-248x300.webp\" alt=\"Une feuille verte avec un pendentif en forme de feuille argent\u00e9\" width=\"248\" height=\"300\" srcset=\"https:\/\/art-bijoux.com\/wp-content\/uploads\/2024\/04\/DSC09169-248x300.webp 248w, https:\/\/art-bijoux.com\/wp-content\/uploads\/2024\/04\/DSC09169-600x727.webp 600w, https:\/\/art-bijoux.com\/wp-content\/uploads\/2024\/04\/DSC09169.webp 660w\" sizes=\"(max-width: 248px) 100vw, 248px\" \/><figcaption id=\"caption-attachment-357\" class=\"wp-caption-text\">Une feuille dentel\u00e9e en verre colorescent vert, avec une breloque d\u00e9licate en forme de feuille<\/figcaption><\/figure>\n<p>Plongez dans la beaut\u00e9 naturelle avec notre pendentif repr\u00e9sentant une feuille vert \u00e9meraude, une pi\u00e8ce exquise qui \u00e9voque la fra\u00eecheur et la vitalit\u00e9 des arbres. Chaque bijou est une \u0153uvre d&#8217;art unique, m\u00e9ticuleusement con\u00e7ue et fabriqu\u00e9e \u00e0 la main, affirmant notre engagement envers la cr\u00e9ativit\u00e9 et la qualit\u00e9 artisanale.<\/p>\n<p>Cette magnifique feuille verte \u00e9meraude se compose de quatre pi\u00e8ces. Les soudures constituent 3 nervures d\u00e9licates, capturant la complexit\u00e9 de la nature. Le verre semi-transparent ajoute une touche de myst\u00e8re et de profondeur \u00e0 la pi\u00e8ce, permettant \u00e0 la lumi\u00e8re de jouer \u00e0 travers ses contours avec \u00e9l\u00e9gance.<\/p>\n<p>Une toute petite breloque repr\u00e9sentant une feuille creuse, d&#8217;une r\u00e9alisme saisissant, est suspendue au pendentif, ajoutant une touche subtile de d\u00e9tail et de texture \u00e0 cette pi\u00e8ce remarquable.<\/p>\n<p><strong>Caract\u00e9ristiques :<\/strong><\/p>\n<ul>\n<li>Mat\u00e9riel : Verre semi-transparent<\/li>\n<li>Style : Naturel, subtil, pi\u00e8ce unique<\/li>\n<li>Dimensions : hauteur : 4,7 cm, largeur : 3,6 cm<\/li>\n<\/ul>\n<p>Faites une d\u00e9claration de style \u00e9l\u00e9gante avec ce pendentif remarquable, o\u00f9 la beaut\u00e9 \u00e9ph\u00e9m\u00e8re de la feuille rencontre l&#8217;artisanat raffin\u00e9. Commandez d\u00e8s maintenant et laissez cette pi\u00e8ce distinctive ajouter une touche de charme et de sophistication \u00e0 votre collection de bijoux.<\/p>\n","protected":false},"excerpt":{"rendered":"<p>Une feuille verte tr\u00e8s r\u00e9aliste avec une d\u00e9licate breloque<\/p>\n","protected":false},"featured_media":357,"comment_status":"open","ping_status":"closed","template":"","meta":[],"product_brand":[],"product_cat":[28],"product_tag":[29,35,26,27],"class_list":{"0":"post-356","1":"product","2":"type-product","3":"status-publish","4":"has-post-thumbnail","6":"product_cat-pendentif-tiffany","7":"product_tag-breloque-metal-pierre","8":"product_tag-feuille-breloque-metal","9":"product_tag-pendentif-verre","10":"product_tag-tiffany-verre","12":"first","13":"instock","14":"purchasable","15":"product-type-simple"},"_links":{"self":[{"href":"https:\/\/art-bijoux.com\/en\/wp-json\/wp\/v2\/product\/356","targetHints":{"allow":["GET"]}}],"collection":[{"href":"https:\/\/art-bijoux.com\/en\/wp-json\/wp\/v2\/product"}],"about":[{"href":"https:\/\/art-bijoux.com\/en\/wp-json\/wp\/v2\/types\/product"}],"replies":[{"embeddable":true,"href":"https:\/\/art-bijoux.com\/en\/wp-json\/wp\/v2\/comments?post=356"}],"version-history":[{"count":0,"href":"https:\/\/art-bijoux.com\/en\/wp-json\/wp\/v2\/product\/356\/revisions"}],"wp:featuredmedia":[{"embeddable":true,"href":"https:\/\/art-bijoux.com\/en\/wp-json\/wp\/v2\/media\/357"}],"wp:attachment":[{"href":"https:\/\/art-bijoux.com\/en\/wp-json\/wp\/v2\/media?parent=356"}],"wp:term":[{"taxonomy":"product_brand","embeddable":true,"href":"https:\/\/art-bijoux.com\/en\/wp-json\/wp\/v2\/product_brand?post=356"},{"taxonomy":"product_cat","embeddable":true,"href":"https:\/\/art-bijoux.com\/en\/wp-json\/wp\/v2\/product_cat?post=356"},{"taxonomy":"product_tag","embeddable":true,"href":"https:\/\/art-bijoux.com\/en\/wp-json\/wp\/v2\/product_tag?post=356"}],"curies":[{"name":"wp","href":"https:\/\/api.w.org\/{rel}","templated":true}]}}