{"id":359,"date":"2024-04-30T14:28:58","date_gmt":"2024-04-30T12:28:58","guid":{"rendered":"https:\/\/art-bijoux.com\/?post_type=product&#038;p=359"},"modified":"2024-04-30T14:29:37","modified_gmt":"2024-04-30T12:29:37","slug":"vrombir-pendentif-mouche-en-verre-tiffany-elegance-insecte-stylisee","status":"publish","type":"product","link":"https:\/\/art-bijoux.com\/en\/boutique\/vrombir-pendentif-mouche-en-verre-tiffany-elegance-insecte-stylisee\/","title":{"rendered":"Vrombir &#8211; Pendentif Mouche en Verre Tiffany &#8211; \u00c9l\u00e9gance Insecte Stylis\u00e9e"},"content":{"rendered":"<figure id=\"attachment_185\" aria-describedby=\"caption-attachment-185\" style=\"width: 249px\" class=\"wp-caption alignnone\"><img fetchpriority=\"high\" decoding=\"async\" class=\"size-medium wp-image-185\" src=\"https:\/\/art-bijoux.com\/wp-content\/uploads\/2024\/04\/Insecte-stylise-249x300.webp\" alt=\"Mouche stylis\u00e9e\" width=\"249\" height=\"300\" srcset=\"https:\/\/art-bijoux.com\/wp-content\/uploads\/2024\/04\/Insecte-stylise-249x300.webp 249w, https:\/\/art-bijoux.com\/wp-content\/uploads\/2024\/04\/Insecte-stylise-600x723.webp 600w, https:\/\/art-bijoux.com\/wp-content\/uploads\/2024\/04\/Insecte-stylise-850x1024.webp 850w, https:\/\/art-bijoux.com\/wp-content\/uploads\/2024\/04\/Insecte-stylise-768x925.webp 768w, https:\/\/art-bijoux.com\/wp-content\/uploads\/2024\/04\/Insecte-stylise-1275x1536.webp 1275w, https:\/\/art-bijoux.com\/wp-content\/uploads\/2024\/04\/Insecte-stylise.webp 1594w\" sizes=\"(max-width: 249px) 100vw, 249px\" \/><figcaption id=\"caption-attachment-185\" class=\"wp-caption-text\">Une mouche stylis\u00e9e verte avec un corps blanc<\/figcaption><\/figure>\n<p>Pour les entomologistes recherchant un style distinctif, notre pendentif repr\u00e9sentant une mouche en verre Tiffany est une pi\u00e8ce remarquable qui allie l&#8217;esth\u00e9tique unique de la nature \u00e0 l&#8217;artisanat raffin\u00e9. Chaque bijou est une \u0153uvre d&#8217;art unique, m\u00e9ticuleusement con\u00e7ue et fabriqu\u00e9e \u00e0 la main, affirmant notre engagement envers la cr\u00e9ativit\u00e9 et la qualit\u00e9 artisanale.<\/p>\n<p>Cette mouche stylis\u00e9e pr\u00e9sente une t\u00eate en perle de verre verte, offrant une touche de couleur stridulante et de d\u00e9tail r\u00e9aliste. Le corps en verre opaque blanc contraste harmonieusement avec les ailes en verre Tiffany vert prairie, ajoutant une couleur de camouflage naturel et de texture \u00e0 la pi\u00e8ce.<\/p>\n<p>Un large anneau dor\u00e9, solidement soud\u00e9 au-dessus du pendentif, permet de passer une cha\u00eene ou un lacet, offrant polyvalence et adaptabilit\u00e9 \u00e0 ce bijou unique.<\/p>\n<p>La patine de ton cuivre ancien qui recouvre les soudures ajoute une touche de charme vintage, mettant en valeur la beaut\u00e9 intemporelle de cette cr\u00e9ation artistique.<\/p>\n<p><strong>Caract\u00e9ristiques :<\/strong><\/p>\n<ul>\n<li>Mat\u00e9riel : Verre Tiffany, perle de verre, cuivre, \u00e9tain, patine cuivr\u00e9e<\/li>\n<li>Style : Insecte, stylis\u00e9, pi\u00e8ce unique<\/li>\n<li>Dimensions : hauteur : 6,6 cm, largeur : 4 cm<\/li>\n<\/ul>\n<p>Faites une d\u00e9claration de style audacieuse avec ce pendentif remarquable, o\u00f9 la fascination pour les insectes rencontre l&#8217;\u00e9l\u00e9gance de l&#8217;artisanat. Commandez d\u00e8s maintenant et laissez cette pi\u00e8ce distinctive ajouter une touche de caract\u00e8re et de sophistication \u00e0 votre collection de bijoux.<\/p>\n","protected":false},"excerpt":{"rendered":"<p>Une mouche stylis\u00e9e verte et blanche<\/p>\n","protected":false},"featured_media":185,"comment_status":"open","ping_status":"closed","template":"","meta":[],"product_brand":[],"product_cat":[28],"product_tag":[26,27],"class_list":{"0":"post-359","1":"product","2":"type-product","3":"status-publish","4":"has-post-thumbnail","6":"product_cat-pendentif-tiffany","7":"product_tag-pendentif-verre","8":"product_tag-tiffany-verre","10":"first","11":"instock","12":"purchasable","13":"product-type-simple"},"_links":{"self":[{"href":"https:\/\/art-bijoux.com\/en\/wp-json\/wp\/v2\/product\/359","targetHints":{"allow":["GET"]}}],"collection":[{"href":"https:\/\/art-bijoux.com\/en\/wp-json\/wp\/v2\/product"}],"about":[{"href":"https:\/\/art-bijoux.com\/en\/wp-json\/wp\/v2\/types\/product"}],"replies":[{"embeddable":true,"href":"https:\/\/art-bijoux.com\/en\/wp-json\/wp\/v2\/comments?post=359"}],"version-history":[{"count":0,"href":"https:\/\/art-bijoux.com\/en\/wp-json\/wp\/v2\/product\/359\/revisions"}],"wp:featuredmedia":[{"embeddable":true,"href":"https:\/\/art-bijoux.com\/en\/wp-json\/wp\/v2\/media\/185"}],"wp:attachment":[{"href":"https:\/\/art-bijoux.com\/en\/wp-json\/wp\/v2\/media?parent=359"}],"wp:term":[{"taxonomy":"product_brand","embeddable":true,"href":"https:\/\/art-bijoux.com\/en\/wp-json\/wp\/v2\/product_brand?post=359"},{"taxonomy":"product_cat","embeddable":true,"href":"https:\/\/art-bijoux.com\/en\/wp-json\/wp\/v2\/product_cat?post=359"},{"taxonomy":"product_tag","embeddable":true,"href":"https:\/\/art-bijoux.com\/en\/wp-json\/wp\/v2\/product_tag?post=359"}],"curies":[{"name":"wp","href":"https:\/\/api.w.org\/{rel}","templated":true}]}}