{"id":361,"date":"2024-04-30T14:45:05","date_gmt":"2024-04-30T12:45:05","guid":{"rendered":"https:\/\/art-bijoux.com\/?post_type=product&#038;p=361"},"modified":"2024-10-26T18:34:43","modified_gmt":"2024-10-26T16:34:43","slug":"pendentif-grand-large-voiles-en-verre-bleu-nuance-et-blanc-elegance-marine-intemporelle","status":"publish","type":"product","link":"https:\/\/art-bijoux.com\/en\/boutique\/pendentif-grand-large-voiles-en-verre-bleu-nuance-et-blanc-elegance-marine-intemporelle\/","title":{"rendered":"Grand large &#8211; Pendentif  Voiles en Verre Bleu Nuanc\u00e9 et Blanc &#8211; \u00c9l\u00e9gance Marine Intemporelle"},"content":{"rendered":"<p>Plongez dans l&#8217;atmosph\u00e8re envo\u00fbtant<\/p>\n<figure id=\"attachment_212\" aria-describedby=\"caption-attachment-212\" style=\"width: 228px\" class=\"wp-caption alignnone\"><img fetchpriority=\"high\" decoding=\"async\" class=\"size-medium wp-image-212\" src=\"https:\/\/art-bijoux.com\/wp-content\/uploads\/2024\/04\/Voile-bleue-voile-blanche-1-228x300.webp\" alt=\"2 voiles une bleu et une blanche\" width=\"228\" height=\"300\" srcset=\"https:\/\/art-bijoux.com\/wp-content\/uploads\/2024\/04\/Voile-bleue-voile-blanche-1-228x300.webp 228w, https:\/\/art-bijoux.com\/wp-content\/uploads\/2024\/04\/Voile-bleue-voile-blanche-1-600x791.webp 600w, https:\/\/art-bijoux.com\/wp-content\/uploads\/2024\/04\/Voile-bleue-voile-blanche-1-777x1024.webp 777w, https:\/\/art-bijoux.com\/wp-content\/uploads\/2024\/04\/Voile-bleue-voile-blanche-1-768x1012.webp 768w, https:\/\/art-bijoux.com\/wp-content\/uploads\/2024\/04\/Voile-bleue-voile-blanche-1-1166x1536.webp 1166w, https:\/\/art-bijoux.com\/wp-content\/uploads\/2024\/04\/Voile-bleue-voile-blanche-1.webp 1457w\" sizes=\"(max-width: 228px) 100vw, 228px\" \/><figcaption id=\"caption-attachment-212\" class=\"wp-caption-text\">Une voile bleue et une voile blanche voguent vers le large<\/figcaption><\/figure>\n<p>&nbsp;<\/p>\n<p>Pour ceux qui r\u00eavent d\u2019\u00e9vasion, plongez dans l&#8217;atmosph\u00e8re envo\u00fbtante de la mer avec notre pendentif voiles en verre, une pi\u00e8ce qui capture la gr\u00e2ce et la beaut\u00e9 intemporelle des voiliers en haute mer. Chaque bijou est une \u0153uvre d&#8217;art unique, m\u00e9ticuleusement con\u00e7ue et fabriqu\u00e9e \u00e0 la main, affirmant notre engagement envers la cr\u00e9ativit\u00e9 et la qualit\u00e9 artisanale.<\/p>\n<p>Ce pendentif \u00e9l\u00e9gant et sobre se compose de deux triangles meul\u00e9s, taill\u00e9s avec pr\u00e9cision pour \u00e9voquer l&#8217;\u00e9l\u00e9gance des voiles au vent. Le premier triangle, nuanc\u00e9 du bleu clair au fonc\u00e9, rappelle les nuances changeantes de l&#8217;oc\u00e9an, tandis que le deuxi\u00e8me triangle, plus petit et blanc, apporte une touche de contraste et de puret\u00e9.<\/p>\n<p>Un anneau argent\u00e9, solidement soud\u00e9 au-dessus du pendentif, ajoute une touche de sophistication et permet de passer une cha\u00eene ou un lacet, offrant polyvalence et adaptabilit\u00e9 \u00e0 ce bijou marin remarquable.<\/p>\n<p>Laissez-vous transporter vers des horizons lointains avec ce pendentif \u00e9vocateur, o\u00f9 la majest\u00e9 de la mer rencontre l&#8217;artisanat raffin\u00e9. Commandez d\u00e8s maintenant et laissez cette pi\u00e8ce distinctive ajouter une touche d&#8217;\u00e9l\u00e9gance et d&#8217;aventure \u00e0 votre collection de bijoux.<\/p>\n","protected":false},"excerpt":{"rendered":"<p>Une voile bleue et une blanche<\/p>\n","protected":false},"featured_media":212,"comment_status":"open","ping_status":"closed","template":"","meta":[],"product_brand":[],"product_cat":[28],"product_tag":[26],"class_list":{"0":"post-361","1":"product","2":"type-product","3":"status-publish","4":"has-post-thumbnail","6":"product_cat-pendentif-tiffany","7":"product_tag-pendentif-verre","9":"first","10":"outofstock","11":"purchasable","12":"product-type-simple"},"_links":{"self":[{"href":"https:\/\/art-bijoux.com\/en\/wp-json\/wp\/v2\/product\/361","targetHints":{"allow":["GET"]}}],"collection":[{"href":"https:\/\/art-bijoux.com\/en\/wp-json\/wp\/v2\/product"}],"about":[{"href":"https:\/\/art-bijoux.com\/en\/wp-json\/wp\/v2\/types\/product"}],"replies":[{"embeddable":true,"href":"https:\/\/art-bijoux.com\/en\/wp-json\/wp\/v2\/comments?post=361"}],"version-history":[{"count":0,"href":"https:\/\/art-bijoux.com\/en\/wp-json\/wp\/v2\/product\/361\/revisions"}],"wp:featuredmedia":[{"embeddable":true,"href":"https:\/\/art-bijoux.com\/en\/wp-json\/wp\/v2\/media\/212"}],"wp:attachment":[{"href":"https:\/\/art-bijoux.com\/en\/wp-json\/wp\/v2\/media?parent=361"}],"wp:term":[{"taxonomy":"product_brand","embeddable":true,"href":"https:\/\/art-bijoux.com\/en\/wp-json\/wp\/v2\/product_brand?post=361"},{"taxonomy":"product_cat","embeddable":true,"href":"https:\/\/art-bijoux.com\/en\/wp-json\/wp\/v2\/product_cat?post=361"},{"taxonomy":"product_tag","embeddable":true,"href":"https:\/\/art-bijoux.com\/en\/wp-json\/wp\/v2\/product_tag?post=361"}],"curies":[{"name":"wp","href":"https:\/\/api.w.org\/{rel}","templated":true}]}}