{"id":362,"date":"2024-04-30T14:55:15","date_gmt":"2024-04-30T12:55:15","guid":{"rendered":"https:\/\/art-bijoux.com\/?post_type=product&#038;p=362"},"modified":"2024-04-30T14:56:11","modified_gmt":"2024-04-30T12:56:11","slug":"pendentifla-nature-reprend-ses-droits-rectangle-en-verre-vert-avec-breloque-fleur-elegance-geometrique-contrastee","status":"publish","type":"product","link":"https:\/\/art-bijoux.com\/en\/boutique\/pendentifla-nature-reprend-ses-droits-rectangle-en-verre-vert-avec-breloque-fleur-elegance-geometrique-contrastee\/","title":{"rendered":"La Nature reprend ses Droits &#8211; Pendentif Rectangle en Verre Vert avec Breloque Fleur &#8211; \u00c9l\u00e9gance G\u00e9om\u00e9trique Contrast\u00e9e"},"content":{"rendered":"<p>Pour ceux que la vue d&#8217;une fleur qui pousse entre ville entre 2 pav\u00e9s, ou dans un trou du goudron, \u00e9meut. Explorez l&#8217;union harmonieuse entre l&#8217;\u00e9l\u00e9gance g\u00e9om\u00e9trique et la d\u00e9licatesse florale avec notre pendentif rectangle en verre opaque de qualit\u00e9 Tiffany vert, une pi\u00e8ce qui marie l&#8217;esth\u00e9tique moderne \u00e0 une touche de naturelle. Chaque bijou est une \u0153uvre d&#8217;art unique, m\u00e9ticuleusement con\u00e7ue et fabriqu\u00e9e \u00e0 la main, affirmant notre engagement envers la cr\u00e9ativit\u00e9 et la qualit\u00e9 artisanale.<\/p>\n<p>Ce pendentif captivant se compose de deux triangles verts soud\u00e9s t\u00eate-b\u00eache, formant ainsi un rectangle caboss\u00e9. La couleur verte apporte une touche de fra\u00eecheur et de vitalit\u00e9, \u00e9voquant la beaut\u00e9 de la nature.<\/p>\n<p>Un anneau argent\u00e9, solidement soud\u00e9 au-dessus du pendentif, ajoute une touche de sophistication et permet de passer une cha\u00eene ou un lacet, offrant polyvalence et adaptabilit\u00e9 \u00e0 ce bijou remarquable.<\/p>\n<p>Pour rompre la g\u00e9om\u00e9trie rigide, une breloque en m\u00e9tal argent\u00e9 repr\u00e9sentant une fleur toute simple, comme les enfants les dessinent, est suspendue au pendentif par une courte cha\u00eenette, ajoutant une touche de d\u00e9licatesse et de contraste \u00e0 l&#8217;ensemble.<\/p>\n<p><strong>Caract\u00e9ristiques :<\/strong><\/p>\n<ul>\n<li>Mat\u00e9riel : Verre Tiffany vert, cuivre, \u00e9tain, m\u00e9tal argent\u00e9<\/li>\n<li>Style : G\u00e9om\u00e9trique, floral, pi\u00e8ce unique<\/li>\n<li>Dimensions : hauteur : 4,9 cm, largeur : 2,5 cm<\/li>\n<\/ul>\n<p>Faites une d\u00e9claration de style audacieuse avec ce pendentif remarquable, o\u00f9 la rigueur g\u00e9om\u00e9trique rencontre la douceur florale. Commandez d\u00e8s maintenant et laissez cette pi\u00e8ce distinctive ajouter une touche de caract\u00e8re et de sophistication \u00e0 votre collection de bijoux.<\/p>\n","protected":false},"excerpt":{"rendered":"<p>Un rectangle vert compos\u00e9 de 2 triangles avec une breloque fleur<\/p>\n","protected":false},"featured_media":178,"comment_status":"open","ping_status":"closed","template":"","meta":[],"product_brand":[],"product_cat":[28],"product_tag":[29,26,27],"class_list":{"0":"post-362","1":"product","2":"type-product","3":"status-publish","4":"has-post-thumbnail","6":"product_cat-pendentif-tiffany","7":"product_tag-breloque-metal-pierre","8":"product_tag-pendentif-verre","9":"product_tag-tiffany-verre","11":"first","12":"instock","13":"purchasable","14":"product-type-simple"},"_links":{"self":[{"href":"https:\/\/art-bijoux.com\/en\/wp-json\/wp\/v2\/product\/362","targetHints":{"allow":["GET"]}}],"collection":[{"href":"https:\/\/art-bijoux.com\/en\/wp-json\/wp\/v2\/product"}],"about":[{"href":"https:\/\/art-bijoux.com\/en\/wp-json\/wp\/v2\/types\/product"}],"replies":[{"embeddable":true,"href":"https:\/\/art-bijoux.com\/en\/wp-json\/wp\/v2\/comments?post=362"}],"version-history":[{"count":0,"href":"https:\/\/art-bijoux.com\/en\/wp-json\/wp\/v2\/product\/362\/revisions"}],"wp:featuredmedia":[{"embeddable":true,"href":"https:\/\/art-bijoux.com\/en\/wp-json\/wp\/v2\/media\/178"}],"wp:attachment":[{"href":"https:\/\/art-bijoux.com\/en\/wp-json\/wp\/v2\/media?parent=362"}],"wp:term":[{"taxonomy":"product_brand","embeddable":true,"href":"https:\/\/art-bijoux.com\/en\/wp-json\/wp\/v2\/product_brand?post=362"},{"taxonomy":"product_cat","embeddable":true,"href":"https:\/\/art-bijoux.com\/en\/wp-json\/wp\/v2\/product_cat?post=362"},{"taxonomy":"product_tag","embeddable":true,"href":"https:\/\/art-bijoux.com\/en\/wp-json\/wp\/v2\/product_tag?post=362"}],"curies":[{"name":"wp","href":"https:\/\/api.w.org\/{rel}","templated":true}]}}