{"id":364,"date":"2024-04-30T15:07:45","date_gmt":"2024-04-30T13:07:45","guid":{"rendered":"https:\/\/art-bijoux.com\/?post_type=product&#038;p=364"},"modified":"2024-04-30T15:32:18","modified_gmt":"2024-04-30T13:32:18","slug":"plume-reposant-sur-la-mousse-pendentif-quadrilatere-en-verre-brillant-avec-breloque-plume-elegance-simple-et-eclatante","status":"publish","type":"product","link":"https:\/\/art-bijoux.com\/en\/boutique\/plume-reposant-sur-la-mousse-pendentif-quadrilatere-en-verre-brillant-avec-breloque-plume-elegance-simple-et-eclatante\/","title":{"rendered":"Plume sur la Mousse &#8211; Pendentif Quadrilat\u00e8re en Verre Brillant avec Breloque Plume &#8211; \u00c9l\u00e9gance Simple et \u00c9clatante"},"content":{"rendered":"<figure id=\"attachment_202\" aria-describedby=\"caption-attachment-202\" style=\"width: 251px\" class=\"wp-caption alignnone\"><img fetchpriority=\"high\" decoding=\"async\" class=\"size-medium wp-image-202\" src=\"https:\/\/art-bijoux.com\/wp-content\/uploads\/2024\/04\/Plume-251x300.webp\" alt=\"Une plume sur un quadrilat\u00e8re vert\" width=\"251\" height=\"300\" srcset=\"https:\/\/art-bijoux.com\/wp-content\/uploads\/2024\/04\/Plume-251x300.webp 251w, https:\/\/art-bijoux.com\/wp-content\/uploads\/2024\/04\/Plume-600x718.webp 600w, https:\/\/art-bijoux.com\/wp-content\/uploads\/2024\/04\/Plume-855x1024.webp 855w, https:\/\/art-bijoux.com\/wp-content\/uploads\/2024\/04\/Plume-768x920.webp 768w, https:\/\/art-bijoux.com\/wp-content\/uploads\/2024\/04\/Plume-1283x1536.webp 1283w, https:\/\/art-bijoux.com\/wp-content\/uploads\/2024\/04\/Plume-1710x2048.webp 1710w, https:\/\/art-bijoux.com\/wp-content\/uploads\/2024\/04\/Plume.webp 1920w\" sizes=\"(max-width: 251px) 100vw, 251px\" \/><figcaption id=\"caption-attachment-202\" class=\"wp-caption-text\">Une plume sur la mousse<\/figcaption><\/figure>\n<p>Un morceau de verre choisi pour sa beaut\u00e9. D\u00e9couvrez la singularit\u00e9 \u00e9clatante de notre pendentif quadrilat\u00e8re en verre opaque, une pi\u00e8ce qui marie simplicit\u00e9 et brillance. Chaque bijou est une \u0153uvre d&#8217;art unique, m\u00e9ticuleusement con\u00e7ue et fabriqu\u00e9e \u00e0 la main, affirmant notre engagement envers la cr\u00e9ativit\u00e9 et la qualit\u00e9 artisanale.<\/p>\n<p>Ce pendentif captivant se compose d&#8217;un simple quadrilat\u00e8re de verre, pr\u00e9sentant plusieurs nuances et reflets qui captent la lumi\u00e8re de mani\u00e8re hypnotique. Les nuances changeantes ajoutent une touche de dynamisme et de profondeur \u00e0 la pi\u00e8ce, cr\u00e9ant un effet visuel saisissant.<\/p>\n<p>Pour repr\u00e9senter la beaut\u00e9 de la nature et des ses habitants, la simplicit\u00e9 g\u00e9om\u00e9trique est rompue par une breloque en m\u00e9tal argent\u00e9 en forme de plume qui repose d\u00e9licatement sur le pendentif, ajoutant une touche de l\u00e9g\u00e8ret\u00e9 et de d\u00e9licatesse \u00e0 l&#8217;ensemble.<\/p>\n<p>Un anneau argent\u00e9, solidement soud\u00e9 au sommet du pendentif, ajoute une touche de sophistication et permet de passer une cha\u00eene ou un lacet, offrant polyvalence et adaptabilit\u00e9 \u00e0 ce bijou remarquable.<\/p>\n<p>Laissez-vous s\u00e9duire par l&#8217;\u00e9l\u00e9gance simple et l&#8217;\u00e9clat \u00e9clatant de ce pendentif unique. Commandez d\u00e8s maintenant et laissez cette pi\u00e8ce distinctive ajouter une touche de charme et de raffinement \u00e0 votre collection de bijoux.<\/p>\n<p>Mat\u00e9riaux : verre opaque, cuivre, \u00e9tain, m\u00e9tal argent\u00e9<\/p>\n<p>Dimensions : hauteur : 4,3 cm, largeur : 2 cm<\/p>\n","protected":false},"excerpt":{"rendered":"<p>Une plume pos\u00e9e sur la mousse<\/p>\n","protected":false},"featured_media":202,"comment_status":"open","ping_status":"closed","template":"","meta":[],"product_brand":[],"product_cat":[28],"product_tag":[29,26,27],"class_list":{"0":"post-364","1":"product","2":"type-product","3":"status-publish","4":"has-post-thumbnail","6":"product_cat-pendentif-tiffany","7":"product_tag-breloque-metal-pierre","8":"product_tag-pendentif-verre","9":"product_tag-tiffany-verre","11":"first","12":"instock","13":"purchasable","14":"product-type-simple"},"_links":{"self":[{"href":"https:\/\/art-bijoux.com\/en\/wp-json\/wp\/v2\/product\/364","targetHints":{"allow":["GET"]}}],"collection":[{"href":"https:\/\/art-bijoux.com\/en\/wp-json\/wp\/v2\/product"}],"about":[{"href":"https:\/\/art-bijoux.com\/en\/wp-json\/wp\/v2\/types\/product"}],"replies":[{"embeddable":true,"href":"https:\/\/art-bijoux.com\/en\/wp-json\/wp\/v2\/comments?post=364"}],"version-history":[{"count":1,"href":"https:\/\/art-bijoux.com\/en\/wp-json\/wp\/v2\/product\/364\/revisions"}],"predecessor-version":[{"id":365,"href":"https:\/\/art-bijoux.com\/en\/wp-json\/wp\/v2\/product\/364\/revisions\/365"}],"wp:featuredmedia":[{"embeddable":true,"href":"https:\/\/art-bijoux.com\/en\/wp-json\/wp\/v2\/media\/202"}],"wp:attachment":[{"href":"https:\/\/art-bijoux.com\/en\/wp-json\/wp\/v2\/media?parent=364"}],"wp:term":[{"taxonomy":"product_brand","embeddable":true,"href":"https:\/\/art-bijoux.com\/en\/wp-json\/wp\/v2\/product_brand?post=364"},{"taxonomy":"product_cat","embeddable":true,"href":"https:\/\/art-bijoux.com\/en\/wp-json\/wp\/v2\/product_cat?post=364"},{"taxonomy":"product_tag","embeddable":true,"href":"https:\/\/art-bijoux.com\/en\/wp-json\/wp\/v2\/product_tag?post=364"}],"curies":[{"name":"wp","href":"https:\/\/api.w.org\/{rel}","templated":true}]}}