{"id":366,"date":"2024-04-30T15:23:06","date_gmt":"2024-04-30T13:23:06","guid":{"rendered":"https:\/\/art-bijoux.com\/?post_type=product&#038;p=366"},"modified":"2024-04-30T15:33:54","modified_gmt":"2024-04-30T13:33:54","slug":"protection-pendentif-pintade-medievale-en-verre-tiffany-beige-elegance-historique-et-rustique","status":"publish","type":"product","link":"https:\/\/art-bijoux.com\/en\/boutique\/protection-pendentif-pintade-medievale-en-verre-tiffany-beige-elegance-historique-et-rustique\/","title":{"rendered":"Protection &#8211;  Pendentif Pintade M\u00e9di\u00e9vale en Verre Tiffany Beige &#8211; \u00c9l\u00e9gance Historique et Rustique"},"content":{"rendered":"<figure id=\"attachment_367\" aria-describedby=\"caption-attachment-367\" style=\"width: 300px\" class=\"wp-caption alignnone\"><img fetchpriority=\"high\" decoding=\"async\" class=\"size-medium wp-image-367\" src=\"https:\/\/art-bijoux.com\/wp-content\/uploads\/2024\/04\/medieval-pintade-1-300x189.webp\" alt=\"Une pintade inspir\u00e9e des bijoux m\u00e9di\u00e9vaux\" width=\"300\" height=\"189\" srcset=\"https:\/\/art-bijoux.com\/wp-content\/uploads\/2024\/04\/medieval-pintade-1-300x189.webp 300w, https:\/\/art-bijoux.com\/wp-content\/uploads\/2024\/04\/medieval-pintade-1-600x378.webp 600w, https:\/\/art-bijoux.com\/wp-content\/uploads\/2024\/04\/medieval-pintade-1-1024x644.webp 1024w, https:\/\/art-bijoux.com\/wp-content\/uploads\/2024\/04\/medieval-pintade-1-768x483.webp 768w, https:\/\/art-bijoux.com\/wp-content\/uploads\/2024\/04\/medieval-pintade-1-1536x966.webp 1536w, https:\/\/art-bijoux.com\/wp-content\/uploads\/2024\/04\/medieval-pintade-1.webp 1920w\" sizes=\"(max-width: 300px) 100vw, 300px\" \/><figcaption id=\"caption-attachment-367\" class=\"wp-caption-text\">Inspir\u00e9e des bijoux m\u00e9di\u00e9vaux, une pintade couch\u00e9e<\/figcaption><\/figure>\n<p>Au Moyen-age, la pintade, nom issu du mot &#8220;color\u00e9&#8221;, \u00e9tait un symbole de protection, car son cri puissant avertissait d&#8217;une intrusion aussi bien que les aboiements d&#8217;un chien. Elle \u00e9tait pr\u00e9sente sur plusieurs blasons.<\/p>\n<p>Plongez dans l&#8217;atmosph\u00e8re m\u00e9di\u00e9vale avec notre pendentif repr\u00e9sentant une pintade, une pi\u00e8ce inspir\u00e9e des bijoux m\u00e9di\u00e9vaux qui \u00e9voque l&#8217;\u00e9l\u00e9gance rustique et l&#8217;histoire ancienne. Chaque bijou est une \u0153uvre d&#8217;art unique, m\u00e9ticuleusement con\u00e7ue et fabriqu\u00e9e \u00e0 la main, affirmant notre engagement envers la cr\u00e9ativit\u00e9 et la qualit\u00e9 artisanale.<\/p>\n<p>Ce pendentif in\u00e9dit pr\u00e9sente une pintade en verre de qualit\u00e9 Tiffany beige, soigneusement dessin\u00e9e pour refl\u00e9ter la noblesse et la gr\u00e2ce de cet oiseau embl\u00e9matique. La t\u00eate relev\u00e9e et la posture couch\u00e9e capturent l&#8217;essence m\u00eame de l&#8217;art du Moyen-\u00e2ge, ajoutant une touche de r\u00e9alisme et de caract\u00e8re \u00e0 la pi\u00e8ce.<\/p>\n<p>La patine en nuances de cuivre soutenu ajoute une touche de rusticit\u00e9 et de chaleur, \u00e9voquant l&#8217;esth\u00e9tique m\u00e9di\u00e9vale et mettant en valeur les d\u00e9tails d\u00e9licats du pendentif. Deux b\u00e9li\u00e8res solidement soud\u00e9es \u00e0 l&#8217;arri\u00e8re permettent de passer une chaine.<\/p>\n<p><strong>Caract\u00e9ristiques :<\/strong><\/p>\n<ul>\n<li>Mat\u00e9riel : Verre Tiffany beige, cuivre, \u00e9tain<\/li>\n<li>Style : M\u00e9di\u00e9val, rustique, symbolique, pi\u00e8ce unique<\/li>\n<li>Dimensions : hauteur : 5,5 cm, largeur : 8 cm<\/li>\n<\/ul>\n<p>Laissez-vous transporter vers une \u00e9poque r\u00e9volue avec ce pendentif pintade m\u00e9di\u00e9vale, o\u00f9 l&#8217;histoire rencontre l&#8217;artisanat raffin\u00e9. Commandez d\u00e8s maintenant et laissez cette pi\u00e8ce distinctive ajouter une touche d&#8217;authenticit\u00e9 et de caract\u00e8re \u00e0 votre collection de bijoux.<\/p>\n","protected":false},"excerpt":{"rendered":"<p>Une pintade stylis\u00e9e d&#8217;inspiration m\u00e9di\u00e9vale<\/p>\n","protected":false},"featured_media":368,"comment_status":"open","ping_status":"closed","template":"","meta":[],"product_brand":[],"product_cat":[28],"product_tag":[26,27],"class_list":{"0":"post-366","1":"product","2":"type-product","3":"status-publish","4":"has-post-thumbnail","6":"product_cat-pendentif-tiffany","7":"product_tag-pendentif-verre","8":"product_tag-tiffany-verre","10":"first","11":"instock","12":"purchasable","13":"product-type-simple"},"_links":{"self":[{"href":"https:\/\/art-bijoux.com\/en\/wp-json\/wp\/v2\/product\/366","targetHints":{"allow":["GET"]}}],"collection":[{"href":"https:\/\/art-bijoux.com\/en\/wp-json\/wp\/v2\/product"}],"about":[{"href":"https:\/\/art-bijoux.com\/en\/wp-json\/wp\/v2\/types\/product"}],"replies":[{"embeddable":true,"href":"https:\/\/art-bijoux.com\/en\/wp-json\/wp\/v2\/comments?post=366"}],"version-history":[{"count":1,"href":"https:\/\/art-bijoux.com\/en\/wp-json\/wp\/v2\/product\/366\/revisions"}],"predecessor-version":[{"id":369,"href":"https:\/\/art-bijoux.com\/en\/wp-json\/wp\/v2\/product\/366\/revisions\/369"}],"wp:featuredmedia":[{"embeddable":true,"href":"https:\/\/art-bijoux.com\/en\/wp-json\/wp\/v2\/media\/368"}],"wp:attachment":[{"href":"https:\/\/art-bijoux.com\/en\/wp-json\/wp\/v2\/media?parent=366"}],"wp:term":[{"taxonomy":"product_brand","embeddable":true,"href":"https:\/\/art-bijoux.com\/en\/wp-json\/wp\/v2\/product_brand?post=366"},{"taxonomy":"product_cat","embeddable":true,"href":"https:\/\/art-bijoux.com\/en\/wp-json\/wp\/v2\/product_cat?post=366"},{"taxonomy":"product_tag","embeddable":true,"href":"https:\/\/art-bijoux.com\/en\/wp-json\/wp\/v2\/product_tag?post=366"}],"curies":[{"name":"wp","href":"https:\/\/api.w.org\/{rel}","templated":true}]}}