{"id":370,"date":"2024-04-30T16:27:18","date_gmt":"2024-04-30T14:27:18","guid":{"rendered":"https:\/\/art-bijoux.com\/?post_type=product&#038;p=370"},"modified":"2024-04-30T17:37:45","modified_gmt":"2024-04-30T15:37:45","slug":"larabesque-pendentif-en-verre-uruboro-avec-breloque-danseuse-elegance-fantaisiste-et-artistique","status":"publish","type":"product","link":"https:\/\/art-bijoux.com\/en\/boutique\/larabesque-pendentif-en-verre-uruboro-avec-breloque-danseuse-elegance-fantaisiste-et-artistique\/","title":{"rendered":"Arabesque &#8211; Pendentif en Verre Uruboro avec Breloque Danseuse &#8211; \u00c9l\u00e9gance Fantaisiste et Artistique"},"content":{"rendered":"<figure id=\"attachment_174\" aria-describedby=\"caption-attachment-174\" style=\"width: 243px\" class=\"wp-caption alignnone\"><img fetchpriority=\"high\" decoding=\"async\" class=\"size-medium wp-image-174\" src=\"https:\/\/art-bijoux.com\/wp-content\/uploads\/2024\/04\/Danseuse-243x300.webp\" alt=\"Une breloque danseuse au dessus d'un verre vert\" width=\"243\" height=\"300\" srcset=\"https:\/\/art-bijoux.com\/wp-content\/uploads\/2024\/04\/Danseuse-243x300.webp 243w, https:\/\/art-bijoux.com\/wp-content\/uploads\/2024\/04\/Danseuse-600x740.webp 600w, https:\/\/art-bijoux.com\/wp-content\/uploads\/2024\/04\/Danseuse-830x1024.webp 830w, https:\/\/art-bijoux.com\/wp-content\/uploads\/2024\/04\/Danseuse-768x948.webp 768w, https:\/\/art-bijoux.com\/wp-content\/uploads\/2024\/04\/Danseuse-1245x1536.webp 1245w, https:\/\/art-bijoux.com\/wp-content\/uploads\/2024\/04\/Danseuse.webp 1556w\" sizes=\"(max-width: 243px) 100vw, 243px\" \/><figcaption id=\"caption-attachment-174\" class=\"wp-caption-text\">Une danseuse devant un verre aux apparence d&#8217;une grenouille<\/figcaption><\/figure>\n<p>Cette pi\u00e8ce de verre a \u00e9t\u00e9 choisi pour sa beaut\u00e9, lisse et brillante.<\/p>\n<p>Destin\u00e9 aux amoureux de la danse classique, qui vont se laissez envo\u00fbter par la magie de notre pendentif en verre de haute qualit\u00e9, une pi\u00e8ce exquise qui marie l&#8217;esth\u00e9tique naturelle \u00e0 l&#8217;expression artistique. Chaque bijou est une \u0153uvre d&#8217;art unique, m\u00e9ticuleusement con\u00e7ue et fabriqu\u00e9e \u00e0 la main, affirmant notre engagement envers la cr\u00e9ativit\u00e9 et la qualit\u00e9 artisanale.<\/p>\n<p>Ce pendentif captivant se compose d&#8217;une seule pi\u00e8ce en forme de triangle arrondi, taill\u00e9e dans du verre de qualit\u00e9 URUBORO qui \u00e9voque la beaut\u00e9 et l&#8217;\u00e9clat d&#8217;une grenouille verte. Chaque d\u00e9tail est m\u00e9ticuleusement travaill\u00e9, capturant l&#8217;essence m\u00eame de cet animal fascinant.<\/p>\n<p>Pour ajouter une touche de fantaisie et de gr\u00e2ce \u00e0 l&#8217;ensemble, une breloque argent\u00e9e repr\u00e9sentant une danseuse de profil en tutu, en train de faire une arabesque, est d\u00e9licatement accroch\u00e9e au pendentif avec une courte cha\u00eenette. Cette fusion inattendue entre la nature et l&#8217;art cr\u00e9e un contraste saisissant et une esth\u00e9tique unique. Un anneau argent\u00e9 mat est soud\u00e9 au sommet.<\/p>\n<p><strong>Caract\u00e9ristiques :<\/strong><\/p>\n<ul>\n<li>Mat\u00e9riel : Verre Uruboro, \u00e9tain, cuivre, m\u00e9tal argent\u00e9<\/li>\n<li>Style : Fantaisiste, artistique, danse classique, pi\u00e8ce unique<\/li>\n<li>Dimensions : hauteur : 5,8 cm, largeur : 3,5 cm<\/li>\n<\/ul>\n<p>Faites une d\u00e9claration de style audacieuse avec ce pendentif remarquable, o\u00f9 la beaut\u00e9 naturelle rencontre l&#8217;expression artistique. Commandez d\u00e8s maintenant et laissez cette pi\u00e8ce distinctive ajouter une touche de charme et d&#8217;originalit\u00e9 \u00e0 votre collection de bijoux.<\/p>\n","protected":false},"excerpt":{"rendered":"<p>Une danseuse fait une arabesque sur un fond vert nuanc\u00e9<\/p>\n","protected":false},"featured_media":174,"comment_status":"open","ping_status":"closed","template":"","meta":[],"product_brand":[],"product_cat":[28],"product_tag":[29,26,27],"class_list":{"0":"post-370","1":"product","2":"type-product","3":"status-publish","4":"has-post-thumbnail","6":"product_cat-pendentif-tiffany","7":"product_tag-breloque-metal-pierre","8":"product_tag-pendentif-verre","9":"product_tag-tiffany-verre","11":"first","12":"instock","13":"purchasable","14":"product-type-simple"},"_links":{"self":[{"href":"https:\/\/art-bijoux.com\/en\/wp-json\/wp\/v2\/product\/370","targetHints":{"allow":["GET"]}}],"collection":[{"href":"https:\/\/art-bijoux.com\/en\/wp-json\/wp\/v2\/product"}],"about":[{"href":"https:\/\/art-bijoux.com\/en\/wp-json\/wp\/v2\/types\/product"}],"replies":[{"embeddable":true,"href":"https:\/\/art-bijoux.com\/en\/wp-json\/wp\/v2\/comments?post=370"}],"version-history":[{"count":1,"href":"https:\/\/art-bijoux.com\/en\/wp-json\/wp\/v2\/product\/370\/revisions"}],"predecessor-version":[{"id":371,"href":"https:\/\/art-bijoux.com\/en\/wp-json\/wp\/v2\/product\/370\/revisions\/371"}],"wp:featuredmedia":[{"embeddable":true,"href":"https:\/\/art-bijoux.com\/en\/wp-json\/wp\/v2\/media\/174"}],"wp:attachment":[{"href":"https:\/\/art-bijoux.com\/en\/wp-json\/wp\/v2\/media?parent=370"}],"wp:term":[{"taxonomy":"product_brand","embeddable":true,"href":"https:\/\/art-bijoux.com\/en\/wp-json\/wp\/v2\/product_brand?post=370"},{"taxonomy":"product_cat","embeddable":true,"href":"https:\/\/art-bijoux.com\/en\/wp-json\/wp\/v2\/product_cat?post=370"},{"taxonomy":"product_tag","embeddable":true,"href":"https:\/\/art-bijoux.com\/en\/wp-json\/wp\/v2\/product_tag?post=370"}],"curies":[{"name":"wp","href":"https:\/\/api.w.org\/{rel}","templated":true}]}}