{"id":373,"date":"2024-04-30T16:42:12","date_gmt":"2024-04-30T14:42:12","guid":{"rendered":"https:\/\/art-bijoux.com\/?post_type=product&#038;p=373"},"modified":"2024-04-30T16:42:27","modified_gmt":"2024-04-30T14:42:27","slug":"pendentif-trapeze-en-verre-tiffany-vert-opaque-avec-breloque-fleur-de-lys-elegance-classique-et-raffinee","status":"publish","type":"product","link":"https:\/\/art-bijoux.com\/en\/boutique\/pendentif-trapeze-en-verre-tiffany-vert-opaque-avec-breloque-fleur-de-lys-elegance-classique-et-raffinee\/","title":{"rendered":"Noblesse &#8211; Pendentif en Verre Tiffany Vert Opaque avec Breloque Fleur de Lys &#8211; \u00c9l\u00e9gance Classique et Raffin\u00e9e"},"content":{"rendered":"<p>D\u00e9couvrez l&#8217;\u00e9l\u00e9gance intemporelle de notre pendentif, une pi\u00e8ce qui marie le hasard de la d\u00e9coupe \u00e0 la finesse des d\u00e9tails. Chaque bijou est une \u0153uvre d&#8217;art unique, m\u00e9ticuleusement con\u00e7ue et fabriqu\u00e9e \u00e0 la main, affirmant notre engagement envers la cr\u00e9ativit\u00e9 et la qualit\u00e9 artisanale.<\/p>\n<p>Ce pendentif captivant se compose d&#8217;une seule pi\u00e8ce de verre de qualit\u00e9 Tiffany vert opaque, taill\u00e9e avec pr\u00e9cision pour \u00e9voquer la forme \u00e9l\u00e9gante d&#8217;un trap\u00e8ze aux bords arrondis. La couleur vert profond apporte une touche de richesse et de raffinement \u00e0 la pi\u00e8ce, ajoutant une dimension de luxe et de sophistication.<\/p>\n<p>Pour ajouter une touche de charme et de distinction, une breloque en fleur de lys de m\u00e9tal argent\u00e9 est suspendue \u00e0 une chainette, apportant une touche de noblesse et d&#8217;\u00e9l\u00e9gance \u00e0 l&#8217;ensemble.<\/p>\n<p>La patine grise subtile, associ\u00e9e \u00e0 un anneau soud\u00e9 au-dessus, ajoute une touche de sophistication rustique, compl\u00e9tant parfaitement l&#8217;esth\u00e9tique classique du pendentif.<\/p>\n<p><strong>Caract\u00e9ristiques :<\/strong><\/p>\n<ul>\n<li>Mat\u00e9riel : Verre Tiffany vert opaque, cuivre, \u00e9tain, m\u00e9tal argent\u00e9<\/li>\n<li>Style : Classique, raffin\u00e9, pi\u00e8ce unique<\/li>\n<li>Dimensions : hauteur : 5 cm, largeur : 1,8<\/li>\n<\/ul>\n<p>Faites une d\u00e9claration de style distingu\u00e9e avec ce pendentif remarquable, o\u00f9 la sophistication du design rencontre la finesse des d\u00e9tails. Commandez d\u00e8s maintenant et laissez cette pi\u00e8ce distinctive ajouter une touche de raffinement et d&#8217;\u00e9l\u00e9gance \u00e0 votre collection de bijoux.<\/p>\n","protected":false},"excerpt":{"rendered":"<p>Une fleur de lys devant un morceau de verre vert<\/p>\n","protected":false},"featured_media":179,"comment_status":"open","ping_status":"closed","template":"","meta":[],"product_brand":[],"product_cat":[28],"product_tag":[29,26,27],"class_list":{"0":"post-373","1":"product","2":"type-product","3":"status-publish","4":"has-post-thumbnail","6":"product_cat-pendentif-tiffany","7":"product_tag-breloque-metal-pierre","8":"product_tag-pendentif-verre","9":"product_tag-tiffany-verre","11":"first","12":"instock","13":"purchasable","14":"product-type-simple"},"_links":{"self":[{"href":"https:\/\/art-bijoux.com\/en\/wp-json\/wp\/v2\/product\/373","targetHints":{"allow":["GET"]}}],"collection":[{"href":"https:\/\/art-bijoux.com\/en\/wp-json\/wp\/v2\/product"}],"about":[{"href":"https:\/\/art-bijoux.com\/en\/wp-json\/wp\/v2\/types\/product"}],"replies":[{"embeddable":true,"href":"https:\/\/art-bijoux.com\/en\/wp-json\/wp\/v2\/comments?post=373"}],"version-history":[{"count":0,"href":"https:\/\/art-bijoux.com\/en\/wp-json\/wp\/v2\/product\/373\/revisions"}],"wp:featuredmedia":[{"embeddable":true,"href":"https:\/\/art-bijoux.com\/en\/wp-json\/wp\/v2\/media\/179"}],"wp:attachment":[{"href":"https:\/\/art-bijoux.com\/en\/wp-json\/wp\/v2\/media?parent=373"}],"wp:term":[{"taxonomy":"product_brand","embeddable":true,"href":"https:\/\/art-bijoux.com\/en\/wp-json\/wp\/v2\/product_brand?post=373"},{"taxonomy":"product_cat","embeddable":true,"href":"https:\/\/art-bijoux.com\/en\/wp-json\/wp\/v2\/product_cat?post=373"},{"taxonomy":"product_tag","embeddable":true,"href":"https:\/\/art-bijoux.com\/en\/wp-json\/wp\/v2\/product_tag?post=373"}],"curies":[{"name":"wp","href":"https:\/\/api.w.org\/{rel}","templated":true}]}}