{"id":374,"date":"2024-04-30T16:50:01","date_gmt":"2024-04-30T14:50:01","guid":{"rendered":"https:\/\/art-bijoux.com\/?post_type=product&#038;p=374"},"modified":"2024-04-30T17:36:43","modified_gmt":"2024-04-30T15:36:43","slug":"374","status":"publish","type":"product","link":"https:\/\/art-bijoux.com\/en\/boutique\/374\/","title":{"rendered":"Tournesol &#8211; M\u00e9daillon en Verre Tiffany Vert Opaque avec Breloque Tournesol &#8211; \u00c9l\u00e9gance R\u00e9tro et Charme Naturel"},"content":{"rendered":"<figure id=\"attachment_210\" aria-describedby=\"caption-attachment-210\" style=\"width: 300px\" class=\"wp-caption alignnone\"><img fetchpriority=\"high\" decoding=\"async\" class=\"size-medium wp-image-210\" src=\"https:\/\/art-bijoux.com\/wp-content\/uploads\/2024\/04\/Tournesol-300x243.webp\" alt=\"Un tournesol devant un m\u00e9daillon vert\" width=\"300\" height=\"243\" srcset=\"https:\/\/art-bijoux.com\/wp-content\/uploads\/2024\/04\/Tournesol-300x243.webp 300w, https:\/\/art-bijoux.com\/wp-content\/uploads\/2024\/04\/Tournesol-600x487.webp 600w, https:\/\/art-bijoux.com\/wp-content\/uploads\/2024\/04\/Tournesol-1024x830.webp 1024w, https:\/\/art-bijoux.com\/wp-content\/uploads\/2024\/04\/Tournesol-768x623.webp 768w, https:\/\/art-bijoux.com\/wp-content\/uploads\/2024\/04\/Tournesol-1536x1246.webp 1536w, https:\/\/art-bijoux.com\/wp-content\/uploads\/2024\/04\/Tournesol.webp 1920w\" sizes=\"(max-width: 300px) 100vw, 300px\" \/><figcaption id=\"caption-attachment-210\" class=\"wp-caption-text\">Tournesol devant un m\u00e9daillon vert<\/figcaption><\/figure>\n<p>Red\u00e9couvrez le charme r\u00e9tro des bijoux d&#8217;antan avec notre pendentif en forme de m\u00e9daillon, une pi\u00e8ce qui \u00e9voque la nostalgie des temps pass\u00e9s et la beaut\u00e9 intemporelle. Chaque bijou est une \u0153uvre d&#8217;art unique, m\u00e9ticuleusement con\u00e7ue et fabriqu\u00e9e \u00e0 la main, affirmant notre engagement envers la cr\u00e9ativit\u00e9 et la qualit\u00e9 artisanale.<\/p>\n<p>Ce pendentif \u00e9vocateur se compose d&#8217;un m\u00e9daillon grossi\u00e8rement d\u00e9coup\u00e9 (les formes circulaires sont les plus complexes \u00e0 d\u00e9couper dans du verre), aux bords laiss\u00e9s irr\u00e9guliers, coup\u00e9 dans du verre de qualit\u00e9 Tiffany vert opaque. La forme rappelle les bijoux de nos grand-m\u00e8res, ajoutant une touche de nostalgie et de charme vintage \u00e0 la pi\u00e8ce.<\/p>\n<p>Pour ajouter une touche de nature et de fra\u00eecheur, une breloque argent\u00e9e en forme de tournesol est suspendue \u00e0 une cha\u00eenette, apportant une touche de luminosit\u00e9 et de vitalit\u00e9 \u00e0 l&#8217;ensemble.<\/p>\n<p>La patine grise subtile, associ\u00e9e \u00e0 un anneau soud\u00e9, ajoute une touche de sophistication rustique, compl\u00e9tant parfaitement l&#8217;esth\u00e9tique r\u00e9tro du pendentif.<\/p>\n<p><strong>Caract\u00e9ristiques :<\/strong><\/p>\n<ul>\n<li>Mat\u00e9riel : Verre Tiffany vert opaque, cuivre, \u00e9tain, m\u00e9tal argent\u00e9<\/li>\n<li>Style : R\u00e9tro, naturel, pi\u00e8ce unique<\/li>\n<li>Dimensions :<\/li>\n<\/ul>\n<p>Faites une d\u00e9claration de style nostalgique avec ce pendentif remarquable, o\u00f9 le charme r\u00e9tro rencontre le charme naturel. Commandez d\u00e8s maintenant et laissez cette pi\u00e8ce distinctive ajouter une touche d&#8217;authenticit\u00e9 et de caract\u00e8re \u00e0 votre collection de bijoux.<\/p>\n","protected":false},"excerpt":{"rendered":"<p>Un tournesol sur un m\u00e9daillon vert<\/p>\n","protected":false},"featured_media":210,"comment_status":"open","ping_status":"closed","template":"","meta":[],"product_brand":[],"product_cat":[28],"product_tag":[29,26,27],"class_list":{"0":"post-374","1":"product","2":"type-product","3":"status-publish","4":"has-post-thumbnail","6":"product_cat-pendentif-tiffany","7":"product_tag-breloque-metal-pierre","8":"product_tag-pendentif-verre","9":"product_tag-tiffany-verre","11":"first","12":"instock","13":"purchasable","14":"product-type-simple"},"_links":{"self":[{"href":"https:\/\/art-bijoux.com\/en\/wp-json\/wp\/v2\/product\/374","targetHints":{"allow":["GET"]}}],"collection":[{"href":"https:\/\/art-bijoux.com\/en\/wp-json\/wp\/v2\/product"}],"about":[{"href":"https:\/\/art-bijoux.com\/en\/wp-json\/wp\/v2\/types\/product"}],"replies":[{"embeddable":true,"href":"https:\/\/art-bijoux.com\/en\/wp-json\/wp\/v2\/comments?post=374"}],"version-history":[{"count":0,"href":"https:\/\/art-bijoux.com\/en\/wp-json\/wp\/v2\/product\/374\/revisions"}],"wp:featuredmedia":[{"embeddable":true,"href":"https:\/\/art-bijoux.com\/en\/wp-json\/wp\/v2\/media\/210"}],"wp:attachment":[{"href":"https:\/\/art-bijoux.com\/en\/wp-json\/wp\/v2\/media?parent=374"}],"wp:term":[{"taxonomy":"product_brand","embeddable":true,"href":"https:\/\/art-bijoux.com\/en\/wp-json\/wp\/v2\/product_brand?post=374"},{"taxonomy":"product_cat","embeddable":true,"href":"https:\/\/art-bijoux.com\/en\/wp-json\/wp\/v2\/product_cat?post=374"},{"taxonomy":"product_tag","embeddable":true,"href":"https:\/\/art-bijoux.com\/en\/wp-json\/wp\/v2\/product_tag?post=374"}],"curies":[{"name":"wp","href":"https:\/\/api.w.org\/{rel}","templated":true}]}}