{"id":375,"date":"2024-04-30T17:34:51","date_gmt":"2024-04-30T15:34:51","guid":{"rendered":"https:\/\/art-bijoux.com\/?post_type=product&#038;p=375"},"modified":"2024-04-30T18:34:27","modified_gmt":"2024-04-30T16:34:27","slug":"encerclee-pendentif-en-verre-opaque-bleu-fonce-avec-perle-de-verre-ovale-elegance-geometrique-et-mysterieuse","status":"publish","type":"product","link":"https:\/\/art-bijoux.com\/en\/boutique\/encerclee-pendentif-en-verre-opaque-bleu-fonce-avec-perle-de-verre-ovale-elegance-geometrique-et-mysterieuse\/","title":{"rendered":"Encercl\u00e9e &#8211; Pendentif en Verre Opaque Bleu Fonc\u00e9 avec Perle de Verre Ovale &#8211; \u00c9l\u00e9gance G\u00e9om\u00e9trique et Myst\u00e9rieuse"},"content":{"rendered":"<p>&nbsp;<\/p>\n<figure id=\"attachment_163\" aria-describedby=\"caption-attachment-163\" style=\"width: 227px\" class=\"wp-caption alignnone\"><img fetchpriority=\"high\" decoding=\"async\" class=\"size-medium wp-image-163\" src=\"https:\/\/art-bijoux.com\/wp-content\/uploads\/2024\/04\/bleu-enchassant-une-perle-de-verre-227x300.webp\" alt=\"Une perle bleue entre deux figures g\u00e9om\u00e9triques\" width=\"227\" height=\"300\" srcset=\"https:\/\/art-bijoux.com\/wp-content\/uploads\/2024\/04\/bleu-enchassant-une-perle-de-verre-227x300.webp 227w, https:\/\/art-bijoux.com\/wp-content\/uploads\/2024\/04\/bleu-enchassant-une-perle-de-verre-600x793.webp 600w, https:\/\/art-bijoux.com\/wp-content\/uploads\/2024\/04\/bleu-enchassant-une-perle-de-verre-775x1024.webp 775w, https:\/\/art-bijoux.com\/wp-content\/uploads\/2024\/04\/bleu-enchassant-une-perle-de-verre-768x1015.webp 768w, https:\/\/art-bijoux.com\/wp-content\/uploads\/2024\/04\/bleu-enchassant-une-perle-de-verre-1162x1536.webp 1162w, https:\/\/art-bijoux.com\/wp-content\/uploads\/2024\/04\/bleu-enchassant-une-perle-de-verre.webp 1453w\" sizes=\"(max-width: 227px) 100vw, 227px\" \/><figcaption id=\"caption-attachment-163\" class=\"wp-caption-text\">Une perle ench\u00e2ss\u00e9e entre deux formes bleu-violet<\/figcaption><\/figure>\n<p>Plongez dans l&#8217;\u00e9l\u00e9gance myst\u00e9rieuse de notre pendentif en verre, une pi\u00e8ce qui marie la sophistication g\u00e9om\u00e9trique \u00e0 la subtilit\u00e9 des d\u00e9tails. Chaque bijou est une \u0153uvre d&#8217;art unique, m\u00e9ticuleusement con\u00e7ue et fabriqu\u00e9e \u00e0 la main, affirmant notre engagement envers la cr\u00e9ativit\u00e9 et la qualit\u00e9 artisanale.<\/p>\n<p>Ce pendentif captivant se compose de deux pi\u00e8ces de verre opaque bleu fonc\u00e9, taill\u00e9es avec pr\u00e9cision en formes g\u00e9om\u00e9triques. \u00c0 l&#8217;int\u00e9rieur, une perle de verre ovale et bleue est soud\u00e9e, cr\u00e9ant un contraste subtil et une dimension suppl\u00e9mentaire \u00e0 la pi\u00e8ce. Le jeu entre les deux pi\u00e8ces laisse filtrer la lumi\u00e8re, ajoutant une touche de myst\u00e8re et de dynamisme \u00e0 l&#8217;ensemble. La soudure est sculpt\u00e9e en galbe.<\/p>\n<p>Une patine gris fonc\u00e9 ajoute une touche de sophistication rustique, tandis qu&#8217;un anneau argent\u00e9 solidement soud\u00e9 au sommet offre une finition \u00e9l\u00e9gante et pratique.<\/p>\n<p><strong>Caract\u00e9ristiques :<\/strong><\/p>\n<ul>\n<li>Mat\u00e9riel : Verre opaque bleu fonc\u00e9, perle de verre ovale bleue,cuivre, \u00e9tain<\/li>\n<li>Style : G\u00e9om\u00e9trique, myst\u00e9rieux, pi\u00e8ce unique<\/li>\n<li>Dimensions : hauteur : 7,8 cm, largeur : 5 cm<\/li>\n<\/ul>\n<p>Faites une d\u00e9claration de style audacieuse avec ce pendentif remarquable, o\u00f9 la sophistication g\u00e9om\u00e9trique rencontre la subtilit\u00e9 des d\u00e9tails. Commandez d\u00e8s maintenant et laissez cette pi\u00e8ce distinctive ajouter une touche d&#8217;\u00e9l\u00e9gance et de myst\u00e8re \u00e0 votre collection de bijoux.<\/p>\n","protected":false},"excerpt":{"rendered":"<p>Une perle de verre bleue ench\u00e2ss\u00e9e entre 2 figures g\u00e9om\u00e9triques<\/p>\n","protected":false},"featured_media":163,"comment_status":"open","ping_status":"closed","template":"","meta":[],"product_brand":[],"product_cat":[28],"product_tag":[36,26,27],"class_list":{"0":"post-375","1":"product","2":"type-product","3":"status-publish","4":"has-post-thumbnail","6":"product_cat-pendentif-tiffany","7":"product_tag-verre-abstrait","8":"product_tag-pendentif-verre","9":"product_tag-tiffany-verre","11":"first","12":"instock","13":"purchasable","14":"product-type-simple"},"_links":{"self":[{"href":"https:\/\/art-bijoux.com\/en\/wp-json\/wp\/v2\/product\/375","targetHints":{"allow":["GET"]}}],"collection":[{"href":"https:\/\/art-bijoux.com\/en\/wp-json\/wp\/v2\/product"}],"about":[{"href":"https:\/\/art-bijoux.com\/en\/wp-json\/wp\/v2\/types\/product"}],"replies":[{"embeddable":true,"href":"https:\/\/art-bijoux.com\/en\/wp-json\/wp\/v2\/comments?post=375"}],"version-history":[{"count":1,"href":"https:\/\/art-bijoux.com\/en\/wp-json\/wp\/v2\/product\/375\/revisions"}],"predecessor-version":[{"id":377,"href":"https:\/\/art-bijoux.com\/en\/wp-json\/wp\/v2\/product\/375\/revisions\/377"}],"wp:featuredmedia":[{"embeddable":true,"href":"https:\/\/art-bijoux.com\/en\/wp-json\/wp\/v2\/media\/163"}],"wp:attachment":[{"href":"https:\/\/art-bijoux.com\/en\/wp-json\/wp\/v2\/media?parent=375"}],"wp:term":[{"taxonomy":"product_brand","embeddable":true,"href":"https:\/\/art-bijoux.com\/en\/wp-json\/wp\/v2\/product_brand?post=375"},{"taxonomy":"product_cat","embeddable":true,"href":"https:\/\/art-bijoux.com\/en\/wp-json\/wp\/v2\/product_cat?post=375"},{"taxonomy":"product_tag","embeddable":true,"href":"https:\/\/art-bijoux.com\/en\/wp-json\/wp\/v2\/product_tag?post=375"}],"curies":[{"name":"wp","href":"https:\/\/api.w.org\/{rel}","templated":true}]}}