{"id":378,"date":"2024-04-30T17:53:47","date_gmt":"2024-04-30T15:53:47","guid":{"rendered":"https:\/\/art-bijoux.com\/?post_type=product&#038;p=378"},"modified":"2024-05-04T18:13:58","modified_gmt":"2024-05-04T16:13:58","slug":"loeil-pendentif-en-verre-bleu-pale-avec-perle-de-verre-transparente-elegance-delicate-et-sophistiquee","status":"publish","type":"product","link":"https:\/\/art-bijoux.com\/en\/boutique\/loeil-pendentif-en-verre-bleu-pale-avec-perle-de-verre-transparente-elegance-delicate-et-sophistiquee\/","title":{"rendered":"Au-del\u00e0 des Apparences- Pendentif en Verre Bleu P\u00e2le avec Perle de Verre Transparente &#8211; \u00c9l\u00e9gance D\u00e9licate et Sophistiqu\u00e9e"},"content":{"rendered":"<figure id=\"attachment_164\" aria-describedby=\"caption-attachment-164\" style=\"width: 225px\" class=\"wp-caption alignnone\"><img fetchpriority=\"high\" decoding=\"async\" class=\"size-medium wp-image-164\" src=\"https:\/\/art-bijoux.com\/wp-content\/uploads\/2024\/04\/bleu-pale-marbre-225x300.webp\" alt=\"formes g\u00e9om\u00e9triques encerclant une perle transparente\" width=\"225\" height=\"300\" srcset=\"https:\/\/art-bijoux.com\/wp-content\/uploads\/2024\/04\/bleu-pale-marbre-225x300.webp 225w, https:\/\/art-bijoux.com\/wp-content\/uploads\/2024\/04\/bleu-pale-marbre-600x801.webp 600w, https:\/\/art-bijoux.com\/wp-content\/uploads\/2024\/04\/bleu-pale-marbre-300x400.webp 300w, https:\/\/art-bijoux.com\/wp-content\/uploads\/2024\/04\/bleu-pale-marbre-767x1024.webp 767w, https:\/\/art-bijoux.com\/wp-content\/uploads\/2024\/04\/bleu-pale-marbre-768x1025.webp 768w, https:\/\/art-bijoux.com\/wp-content\/uploads\/2024\/04\/bleu-pale-marbre-1151x1536.webp 1151w, https:\/\/art-bijoux.com\/wp-content\/uploads\/2024\/04\/bleu-pale-marbre.webp 1439w\" sizes=\"(max-width: 225px) 100vw, 225px\" \/><figcaption id=\"caption-attachment-164\" class=\"wp-caption-text\">L\u2019\u0153il transparent du bleu p\u00e2le<\/figcaption><\/figure>\n<p>D\u00e9couvrez l&#8217;\u00e9l\u00e9gance d\u00e9licate de notre pendentif en verre, une pi\u00e8ce qui marie la douceur du bleu p\u00e2le \u00e0 la sophistication des d\u00e9tails. Chaque bijou est une \u0153uvre d&#8217;art unique, m\u00e9ticuleusement con\u00e7ue et fabriqu\u00e9e \u00e0 la main, affirmant notre engagement envers la cr\u00e9ativit\u00e9 et la qualit\u00e9 artisanale.<\/p>\n<p>Ce pendentif captivant se compose de quatre pi\u00e8ces en verre bleu p\u00e2le pr\u00e9cieux, chacune pr\u00e9sentant des nuances d\u00e9licates et sublimes. Les arrondis de ces 4 pi\u00e8ces, r\u00e9cup\u00e9r\u00e9es du vitrail &#8220;Jardin Christian Dior&#8221;, permettent d&#8217;ins\u00e9rer une perle de verre transparente, cr\u00e9ant un contraste subtil et ajoutant une dimension suppl\u00e9mentaire \u00e0 la pi\u00e8ce.<\/p>\n<p>Un anneau argent\u00e9 assorti \u00e0 la patine aux nuances grises et cuivre clair compl\u00e8te l&#8217;esth\u00e9tique sophistiqu\u00e9e du pendentif, offrant une finition \u00e9l\u00e9gante et pratique.<\/p>\n<p><strong>Caract\u00e9ristiques :<\/strong><\/p>\n<ul>\n<li>Mat\u00e9riel : Verre bleu p\u00e2le pr\u00e9cieux, perle de verre transparente,cuivre, \u00e9tain<\/li>\n<li>Style : D\u00e9licat, sophistiqu\u00e9, pi\u00e8ce unique<\/li>\n<li>Dimensions : hauteur : 8 cm, largeur : 5,5 cm<\/li>\n<\/ul>\n<p>Faites une d\u00e9claration de style raffin\u00e9e avec ce pendentif remarquable, o\u00f9 la douceur du bleu p\u00e2le rencontre la sophistication des d\u00e9tails. Commandez d\u00e8s maintenant et laissez cette pi\u00e8ce distinctive ajouter une touche d&#8217;\u00e9l\u00e9gance et de sophistication \u00e0 votre collection de bijoux.<\/p>\n<p><img decoding=\"async\" class=\"alignnone size-medium wp-image-379\" src=\"https:\/\/art-bijoux.com\/wp-content\/uploads\/2024\/04\/Jardin-Dior-construction-300x218.webp\" alt=\"\" width=\"300\" height=\"218\" srcset=\"https:\/\/art-bijoux.com\/wp-content\/uploads\/2024\/04\/Jardin-Dior-construction-300x218.webp 300w, https:\/\/art-bijoux.com\/wp-content\/uploads\/2024\/04\/Jardin-Dior-construction-600x437.webp 600w, https:\/\/art-bijoux.com\/wp-content\/uploads\/2024\/04\/Jardin-Dior-construction-768x559.webp 768w, https:\/\/art-bijoux.com\/wp-content\/uploads\/2024\/04\/Jardin-Dior-construction.webp 800w\" sizes=\"(max-width: 300px) 100vw, 300px\" \/><\/p>\n","protected":false},"excerpt":{"rendered":"<p>Une perle de verre transparente enserr\u00e9e entre 4 pi\u00e8ces bleu-p\u00e2le<\/p>\n","protected":false},"featured_media":164,"comment_status":"open","ping_status":"closed","template":"","meta":[],"product_brand":[],"product_cat":[28],"product_tag":[36,26,27],"class_list":{"0":"post-378","1":"product","2":"type-product","3":"status-publish","4":"has-post-thumbnail","6":"product_cat-pendentif-tiffany","7":"product_tag-verre-abstrait","8":"product_tag-pendentif-verre","9":"product_tag-tiffany-verre","11":"first","12":"instock","13":"purchasable","14":"product-type-simple"},"_links":{"self":[{"href":"https:\/\/art-bijoux.com\/en\/wp-json\/wp\/v2\/product\/378","targetHints":{"allow":["GET"]}}],"collection":[{"href":"https:\/\/art-bijoux.com\/en\/wp-json\/wp\/v2\/product"}],"about":[{"href":"https:\/\/art-bijoux.com\/en\/wp-json\/wp\/v2\/types\/product"}],"replies":[{"embeddable":true,"href":"https:\/\/art-bijoux.com\/en\/wp-json\/wp\/v2\/comments?post=378"}],"version-history":[{"count":0,"href":"https:\/\/art-bijoux.com\/en\/wp-json\/wp\/v2\/product\/378\/revisions"}],"wp:featuredmedia":[{"embeddable":true,"href":"https:\/\/art-bijoux.com\/en\/wp-json\/wp\/v2\/media\/164"}],"wp:attachment":[{"href":"https:\/\/art-bijoux.com\/en\/wp-json\/wp\/v2\/media?parent=378"}],"wp:term":[{"taxonomy":"product_brand","embeddable":true,"href":"https:\/\/art-bijoux.com\/en\/wp-json\/wp\/v2\/product_brand?post=378"},{"taxonomy":"product_cat","embeddable":true,"href":"https:\/\/art-bijoux.com\/en\/wp-json\/wp\/v2\/product_cat?post=378"},{"taxonomy":"product_tag","embeddable":true,"href":"https:\/\/art-bijoux.com\/en\/wp-json\/wp\/v2\/product_tag?post=378"}],"curies":[{"name":"wp","href":"https:\/\/api.w.org\/{rel}","templated":true}]}}