{"id":385,"date":"2024-04-30T18:33:25","date_gmt":"2024-04-30T16:33:25","guid":{"rendered":"https:\/\/art-bijoux.com\/?post_type=product&#038;p=385"},"modified":"2026-03-12T16:39:04","modified_gmt":"2026-03-12T15:39:04","slug":"etoile-orange-pendentif-etoile-en-verre-semi-transparent-orange-eclat-celeste-et-elegance-naturelle","status":"publish","type":"product","link":"https:\/\/art-bijoux.com\/en\/boutique\/etoile-orange-pendentif-etoile-en-verre-semi-transparent-orange-eclat-celeste-et-elegance-naturelle\/","title":{"rendered":"\u00c9toile orange &#8211; Pendentif \u00c9toile en Verre Semi-Transparent Orang\u00e9 &#8211; \u00c9clat C\u00e9leste et \u00c9l\u00e9gance Naturelle"},"content":{"rendered":"<p><img fetchpriority=\"high\" decoding=\"async\" class=\"alignnone size-medium wp-image-187\" src=\"https:\/\/art-bijoux.com\/wp-content\/uploads\/2024\/04\/Ma-bonne-etoile-orangee-222x300.webp\" alt=\"\" width=\"222\" height=\"300\" srcset=\"https:\/\/art-bijoux.com\/wp-content\/uploads\/2024\/04\/Ma-bonne-etoile-orangee-222x300.webp 222w, https:\/\/art-bijoux.com\/wp-content\/uploads\/2024\/04\/Ma-bonne-etoile-orangee-600x811.webp 600w, https:\/\/art-bijoux.com\/wp-content\/uploads\/2024\/04\/Ma-bonne-etoile-orangee-757x1024.webp 757w, https:\/\/art-bijoux.com\/wp-content\/uploads\/2024\/04\/Ma-bonne-etoile-orangee-768x1038.webp 768w, https:\/\/art-bijoux.com\/wp-content\/uploads\/2024\/04\/Ma-bonne-etoile-orangee-1136x1536.webp 1136w, https:\/\/art-bijoux.com\/wp-content\/uploads\/2024\/04\/Ma-bonne-etoile-orangee.webp 1420w\" sizes=\"(max-width: 222px) 100vw, 222px\" \/><\/p>\n<p>Plongez dans la magie de l&#8217;univers avec notre pendentif en forme d&#8217;\u00e9toile, une pi\u00e8ce qui \u00e9voque la beaut\u00e9 c\u00e9leste et la splendeur de l&#8217;univers. Chaque bijou est une \u0153uvre d&#8217;art unique, m\u00e9ticuleusement con\u00e7ue et fabriqu\u00e9e \u00e0 la main, affirmant notre engagement envers la cr\u00e9ativit\u00e9 et la qualit\u00e9 artisanale.<\/p>\n<p>Ce pendentif captivant repr\u00e9sente une \u00e9toile en verre semi-transparent orang\u00e9, \u00e9voquant la chaleur et la vitalit\u00e9 du soleil couchant. La pi\u00e8ce est minutieusement fa\u00e7onn\u00e9e avec quatre petites branches et une cinqui\u00e8me, verticale, plus haute, ajoutant une touche de dynamisme et d&#8217;\u00e9quilibre \u00e0 l&#8217;ensemble.<\/p>\n<p>Un anneau solidement soud\u00e9 au sommet de l&#8217;\u00e9toile offre une finition artisanale et pratique, permettant de passer une cha\u00eene ou un lacet selon vos pr\u00e9f\u00e9rences.<\/p>\n<p><strong>Caract\u00e9ristiques :<\/strong><\/p>\n<ul>\n<li>Mat\u00e9riel : Verre semi-transparent orang\u00e9, cuivre, \u00e9tain<\/li>\n<li>Style : C\u00e9leste, naturel, pi\u00e8ce unique<\/li>\n<li>Dimensions : hauteur : 10 cm, largeur : 6,8 cm<\/li>\n<\/ul>\n<p>Faites une d\u00e9claration de style remarquable avec ce pendentif \u00e9vocateur, o\u00f9 la beaut\u00e9 c\u00e9leste rencontre l&#8217;\u00e9l\u00e9gance naturelle. Commandez d\u00e8s maintenant et laissez cette pi\u00e8ce distinctive ajouter une touche d&#8217;\u00e9clat et de magie \u00e0 votre collection de bijoux.<\/p>\n","protected":false},"excerpt":{"rendered":"<p>Une \u00e9toile avec une branche plus grande<\/p>\n","protected":false},"featured_media":188,"comment_status":"open","ping_status":"closed","template":"","meta":[],"product_brand":[],"product_cat":[28],"product_tag":[26,27],"class_list":{"0":"post-385","1":"product","2":"type-product","3":"status-publish","4":"has-post-thumbnail","6":"product_cat-pendentif-tiffany","7":"product_tag-pendentif-verre","8":"product_tag-tiffany-verre","10":"first","11":"outofstock","12":"purchasable","13":"product-type-simple"},"_links":{"self":[{"href":"https:\/\/art-bijoux.com\/en\/wp-json\/wp\/v2\/product\/385","targetHints":{"allow":["GET"]}}],"collection":[{"href":"https:\/\/art-bijoux.com\/en\/wp-json\/wp\/v2\/product"}],"about":[{"href":"https:\/\/art-bijoux.com\/en\/wp-json\/wp\/v2\/types\/product"}],"replies":[{"embeddable":true,"href":"https:\/\/art-bijoux.com\/en\/wp-json\/wp\/v2\/comments?post=385"}],"version-history":[{"count":1,"href":"https:\/\/art-bijoux.com\/en\/wp-json\/wp\/v2\/product\/385\/revisions"}],"predecessor-version":[{"id":6352,"href":"https:\/\/art-bijoux.com\/en\/wp-json\/wp\/v2\/product\/385\/revisions\/6352"}],"wp:featuredmedia":[{"embeddable":true,"href":"https:\/\/art-bijoux.com\/en\/wp-json\/wp\/v2\/media\/188"}],"wp:attachment":[{"href":"https:\/\/art-bijoux.com\/en\/wp-json\/wp\/v2\/media?parent=385"}],"wp:term":[{"taxonomy":"product_brand","embeddable":true,"href":"https:\/\/art-bijoux.com\/en\/wp-json\/wp\/v2\/product_brand?post=385"},{"taxonomy":"product_cat","embeddable":true,"href":"https:\/\/art-bijoux.com\/en\/wp-json\/wp\/v2\/product_cat?post=385"},{"taxonomy":"product_tag","embeddable":true,"href":"https:\/\/art-bijoux.com\/en\/wp-json\/wp\/v2\/product_tag?post=385"}],"curies":[{"name":"wp","href":"https:\/\/api.w.org\/{rel}","templated":true}]}}