{"id":386,"date":"2024-04-30T18:42:58","date_gmt":"2024-04-30T16:42:58","guid":{"rendered":"https:\/\/art-bijoux.com\/?post_type=product&#038;p=386"},"modified":"2026-03-12T16:38:18","modified_gmt":"2026-03-12T15:38:18","slug":"etoile-rouge-pendentif-etoile-en-verre-grenat-et-antique-elegance-etoilee-et-vintage","status":"publish","type":"product","link":"https:\/\/art-bijoux.com\/en\/boutique\/etoile-rouge-pendentif-etoile-en-verre-grenat-et-antique-elegance-etoilee-et-vintage\/","title":{"rendered":"\u00c9toile rouge &#8211; Pendentif \u00c9toile en Verre Grenat et Antique &#8211; \u00c9l\u00e9gance \u00c9toil\u00e9e et Vintage"},"content":{"rendered":"<figure id=\"attachment_189\" aria-describedby=\"caption-attachment-189\" style=\"width: 237px\" class=\"wp-caption alignnone\"><img fetchpriority=\"high\" decoding=\"async\" class=\"size-medium wp-image-189\" src=\"https:\/\/art-bijoux.com\/wp-content\/uploads\/2024\/04\/Ma-bonne-etoile-rouge-et-transparent-237x300.webp\" alt=\"Une \u00e9toile \u00e0 5 branches, une plus haute que les autres, rouges et beige\" width=\"237\" height=\"300\" srcset=\"https:\/\/art-bijoux.com\/wp-content\/uploads\/2024\/04\/Ma-bonne-etoile-rouge-et-transparent-237x300.webp 237w, https:\/\/art-bijoux.com\/wp-content\/uploads\/2024\/04\/Ma-bonne-etoile-rouge-et-transparent-600x760.webp 600w, https:\/\/art-bijoux.com\/wp-content\/uploads\/2024\/04\/Ma-bonne-etoile-rouge-et-transparent-809x1024.webp 809w, https:\/\/art-bijoux.com\/wp-content\/uploads\/2024\/04\/Ma-bonne-etoile-rouge-et-transparent-768x973.webp 768w, https:\/\/art-bijoux.com\/wp-content\/uploads\/2024\/04\/Ma-bonne-etoile-rouge-et-transparent-1213x1536.webp 1213w, https:\/\/art-bijoux.com\/wp-content\/uploads\/2024\/04\/Ma-bonne-etoile-rouge-et-transparent.webp 1516w\" sizes=\"(max-width: 237px) 100vw, 237px\" \/><figcaption id=\"caption-attachment-189\" class=\"wp-caption-text\">\u00c9toile rouge et beige<\/figcaption><\/figure>\n<p>Plongez dans l&#8217;\u00e9clat c\u00e9leste et le charme vintage avec notre pendentif en forme d&#8217;\u00e9toile, une pi\u00e8ce qui marie la sophistication des couleurs au caract\u00e8re unique du verre antique. Chaque bijou est une \u0153uvre d&#8217;art unique, m\u00e9ticuleusement con\u00e7ue et fabriqu\u00e9e \u00e0 la main, affirmant notre engagement envers la cr\u00e9ativit\u00e9 et la qualit\u00e9 artisanale.<\/p>\n<p>Ce pendentif \u00e9vocateur repr\u00e9sente une \u00e9toile \u00e0 5 branches, offrant des tons et des textures distinctes. Trois branches, dont la plus haute, sont r\u00e9alis\u00e9es en verre grenat, \u00e9voquant la richesse et la profondeur de la couleur. Les deux branches lat\u00e9rales sont en verre antique souffl\u00e9 \u00e0 la bouche, ce qui cr\u00e9e des bulles et une texture inimitable, ajoutant une touche de caract\u00e8re et de vintage \u00e0 l&#8217;ensemble.<\/p>\n<p><strong>Caract\u00e9ristiques :<\/strong><\/p>\n<ul>\n<li>Mat\u00e9riel : Verre grenat, verre antique souffl\u00e9 \u00e0 la bouche, cuivre, \u00e9tain<\/li>\n<li>Style : \u00c9toil\u00e9, vintage, pi\u00e8ce unique<\/li>\n<li>Dimensions : hauteur : 9,5 cm, largeur : 7,5 cm<\/li>\n<\/ul>\n<p>Faites une d\u00e9claration de style audacieuse avec ce pendentif remarquable, o\u00f9 l&#8217;\u00e9clat c\u00e9leste rencontre le charme vintage. Commandez d\u00e8s maintenant et laissez cette pi\u00e8ce distinctive ajouter une touche d&#8217;\u00e9l\u00e9gance et de caract\u00e8re \u00e0 votre collection de bijoux.<\/p>\n","protected":false},"excerpt":{"rendered":"<p>Une \u00e9toile rouge et beige \u00e0 5 branches<\/p>\n","protected":false},"featured_media":189,"comment_status":"open","ping_status":"closed","template":"","meta":[],"product_brand":[],"product_cat":[28],"product_tag":[26,27],"class_list":{"0":"post-386","1":"product","2":"type-product","3":"status-publish","4":"has-post-thumbnail","6":"product_cat-pendentif-tiffany","7":"product_tag-pendentif-verre","8":"product_tag-tiffany-verre","10":"first","11":"outofstock","12":"purchasable","13":"product-type-simple"},"_links":{"self":[{"href":"https:\/\/art-bijoux.com\/en\/wp-json\/wp\/v2\/product\/386","targetHints":{"allow":["GET"]}}],"collection":[{"href":"https:\/\/art-bijoux.com\/en\/wp-json\/wp\/v2\/product"}],"about":[{"href":"https:\/\/art-bijoux.com\/en\/wp-json\/wp\/v2\/types\/product"}],"replies":[{"embeddable":true,"href":"https:\/\/art-bijoux.com\/en\/wp-json\/wp\/v2\/comments?post=386"}],"version-history":[{"count":1,"href":"https:\/\/art-bijoux.com\/en\/wp-json\/wp\/v2\/product\/386\/revisions"}],"predecessor-version":[{"id":6351,"href":"https:\/\/art-bijoux.com\/en\/wp-json\/wp\/v2\/product\/386\/revisions\/6351"}],"wp:featuredmedia":[{"embeddable":true,"href":"https:\/\/art-bijoux.com\/en\/wp-json\/wp\/v2\/media\/189"}],"wp:attachment":[{"href":"https:\/\/art-bijoux.com\/en\/wp-json\/wp\/v2\/media?parent=386"}],"wp:term":[{"taxonomy":"product_brand","embeddable":true,"href":"https:\/\/art-bijoux.com\/en\/wp-json\/wp\/v2\/product_brand?post=386"},{"taxonomy":"product_cat","embeddable":true,"href":"https:\/\/art-bijoux.com\/en\/wp-json\/wp\/v2\/product_cat?post=386"},{"taxonomy":"product_tag","embeddable":true,"href":"https:\/\/art-bijoux.com\/en\/wp-json\/wp\/v2\/product_tag?post=386"}],"curies":[{"name":"wp","href":"https:\/\/api.w.org\/{rel}","templated":true}]}}