{"id":388,"date":"2024-04-30T19:39:08","date_gmt":"2024-04-30T17:39:08","guid":{"rendered":"https:\/\/art-bijoux.com\/?post_type=product&#038;p=388"},"modified":"2025-06-26T16:04:25","modified_gmt":"2025-06-26T14:04:25","slug":"pendentif-verre-mauve","status":"publish","type":"product","link":"https:\/\/art-bijoux.com\/en\/boutique\/pendentif-verre-mauve\/","title":{"rendered":"Trois P\u00e9tales &#8211; Pendentif P\u00e9tales en Verre Colorescent Rose et Violet &#8211; \u00c9l\u00e9gance Florale et Harmonie Color\u00e9e"},"content":{"rendered":"<figure id=\"attachment_158\" aria-describedby=\"caption-attachment-158\" style=\"width: 210px\" class=\"wp-caption alignleft\"><img fetchpriority=\"high\" decoding=\"async\" class=\"size-medium wp-image-158\" src=\"https:\/\/art-bijoux.com\/wp-content\/uploads\/2024\/04\/3-ailes-tombantes-rouge-et-rose-210x300.webp\" alt=\"3 p\u00e9tales tombantes\" width=\"210\" height=\"300\" srcset=\"https:\/\/art-bijoux.com\/wp-content\/uploads\/2024\/04\/3-ailes-tombantes-rouge-et-rose-210x300.webp 210w, https:\/\/art-bijoux.com\/wp-content\/uploads\/2024\/04\/3-ailes-tombantes-rouge-et-rose-600x856.webp 600w, https:\/\/art-bijoux.com\/wp-content\/uploads\/2024\/04\/3-ailes-tombantes-rouge-et-rose-718x1024.webp 718w, https:\/\/art-bijoux.com\/wp-content\/uploads\/2024\/04\/3-ailes-tombantes-rouge-et-rose-768x1096.webp 768w, https:\/\/art-bijoux.com\/wp-content\/uploads\/2024\/04\/3-ailes-tombantes-rouge-et-rose-1077x1536.webp 1077w, https:\/\/art-bijoux.com\/wp-content\/uploads\/2024\/04\/3-ailes-tombantes-rouge-et-rose.webp 1346w\" sizes=\"(max-width: 210px) 100vw, 210px\" \/><figcaption id=\"caption-attachment-158\" class=\"wp-caption-text\">3 morceaux de verre rose et violet soud\u00e9es<\/figcaption><\/figure>\n<p>Pour ceux qui aiment les couleurs et les mati\u00e8res bien assorties ! Explorez l&#8217;\u00e9l\u00e9gance florale et l&#8217;harmonie des couleurs avec notre pendentif en verre, une pi\u00e8ce qui capture la d\u00e9licatesse des p\u00e9tales et la beaut\u00e9 de l&#8217;association des teintes. Chaque bijou est une \u0153uvre d&#8217;art unique, m\u00e9ticuleusement con\u00e7ue et fabriqu\u00e9e \u00e0 la main, affirmant notre engagement envers la cr\u00e9ativit\u00e9 et la qualit\u00e9 artisanale.<\/p>\n<p>Ce pendentif saisissant est compos\u00e9 de deux chutes de verre colorescent rose, d\u00e9licatement agenc\u00e9es autour d&#8217;une pi\u00e8ce violette, cr\u00e9ant ainsi l&#8217;image de trois p\u00e9tales qui retombent avec gr\u00e2ce vers le bas. L&#8217;insertion de la pi\u00e8ce violette ajoute une touche de profondeur et de contraste \u00e0 l&#8217;ensemble, cr\u00e9ant une harmonie visuelle captivante.<\/p>\n<p>Un large anneau dor\u00e9 solidement soud\u00e9 au sommet offre une finition \u00e9l\u00e9gante et pratique, tandis que la patine cuivr\u00e9e ajoute une touche de chaleur et de raffinement \u00e0 la pi\u00e8ce.<\/p>\n<p><strong>Caract\u00e9ristiques :<\/strong><\/p>\n<ul>\n<li>Mat\u00e9riel : Verre colorescent rose et violet, cuivre, \u00e9tain<\/li>\n<li>Style : Floral, harmonieux, pi\u00e8ce unique<\/li>\n<li>Dimensions : 6,5 cm, largeur : 4 cm<\/li>\n<\/ul>\n<p>Faites une d\u00e9claration de style distinctive avec ce pendentif remarquable, o\u00f9 l&#8217;\u00e9l\u00e9gance florale rencontre l&#8217;harmonie des couleurs. Commandez d\u00e8s maintenant et laissez cette pi\u00e8ce distinctive ajouter une touche d&#8217;\u00e9l\u00e9gance et de raffinement \u00e0 votre collection de bijoux.<\/p>\n","protected":false},"excerpt":{"rendered":"<p>Pendentif de forme g\u00e9om\u00e9trique repr\u00e9sentant 2 ailes roses encadrant une violette, en verre r\u00e9cup\u00e9r\u00e9 parmi les chutes d&#8217;un grand vitrail.<\/p>\n","protected":false},"featured_media":158,"comment_status":"open","ping_status":"closed","template":"","meta":[],"product_brand":[],"product_cat":[28],"product_tag":[36,26,27],"class_list":{"0":"post-388","1":"product","2":"type-product","3":"status-publish","4":"has-post-thumbnail","6":"product_cat-pendentif-tiffany","7":"product_tag-verre-abstrait","8":"product_tag-pendentif-verre","9":"product_tag-tiffany-verre","10":"pa_bijou-pendentif","12":"first","13":"outofstock","14":"purchasable","15":"product-type-simple"},"_links":{"self":[{"href":"https:\/\/art-bijoux.com\/en\/wp-json\/wp\/v2\/product\/388","targetHints":{"allow":["GET"]}}],"collection":[{"href":"https:\/\/art-bijoux.com\/en\/wp-json\/wp\/v2\/product"}],"about":[{"href":"https:\/\/art-bijoux.com\/en\/wp-json\/wp\/v2\/types\/product"}],"replies":[{"embeddable":true,"href":"https:\/\/art-bijoux.com\/en\/wp-json\/wp\/v2\/comments?post=388"}],"version-history":[{"count":1,"href":"https:\/\/art-bijoux.com\/en\/wp-json\/wp\/v2\/product\/388\/revisions"}],"predecessor-version":[{"id":4972,"href":"https:\/\/art-bijoux.com\/en\/wp-json\/wp\/v2\/product\/388\/revisions\/4972"}],"wp:featuredmedia":[{"embeddable":true,"href":"https:\/\/art-bijoux.com\/en\/wp-json\/wp\/v2\/media\/158"}],"wp:attachment":[{"href":"https:\/\/art-bijoux.com\/en\/wp-json\/wp\/v2\/media?parent=388"}],"wp:term":[{"taxonomy":"product_brand","embeddable":true,"href":"https:\/\/art-bijoux.com\/en\/wp-json\/wp\/v2\/product_brand?post=388"},{"taxonomy":"product_cat","embeddable":true,"href":"https:\/\/art-bijoux.com\/en\/wp-json\/wp\/v2\/product_cat?post=388"},{"taxonomy":"product_tag","embeddable":true,"href":"https:\/\/art-bijoux.com\/en\/wp-json\/wp\/v2\/product_tag?post=388"}],"curies":[{"name":"wp","href":"https:\/\/api.w.org\/{rel}","templated":true}]}}