{"id":390,"date":"2024-04-30T19:58:17","date_gmt":"2024-04-30T17:58:17","guid":{"rendered":"https:\/\/art-bijoux.com\/?post_type=product&#038;p=390"},"modified":"2025-04-08T13:14:10","modified_gmt":"2025-04-08T11:14:10","slug":"deux-triangles-oranges-pendentif-petits-triangles-en-verre-orange-intense-et-beige-colorescent-elegance-geometrique-et-douceur-des-teintes","status":"publish","type":"product","link":"https:\/\/art-bijoux.com\/en\/boutique\/deux-triangles-oranges-pendentif-petits-triangles-en-verre-orange-intense-et-beige-colorescent-elegance-geometrique-et-douceur-des-teintes\/","title":{"rendered":"Deux Triangles Oranges &#8211; Pendentif Petits Triangles en Verre Orange Intense et Beige Colorescent &#8211; \u00c9l\u00e9gance G\u00e9om\u00e9trique et Douceur des Teintes"},"content":{"rendered":"<figure id=\"attachment_153\" aria-describedby=\"caption-attachment-153\" style=\"width: 250px\" class=\"wp-caption alignnone\"><img fetchpriority=\"high\" decoding=\"async\" class=\"size-medium wp-image-153\" src=\"https:\/\/art-bijoux.com\/wp-content\/uploads\/2024\/04\/2-petites-pieces-orangees-250x300.webp\" alt=\"Deux petits triangles orange\" width=\"250\" height=\"300\" srcset=\"https:\/\/art-bijoux.com\/wp-content\/uploads\/2024\/04\/2-petites-pieces-orangees-250x300.webp 250w, https:\/\/art-bijoux.com\/wp-content\/uploads\/2024\/04\/2-petites-pieces-orangees-600x719.webp 600w, https:\/\/art-bijoux.com\/wp-content\/uploads\/2024\/04\/2-petites-pieces-orangees-855x1024.webp 855w, https:\/\/art-bijoux.com\/wp-content\/uploads\/2024\/04\/2-petites-pieces-orangees-768x920.webp 768w, https:\/\/art-bijoux.com\/wp-content\/uploads\/2024\/04\/2-petites-pieces-orangees-1282x1536.webp 1282w, https:\/\/art-bijoux.com\/wp-content\/uploads\/2024\/04\/2-petites-pieces-orangees.webp 1603w\" sizes=\"(max-width: 250px) 100vw, 250px\" \/><figcaption id=\"caption-attachment-153\" class=\"wp-caption-text\">Deux petits triangles beige et orange<\/figcaption><\/figure>\n<p>Plongez dans l&#8217;\u00e9l\u00e9gance g\u00e9om\u00e9trique et la douceur des teintes avec notre pendentif en verre, une pi\u00e8ce qui marie la simplicit\u00e9 des formes \u00e0 la richesse des couleurs. Chaque bijou est une \u0153uvre d&#8217;art unique, m\u00e9ticuleusement con\u00e7ue et fabriqu\u00e9e \u00e0 la main, affirmant notre engagement envers la cr\u00e9ativit\u00e9 et la qualit\u00e9 artisanale.<\/p>\n<p>Ce pendentif captivant se compose de deux petits triangles aux bords l\u00e9g\u00e8rement arrondis, offrant une esth\u00e9tique \u00e0 la fois moderne et d\u00e9licate. Le premier triangle, d&#8217;un orange intense, \u00e9voque la chaleur et la vitalit\u00e9, tandis que le deuxi\u00e8me triangle, d&#8217;un beige colorescent, offre une douceur subtile et apaisante.<\/p>\n<p>Un anneau dor\u00e9 solidement soud\u00e9 au sommet offre une finition \u00e9l\u00e9gante et pratique, permettant de passer une cha\u00eene ou un lacet selon vos pr\u00e9f\u00e9rences.<\/p>\n<p><strong>Caract\u00e9ristiques :<\/strong><\/p>\n<ul>\n<li>Mat\u00e9riel : Verre orange intense, verre beige colorescent, cuivre, \u00e9tain<\/li>\n<li>Style : G\u00e9om\u00e9trique, doux, pi\u00e8ce unique<\/li>\n<li>Dimensions : largeur : hauteur : 4,2 cm, largeur : 3,1 cm,<\/li>\n<\/ul>\n<p>Faites une d\u00e9claration de style remarquable avec ce pendentif distinctif, o\u00f9 l&#8217;\u00e9l\u00e9gance g\u00e9om\u00e9trique rencontre la douceur des teintes. Commandez d\u00e8s maintenant et laissez cette pi\u00e8ce distinctive ajouter une touche d&#8217;\u00e9l\u00e9gance et de sophistication \u00e0 votre collection de bijoux.<\/p>\n","protected":false},"excerpt":{"rendered":"<p>Deux petits triangles, un beige et un orange<\/p>\n","protected":false},"featured_media":153,"comment_status":"open","ping_status":"closed","template":"","meta":[],"product_brand":[],"product_cat":[28],"product_tag":[36,26,27],"class_list":{"0":"post-390","1":"product","2":"type-product","3":"status-publish","4":"has-post-thumbnail","6":"product_cat-pendentif-tiffany","7":"product_tag-verre-abstrait","8":"product_tag-pendentif-verre","9":"product_tag-tiffany-verre","10":"pa_bijou-pendentif","12":"first","13":"instock","14":"purchasable","15":"product-type-simple"},"_links":{"self":[{"href":"https:\/\/art-bijoux.com\/en\/wp-json\/wp\/v2\/product\/390","targetHints":{"allow":["GET"]}}],"collection":[{"href":"https:\/\/art-bijoux.com\/en\/wp-json\/wp\/v2\/product"}],"about":[{"href":"https:\/\/art-bijoux.com\/en\/wp-json\/wp\/v2\/types\/product"}],"replies":[{"embeddable":true,"href":"https:\/\/art-bijoux.com\/en\/wp-json\/wp\/v2\/comments?post=390"}],"version-history":[{"count":0,"href":"https:\/\/art-bijoux.com\/en\/wp-json\/wp\/v2\/product\/390\/revisions"}],"wp:featuredmedia":[{"embeddable":true,"href":"https:\/\/art-bijoux.com\/en\/wp-json\/wp\/v2\/media\/153"}],"wp:attachment":[{"href":"https:\/\/art-bijoux.com\/en\/wp-json\/wp\/v2\/media?parent=390"}],"wp:term":[{"taxonomy":"product_brand","embeddable":true,"href":"https:\/\/art-bijoux.com\/en\/wp-json\/wp\/v2\/product_brand?post=390"},{"taxonomy":"product_cat","embeddable":true,"href":"https:\/\/art-bijoux.com\/en\/wp-json\/wp\/v2\/product_cat?post=390"},{"taxonomy":"product_tag","embeddable":true,"href":"https:\/\/art-bijoux.com\/en\/wp-json\/wp\/v2\/product_tag?post=390"}],"curies":[{"name":"wp","href":"https:\/\/api.w.org\/{rel}","templated":true}]}}