{"id":395,"date":"2024-05-01T09:41:11","date_gmt":"2024-05-01T07:41:11","guid":{"rendered":"https:\/\/art-bijoux.com\/?post_type=product&#038;p=395"},"modified":"2025-01-22T10:46:03","modified_gmt":"2025-01-22T09:46:03","slug":"degrade-de-roses-pendentif-triangles-abstrait-en-verre-colorescent-violet-et-rose-elegance-florale-et-abstraction-artistique","status":"publish","type":"product","link":"https:\/\/art-bijoux.com\/en\/boutique\/degrade-de-roses-pendentif-triangles-abstrait-en-verre-colorescent-violet-et-rose-elegance-florale-et-abstraction-artistique\/","title":{"rendered":"D\u00e9grad\u00e9 de roses &#8211; Pendentif Triangles Abstrait en Verre Colorescent Violet et Rose &#8211; \u00c9l\u00e9gance Florale et Abstraction Artistique"},"content":{"rendered":"<figure id=\"attachment_155\" aria-describedby=\"caption-attachment-155\" style=\"width: 254px\" class=\"wp-caption alignnone\"><img fetchpriority=\"high\" decoding=\"async\" class=\"size-medium wp-image-155\" src=\"https:\/\/art-bijoux.com\/wp-content\/uploads\/2024\/04\/3-ailes-grenat-rose-254x300.webp\" alt=\"3 triangle arrondis dans les tons rose\" width=\"254\" height=\"300\" srcset=\"https:\/\/art-bijoux.com\/wp-content\/uploads\/2024\/04\/3-ailes-grenat-rose-254x300.webp 254w, https:\/\/art-bijoux.com\/wp-content\/uploads\/2024\/04\/3-ailes-grenat-rose-600x708.webp 600w, https:\/\/art-bijoux.com\/wp-content\/uploads\/2024\/04\/3-ailes-grenat-rose-868x1024.webp 868w, https:\/\/art-bijoux.com\/wp-content\/uploads\/2024\/04\/3-ailes-grenat-rose-768x906.webp 768w, https:\/\/art-bijoux.com\/wp-content\/uploads\/2024\/04\/3-ailes-grenat-rose-1302x1536.webp 1302w, https:\/\/art-bijoux.com\/wp-content\/uploads\/2024\/04\/3-ailes-grenat-rose.webp 1627w\" sizes=\"(max-width: 254px) 100vw, 254px\" \/><figcaption id=\"caption-attachment-155\" class=\"wp-caption-text\">Trois p\u00e9tales rose et violettes retombent<\/figcaption><\/figure>\n<p>Explorez l&#8217;\u00e9l\u00e9gance florale et l&#8217;abstraction artistique avec notre pendentif en verre, une pi\u00e8ce qui marie la beaut\u00e9 des formes \u00e0 l&#8217;harmonie des couleurs. Chaque bijou est une \u0153uvre d&#8217;art unique, m\u00e9ticuleusement con\u00e7ue et fabriqu\u00e9e \u00e0 la main, affirmant notre engagement envers la cr\u00e9ativit\u00e9 et la qualit\u00e9 artisanale.<\/p>\n<p>Ce pendentif captivant pr\u00e9sente une esth\u00e9tique abstraite, compos\u00e9e de trois pi\u00e8ces en verre colorescent de forme triangulaire. Deux pi\u00e8ces violettes encadrent une pi\u00e8ce rose, \u00e9voquant ainsi l&#8217;image de p\u00e9tales de fleurs dirig\u00e9s vers le bas. La disposition d\u00e9cal\u00e9e des triangles cr\u00e9e une dynamique visuelle captivante, tandis que les teintes riches ajoutent une profondeur et une intensit\u00e9 \u00e0 l&#8217;ensemble.<\/p>\n<p>Une patine grise, effet ancien, ajoute une touche de caract\u00e8re et de sophistication \u00e0 la pi\u00e8ce, tandis qu&#8217;un large anneau argent\u00e9 solidement soud\u00e9 au sommet offre une finition \u00e9l\u00e9gante et pratique.<\/p>\n<p><strong>Caract\u00e9ristiques :<\/strong><\/p>\n<ul>\n<li>Mat\u00e9riel : Verre colorescent violet et rose, cuivre, \u00e9tain<\/li>\n<li>Style : Abstrait, floral, pi\u00e8ce unique<\/li>\n<li>Dimensions : [Ins\u00e9rez les dimensions ici]<\/li>\n<\/ul>\n<p>Faites une d\u00e9claration de style audacieuse avec ce pendentif distinctif, o\u00f9 l&#8217;\u00e9l\u00e9gance florale rencontre l&#8217;abstraction artistique. Commandez d\u00e8s maintenant et laissez cette pi\u00e8ce remarquable ajouter une touche de cr\u00e9ativit\u00e9 et de sophistication \u00e0 votre collection de bijoux.<\/p>\n","protected":false},"excerpt":{"rendered":"<p>Trois p\u00e9tales rose et violettes retombent<\/p>\n","protected":false},"featured_media":155,"comment_status":"open","ping_status":"closed","template":"","meta":[],"product_brand":[],"product_cat":[28],"product_tag":[36,26,27],"class_list":{"0":"post-395","1":"product","2":"type-product","3":"status-publish","4":"has-post-thumbnail","6":"product_cat-pendentif-tiffany","7":"product_tag-verre-abstrait","8":"product_tag-pendentif-verre","9":"product_tag-tiffany-verre","11":"first","12":"outofstock","13":"purchasable","14":"product-type-simple"},"_links":{"self":[{"href":"https:\/\/art-bijoux.com\/en\/wp-json\/wp\/v2\/product\/395","targetHints":{"allow":["GET"]}}],"collection":[{"href":"https:\/\/art-bijoux.com\/en\/wp-json\/wp\/v2\/product"}],"about":[{"href":"https:\/\/art-bijoux.com\/en\/wp-json\/wp\/v2\/types\/product"}],"replies":[{"embeddable":true,"href":"https:\/\/art-bijoux.com\/en\/wp-json\/wp\/v2\/comments?post=395"}],"version-history":[{"count":0,"href":"https:\/\/art-bijoux.com\/en\/wp-json\/wp\/v2\/product\/395\/revisions"}],"wp:featuredmedia":[{"embeddable":true,"href":"https:\/\/art-bijoux.com\/en\/wp-json\/wp\/v2\/media\/155"}],"wp:attachment":[{"href":"https:\/\/art-bijoux.com\/en\/wp-json\/wp\/v2\/media?parent=395"}],"wp:term":[{"taxonomy":"product_brand","embeddable":true,"href":"https:\/\/art-bijoux.com\/en\/wp-json\/wp\/v2\/product_brand?post=395"},{"taxonomy":"product_cat","embeddable":true,"href":"https:\/\/art-bijoux.com\/en\/wp-json\/wp\/v2\/product_cat?post=395"},{"taxonomy":"product_tag","embeddable":true,"href":"https:\/\/art-bijoux.com\/en\/wp-json\/wp\/v2\/product_tag?post=395"}],"curies":[{"name":"wp","href":"https:\/\/api.w.org\/{rel}","templated":true}]}}