{"id":396,"date":"2024-05-01T09:48:03","date_gmt":"2024-05-01T07:48:03","guid":{"rendered":"https:\/\/art-bijoux.com\/?post_type=product&#038;p=396"},"modified":"2024-05-01T09:48:03","modified_gmt":"2024-05-01T07:48:03","slug":"symphonie-orangee-pendentif-triangles-abstrait-en-verre-colorescent-beige-et-orange-elegance-moderne-et-contraste-subtil","status":"publish","type":"product","link":"https:\/\/art-bijoux.com\/en\/boutique\/symphonie-orangee-pendentif-triangles-abstrait-en-verre-colorescent-beige-et-orange-elegance-moderne-et-contraste-subtil\/","title":{"rendered":"Symphonie orang\u00e9e &#8211; Pendentif Triangles Abstrait en Verre Colorescent Beige et Orange &#8211; \u00c9l\u00e9gance Moderne et Contraste Subtil"},"content":{"rendered":"<figure id=\"attachment_7\" aria-describedby=\"caption-attachment-7\" style=\"width: 206px\" class=\"wp-caption alignnone\"><img fetchpriority=\"high\" decoding=\"async\" class=\"size-medium wp-image-7\" src=\"https:\/\/art-bijoux.com\/wp-content\/uploads\/2024\/02\/ecru-orange-briques-206x300.webp\" alt=\"un bijoux Tiffany compos\u00e9 de 3 triangles beiges et orange photographi\u00e9 sur des briques\" width=\"206\" height=\"300\" srcset=\"https:\/\/art-bijoux.com\/wp-content\/uploads\/2024\/02\/ecru-orange-briques-206x300.webp 206w, https:\/\/art-bijoux.com\/wp-content\/uploads\/2024\/02\/ecru-orange-briques-600x875.webp 600w, https:\/\/art-bijoux.com\/wp-content\/uploads\/2024\/02\/ecru-orange-briques-702x1024.webp 702w, https:\/\/art-bijoux.com\/wp-content\/uploads\/2024\/02\/ecru-orange-briques-768x1120.webp 768w, https:\/\/art-bijoux.com\/wp-content\/uploads\/2024\/02\/ecru-orange-briques-1054x1536.webp 1054w, https:\/\/art-bijoux.com\/wp-content\/uploads\/2024\/02\/ecru-orange-briques.webp 1317w\" sizes=\"(max-width: 206px) 100vw, 206px\" \/><figcaption id=\"caption-attachment-7\" class=\"wp-caption-text\">3 triangles beige et orange<\/figcaption><\/figure>\n<p>D\u00e9couvrez l&#8217;\u00e9l\u00e9gance moderne et le contraste subtil avec notre pendentif en verre, une pi\u00e8ce qui \u00e9voque l&#8217;harmonie dans la diversit\u00e9. Chaque bijou est une \u0153uvre d&#8217;art unique, m\u00e9ticuleusement con\u00e7ue et fabriqu\u00e9e \u00e0 la main, affirmant notre engagement envers la cr\u00e9ativit\u00e9 et la qualit\u00e9 artisanale.<\/p>\n<p>Ce pendentif captivant, mon pr\u00e9f\u00e9r\u00e9, se compose de deux triangles en verre colorescent beige, encadrant avec l\u00e9g\u00e8ret\u00e9 un triangle en verre cath\u00e9drale orange. Cette composition abstraite offre un jeu de formes et de couleurs qui s\u00e9duit par sa simplicit\u00e9 et son \u00e9l\u00e9gance intemporelle. Les teintes douces du beige contrastent harmonieusement avec la chaleur vibrante de l&#8217;orange, cr\u00e9ant ainsi un effet visuel saisissant.<\/p>\n<p>Une patine couleur de l&#8217;\u00e9tain ajoute une touche de sophistication et de caract\u00e8re \u00e0 la pi\u00e8ce, tandis qu&#8217;un anneau argent\u00e9 solidement soud\u00e9 au sommet offre une finition pratique et \u00e9l\u00e9gante.<\/p>\n<p><strong>Caract\u00e9ristiques :<\/strong><\/p>\n<ul>\n<li>Mat\u00e9riel : Verre colorescent beige, verre cath\u00e9drale orange, m\u00e9tal argent\u00e9, cuivre, \u00e9tain<\/li>\n<li>Style : Abstrait, moderne, pi\u00e8ce unique<\/li>\n<li>Dimensions : hauteur : 6,2, largeur : 5,1<\/li>\n<\/ul>\n<p>Faites une d\u00e9claration de style remarquable avec ce pendentif distinctif, o\u00f9 l&#8217;\u00e9l\u00e9gance moderne rencontre le contraste subtil. Commandez d\u00e8s maintenant et laissez cette pi\u00e8ce exceptionnelle ajouter une touche de sophistication et d&#8217;originalit\u00e9 \u00e0 votre collection de bijoux.<\/p>\n<p>&nbsp;<\/p>\n","protected":false},"excerpt":{"rendered":"<p>3 triangles, 2 beiges et un orange au milieu<\/p>\n","protected":false},"featured_media":175,"comment_status":"open","ping_status":"closed","template":"","meta":[],"product_brand":[],"product_cat":[28],"product_tag":[36,26,27],"class_list":{"0":"post-396","1":"product","2":"type-product","3":"status-publish","4":"has-post-thumbnail","6":"product_cat-pendentif-tiffany","7":"product_tag-verre-abstrait","8":"product_tag-pendentif-verre","9":"product_tag-tiffany-verre","11":"first","12":"instock","13":"purchasable","14":"product-type-simple"},"_links":{"self":[{"href":"https:\/\/art-bijoux.com\/en\/wp-json\/wp\/v2\/product\/396","targetHints":{"allow":["GET"]}}],"collection":[{"href":"https:\/\/art-bijoux.com\/en\/wp-json\/wp\/v2\/product"}],"about":[{"href":"https:\/\/art-bijoux.com\/en\/wp-json\/wp\/v2\/types\/product"}],"replies":[{"embeddable":true,"href":"https:\/\/art-bijoux.com\/en\/wp-json\/wp\/v2\/comments?post=396"}],"version-history":[{"count":0,"href":"https:\/\/art-bijoux.com\/en\/wp-json\/wp\/v2\/product\/396\/revisions"}],"wp:featuredmedia":[{"embeddable":true,"href":"https:\/\/art-bijoux.com\/en\/wp-json\/wp\/v2\/media\/175"}],"wp:attachment":[{"href":"https:\/\/art-bijoux.com\/en\/wp-json\/wp\/v2\/media?parent=396"}],"wp:term":[{"taxonomy":"product_brand","embeddable":true,"href":"https:\/\/art-bijoux.com\/en\/wp-json\/wp\/v2\/product_brand?post=396"},{"taxonomy":"product_cat","embeddable":true,"href":"https:\/\/art-bijoux.com\/en\/wp-json\/wp\/v2\/product_cat?post=396"},{"taxonomy":"product_tag","embeddable":true,"href":"https:\/\/art-bijoux.com\/en\/wp-json\/wp\/v2\/product_tag?post=396"}],"curies":[{"name":"wp","href":"https:\/\/api.w.org\/{rel}","templated":true}]}}