{"id":4137,"date":"2025-01-01T11:13:20","date_gmt":"2025-01-01T10:13:20","guid":{"rendered":"https:\/\/art-bijoux.com\/?post_type=product&#038;p=4137"},"modified":"2025-04-17T11:59:04","modified_gmt":"2025-04-17T09:59:04","slug":"4137-carte-postale-eglise","status":"publish","type":"product","link":"https:\/\/art-bijoux.com\/en\/boutique\/4137-carte-postale-eglise\/","title":{"rendered":"Village avec \u00e9glise et toits d&#8217;ardoise &#8211; carte postale peinte sur soie"},"content":{"rendered":"<figure id=\"attachment_4135\" aria-describedby=\"caption-attachment-4135\" style=\"width: 195px\" class=\"wp-caption alignleft\"><img fetchpriority=\"high\" decoding=\"async\" class=\"size-medium wp-image-4135\" src=\"https:\/\/art-bijoux.com\/wp-content\/uploads\/2025\/01\/Carte-eglise-ardoises-vertical-1-195x300.jpg\" alt=\"Une \u00e9glise au toit d'ardoises grises dans un bourg\" width=\"195\" height=\"300\" srcset=\"https:\/\/art-bijoux.com\/wp-content\/uploads\/2025\/01\/Carte-eglise-ardoises-vertical-1-195x300.jpg 195w, https:\/\/art-bijoux.com\/wp-content\/uploads\/2025\/01\/Carte-eglise-ardoises-vertical-1-665x1024.jpg 665w, https:\/\/art-bijoux.com\/wp-content\/uploads\/2025\/01\/Carte-eglise-ardoises-vertical-1-768x1183.jpg 768w, https:\/\/art-bijoux.com\/wp-content\/uploads\/2025\/01\/Carte-eglise-ardoises-vertical-1-600x924.jpg 600w, https:\/\/art-bijoux.com\/wp-content\/uploads\/2025\/01\/Carte-eglise-ardoises-vertical-1.jpg 974w\" sizes=\"(max-width: 195px) 100vw, 195px\" \/><figcaption id=\"caption-attachment-4135\" class=\"wp-caption-text\">Une \u00e9glise au toit d&#8217;ardoises grises dans un bourg<\/figcaption><\/figure>\n<p>A envoyer avec un message sinc\u00e8re, \u00e0 collectionner, \u00e0 exposer dans un sous-verre, Cette carte postale est une v\u00e9ritable pi\u00e8ce d\u2019art, compos\u00e9e selon les r\u00e8gles traditionnelles des paysages, peinte sur de la soie naturelle r\u00e9cup\u00e9r\u00e9e parmi les chutes d\u2019un grand foulard, offrant une seconde vie \u00e0 ce mat\u00e9riau noble. Elle d\u00e9peint une sc\u00e8ne typique d\u2019un paysage fran\u00e7ais traditionnel : un centre bourg tass\u00e9 autour de ses maisons surmont\u00e9es de chemin\u00e9es, quelques arbres parsem\u00e9s de feuilles rousses, et une \u00e9glise en arri\u00e8re-plan qui domine le paysage de son clocher.<\/p>\n<p>Le ciel, dans des nuances de bleu et de gris plomb, donne reflets dor\u00e9s subtils sur les toits, ajoutant une touche chaleureuse et lumineuse \u00e0 l\u2019ensemble. La soie peinte est mont\u00e9e sur un carton bleu fonc\u00e9 qui encadre la sc\u00e8ne dans une fen\u00eatre, cr\u00e9ant une pr\u00e9sentation \u00e9l\u00e9gante et raffin\u00e9e. Cette carte est id\u00e9ale pour les amateurs d\u2019art et de patrimoine fran\u00e7ais.<\/p>\n<h3>Caract\u00e9ristiques de la carte postale :<\/h3>\n<ul>\n<li><strong>Mat\u00e9riau principal<\/strong> : Soie naturelle r\u00e9cup\u00e9r\u00e9e, peinte \u00e0 la main \u00e0 l&#8217;encre et \u00e9tuv\u00e9 \u00e0 la vapeur<\/li>\n<li><strong>Motif<\/strong> : Paysage fran\u00e7ais traditionnel avec centre bourg, maisons, chemin\u00e9es, arbres aux feuilles rousses, et \u00e9glise avec clocher<\/li>\n<li><strong>Arri\u00e8re-plan<\/strong> : Ciel bleu et gris avec des reflets dor\u00e9s<\/li>\n<li><strong>Montage<\/strong> : Carton bleu fonc\u00e9 avec une fen\u00eatre encadrant la sc\u00e8ne<\/li>\n<li><strong>Style<\/strong> : \u00c9l\u00e9gance artisanale et charme du patrimoine rural<\/li>\n<\/ul>\n<p>Cette description met en avant le charme artisanal et l\u2019histoire unique de cette carte postale.<\/p>\n","protected":false},"excerpt":{"rendered":"<p>Carte postale en soie naturelle r\u00e9cup\u00e9r\u00e9e. Elle repr\u00e9sente un bourg typiquement fran\u00e7ais avec ses maisons regroup\u00e9es autour de l&#8217;\u00e9glise au toits d&#8217;ardoises.<\/p>\n","protected":false},"featured_media":4135,"comment_status":"open","ping_status":"closed","template":"","meta":[],"product_brand":[],"product_cat":[179],"product_tag":[34,43],"class_list":{"0":"post-4137","1":"product","2":"type-product","3":"status-publish","4":"has-post-thumbnail","6":"product_cat-carte-soie-paysage","7":"product_tag-spiritualite-croix-anges","8":"product_tag-twill-soie","9":"pa_carte-postale-soie-paysage","11":"first","12":"instock","13":"purchasable","14":"product-type-simple"},"_links":{"self":[{"href":"https:\/\/art-bijoux.com\/en\/wp-json\/wp\/v2\/product\/4137","targetHints":{"allow":["GET"]}}],"collection":[{"href":"https:\/\/art-bijoux.com\/en\/wp-json\/wp\/v2\/product"}],"about":[{"href":"https:\/\/art-bijoux.com\/en\/wp-json\/wp\/v2\/types\/product"}],"replies":[{"embeddable":true,"href":"https:\/\/art-bijoux.com\/en\/wp-json\/wp\/v2\/comments?post=4137"}],"version-history":[{"count":0,"href":"https:\/\/art-bijoux.com\/en\/wp-json\/wp\/v2\/product\/4137\/revisions"}],"wp:featuredmedia":[{"embeddable":true,"href":"https:\/\/art-bijoux.com\/en\/wp-json\/wp\/v2\/media\/4135"}],"wp:attachment":[{"href":"https:\/\/art-bijoux.com\/en\/wp-json\/wp\/v2\/media?parent=4137"}],"wp:term":[{"taxonomy":"product_brand","embeddable":true,"href":"https:\/\/art-bijoux.com\/en\/wp-json\/wp\/v2\/product_brand?post=4137"},{"taxonomy":"product_cat","embeddable":true,"href":"https:\/\/art-bijoux.com\/en\/wp-json\/wp\/v2\/product_cat?post=4137"},{"taxonomy":"product_tag","embeddable":true,"href":"https:\/\/art-bijoux.com\/en\/wp-json\/wp\/v2\/product_tag?post=4137"}],"curies":[{"name":"wp","href":"https:\/\/api.w.org\/{rel}","templated":true}]}}